{"id":799,"date":"2019-02-08T00:07:30","date_gmt":"2019-02-08T00:07:30","guid":{"rendered":"https:\/\/balmec.com\/contact\/"},"modified":"2020-07-13T08:50:02","modified_gmt":"2020-07-13T08:50:02","slug":"contact","status":"publish","type":"page","link":"https:\/\/balmec.com\/ru\/contact\/","title":{"rendered":"\u041a\u043e\u043d\u0442\u0430\u043a\u0442\u044b"},"content":{"rendered":"","protected":false},"excerpt":{"rendered":"","protected":false},"author":1,"featured_media":0,"parent":0,"menu_order":0,"comment_status":"closed","ping_status":"closed","template":"template-contact.php","meta":{"_acf_changed":false,"footnotes":""},"class_list":["post-799","page","type-page","status-publish","hentry"],"acf":{"contact_name":"Firstname Lastname","contact_title":"Production Manager","contact_email":"firstname.lastname@balmec.com","contact_phone":"+372 518 5647","location_map":{"address":"T\u00f6\u00f6stuse 12, Tootsi, P\u00e4rnu County, Estonia","lat":"58.5886108","lng":"24.78585720000001"},"contact_people":[{"contact_name":"Janno Kuusk","contact_title":"\u041c\u0435\u0436\u0434\u0443\u043d\u0430\u0440\u043e\u0434\u043d\u044b\u0435 \u043f\u0440\u043e\u0434\u0430\u0436\u0438","contact_email":"sales@balmec.com","contact_phone":"+372 518 5647"},{"contact_name":"Siim Soom\u00e4gi","contact_title":"\u041c\u0435\u043d\u0435\u0434\u0436\u0435\u0440 \u043f\u043e \u043f\u0440\u043e\u0438\u0437\u0432\u043e\u0434\u0441\u0442\u0432\u0443","contact_email":"siim.soomagi@balmec.com","contact_phone":""}]},"_links":{"self":[{"href":"https:\/\/balmec.com\/ru\/wp-json\/wp\/v2\/pages\/799","targetHints":{"allow":["GET"]}}],"collection":[{"href":"https:\/\/balmec.com\/ru\/wp-json\/wp\/v2\/pages"}],"about":[{"href":"https:\/\/balmec.com\/ru\/wp-json\/wp\/v2\/types\/page"}],"author":[{"embeddable":true,"href":"https:\/\/balmec.com\/ru\/wp-json\/wp\/v2\/users\/1"}],"replies":[{"embeddable":true,"href":"https:\/\/balmec.com\/ru\/wp-json\/wp\/v2\/comments?post=799"}],"version-history":[{"count":1,"href":"https:\/\/balmec.com\/ru\/wp-json\/wp\/v2\/pages\/799\/revisions"}],"predecessor-version":[{"id":800,"href":"https:\/\/balmec.com\/ru\/wp-json\/wp\/v2\/pages\/799\/revisions\/800"}],"wp:attachment":[{"href":"https:\/\/balmec.com\/ru\/wp-json\/wp\/v2\/media?parent=799"}],"curies":[{"name":"wp","href":"https:\/\/api.w.org\/{rel}","templated":true}]}}