{"id":701,"date":"2019-02-20T13:34:47","date_gmt":"2019-02-20T13:34:47","guid":{"rendered":"https:\/\/balmec.com\/about\/"},"modified":"2020-04-24T08:36:31","modified_gmt":"2020-04-24T08:36:31","slug":"o-nas","status":"publish","type":"page","link":"https:\/\/balmec.com\/pl\/o-nas\/","title":{"rendered":"O nas"},"content":{"rendered":"\n<h3 class=\"wp-block-heading\">Balmec jest producentem rolek podaj\u0105cych do harvester\u00f3w, no\u017cy do okrzesywania, ramion rolek, cy-lindr\u00f3w hydraulicznych, listew z\u0119batych, k\u00f3\u0142 pomiarowych i wielu innych cz\u0119\u015bci zamiennych<\/h3>\n\n\n\n<p>Oferujemy r\u00f3\u017cne rozwi\u0105zania dla wszystkich najpopularniejszych typ\u00f3w g\u0142owic do harwester\u00f3w na \u015bwiecie (John Deere, Ponsse, Komatsu, Waratah, Rottne, SP, Log Max, Kesla itp.).<\/p>\n\n\n\n<p>U\u017cywamy tylko stali wysokiej jako\u015bci, aby nasze cz\u0119\u015bci zamienne dzia\u0142a\u0142y d\u0142u\u017cej i zwi\u0119ksza\u0142y wydajno\u015b\u0107 Twojej maszyny.<\/p>\n","protected":false},"excerpt":{"rendered":"<p>Balmec jest producentem rolek podaj\u0105cych do harvester\u00f3w, no\u017cy do okrzesywania, ramion rolek, cy-lindr\u00f3w hydraulicznych, listew z\u0119batych, k\u00f3\u0142 pomiarowych i wielu innych cz\u0119\u015bci zamiennych Oferujemy r\u00f3\u017cne rozwi\u0105zania dla wszystkich najpopularniejszych typ\u00f3w g\u0142owic do harwester\u00f3w na \u015bwiecie (John Deere, Ponsse, Komatsu, Waratah, Rottne, SP, Log Max, Kesla itp.). U\u017cywamy tylko stali wysokiej jako\u015bci, aby nasze cz\u0119\u015bci zamienne [&hellip;]<\/p>\n","protected":false},"author":1,"featured_media":0,"parent":0,"menu_order":0,"comment_status":"closed","ping_status":"closed","template":"template-about.php","meta":{"_acf_changed":false,"footnotes":""},"class_list":["post-701","page","type-page","status-publish","hentry"],"acf":{"secondary_intro":"Balmec produkuje r\u00f3wnie\u017c cz\u0119\u0107ci do g\u0142owic \u015bcinkowych na specjalne zam\u00f3wienie zgodnie z wymaganiami Klienta","timeline":[{"year":"2007","photo":{"ID":702,"id":702,"title":"pilt1","filename":"pilt1.jpg","filesize":342496,"url":"https:\/\/balmec.com\/wp-content\/uploads\/2019\/04\/pilt1.jpg","link":"https:\/\/balmec.com\/pl\/o-nas\/pilt1-2\/","alt":"","author":"2","description":"","caption":"","name":"pilt1-2","status":"inherit","uploaded_to":701,"date":"2019-04-16 07:52:58","modified":"2019-04-16 07:52:58","menu_order":0,"mime_type":"image\/jpeg","type":"image","subtype":"jpeg","icon":"https:\/\/balmec.com\/wp-includes\/images\/media\/default.png","width":640,"height":480,"sizes":{"thumbnail":"https:\/\/balmec.com\/wp-content\/uploads\/2019\/04\/pilt1-150x150.jpg","thumbnail-width":150,"thumbnail-height":150,"medium":"https:\/\/balmec.com\/wp-content\/uploads\/2019\/04\/pilt1.jpg","medium-width":640,"medium-height":480,"medium_large":"https:\/\/balmec.com\/wp-content\/uploads\/2019\/04\/pilt1.jpg","medium_large-width":640,"medium_large-height":480,"large":"https:\/\/balmec.com\/wp-content\/uploads\/2019\/04\/pilt1.jpg","large-width":640,"large-height":480,"1536x1536":"https:\/\/balmec.com\/wp-content\/uploads\/2019\/04\/pilt1.jpg","1536x1536-width":640,"1536x1536-height":480,"2048x2048":"https:\/\/balmec.com\/wp-content\/uploads\/2019\/04\/pilt1.jpg","2048x2048-width":640,"2048x2048-height":480,"person-sm":"https:\/\/balmec.com\/wp-content\/uploads\/2019\/04\/pilt1-300x300.jpg","person-sm-width":300,"person-sm-height":300,"blog-sm":"https:\/\/balmec.com\/wp-content\/uploads\/2019\/04\/pilt1-500x375.jpg","blog-sm-width":500,"blog-sm-height":375}},"photo_description":"Jednym z za\u0142o\u017cycieli Metsavennad Grupp, a p\u00f3\u017aniej Balmec jest Siim Soom\u00e4gi.","content":"<p>Firma Metsavennad Grupp zostaje zarejestrowana. Celem jest oferowanie us\u0142ug dla w\u0142a\u015bcicieli maszyn le\u015bnych oraz podstawowych napraw harvester\u00f3w. Na przyk\u0142ad: ostrzenie \u0142a\u0144cuch\u00f3w, wymiana w\u0119\u017cy hydraulicznych, spawanie itp.<\/p>\n"},{"year":"2008","photo":{"ID":709,"id":709,"title":"Balmec_Old_Feed_Rollers","filename":"Balmec_Old_Feed_Rollers.png","filesize":669647,"url":"https:\/\/balmec.com\/wp-content\/uploads\/2019\/04\/Balmec_Old_Feed_Rollers.png","link":"https:\/\/balmec.com\/pl\/o-nas\/balmec_old_feed_rollers\/","alt":"","author":"2","description":"","caption":"","name":"balmec_old_feed_rollers","status":"inherit","uploaded_to":701,"date":"2019-04-16 08:17:06","modified":"2019-04-16 08:17:06","menu_order":0,"mime_type":"image\/png","type":"image","subtype":"png","icon":"https:\/\/balmec.com\/wp-includes\/images\/media\/default.png","width":553,"height":641,"sizes":{"thumbnail":"https:\/\/balmec.com\/wp-content\/uploads\/2019\/04\/Balmec_Old_Feed_Rollers-150x150.png","thumbnail-width":150,"thumbnail-height":150,"medium":"https:\/\/balmec.com\/wp-content\/uploads\/2019\/04\/Balmec_Old_Feed_Rollers.png","medium-width":553,"medium-height":641,"medium_large":"https:\/\/balmec.com\/wp-content\/uploads\/2019\/04\/Balmec_Old_Feed_Rollers.png","medium_large-width":553,"medium_large-height":641,"large":"https:\/\/balmec.com\/wp-content\/uploads\/2019\/04\/Balmec_Old_Feed_Rollers.png","large-width":553,"large-height":641,"1536x1536":"https:\/\/balmec.com\/wp-content\/uploads\/2019\/04\/Balmec_Old_Feed_Rollers.png","1536x1536-width":553,"1536x1536-height":641,"2048x2048":"https:\/\/balmec.com\/wp-content\/uploads\/2019\/04\/Balmec_Old_Feed_Rollers.png","2048x2048-width":553,"2048x2048-height":641,"person-sm":"https:\/\/balmec.com\/wp-content\/uploads\/2019\/04\/Balmec_Old_Feed_Rollers-300x300.png","person-sm-width":300,"person-sm-height":300,"blog-sm":"https:\/\/balmec.com\/wp-content\/uploads\/2019\/04\/Balmec_Old_Feed_Rollers-431x500.png","blog-sm-width":431,"blog-sm-height":500}},"photo_description":"Pierwsze rolki podaj\u0105ce Balmec, jakie kiedykolwiek powsta\u0142y - tak wygl\u0105daj\u0105 po 13 000 godzin pracy.","content":"<p>Wyprodukowano pierwsze rolki podaj\u0105ce. Uda\u0142o nam si\u0119 odzyska\u0107 je od naszego dobrego klienta po (oko\u0142o) 13 000 godzinach pracy. Zawarli\u015bmy umow\u0119, gdy wr\u00f3ci\u0142 po now\u0105 par\u0119 rolek do kolejnej maszyny z g\u0142owic\u0105 John Deere 745.<\/p>\n<p>Rozpocz\u0119cie sprzeda\u017cy eksportowej do Polski i Szwecji w zwi\u0105zku z podpisaniem pierwszych oficjalnych um\u00f3w sprzeda\u017cy Balmec z Saltus Serwis S.C. i Stigs Maskin AB<\/p>\n"},{"year":"2010","photo":{"ID":706,"id":706,"title":"Balmec_logo_old","filename":"Balmec_logo_old.png","filesize":82994,"url":"https:\/\/balmec.com\/wp-content\/uploads\/2019\/04\/Balmec_logo_old.png","link":"https:\/\/balmec.com\/pl\/o-nas\/balmec_logo_old\/","alt":"","author":"2","description":"","caption":"","name":"balmec_logo_old","status":"inherit","uploaded_to":701,"date":"2019-04-16 08:10:15","modified":"2019-04-16 08:10:15","menu_order":0,"mime_type":"image\/png","type":"image","subtype":"png","icon":"https:\/\/balmec.com\/wp-includes\/images\/media\/default.png","width":999,"height":565,"sizes":{"thumbnail":"https:\/\/balmec.com\/wp-content\/uploads\/2019\/04\/Balmec_logo_old-150x150.png","thumbnail-width":150,"thumbnail-height":150,"medium":"https:\/\/balmec.com\/wp-content\/uploads\/2019\/04\/Balmec_logo_old.png","medium-width":999,"medium-height":565,"medium_large":"https:\/\/balmec.com\/wp-content\/uploads\/2019\/04\/Balmec_logo_old-768x434.png","medium_large-width":768,"medium_large-height":434,"large":"https:\/\/balmec.com\/wp-content\/uploads\/2019\/04\/Balmec_logo_old.png","large-width":999,"large-height":565,"1536x1536":"https:\/\/balmec.com\/wp-content\/uploads\/2019\/04\/Balmec_logo_old.png","1536x1536-width":999,"1536x1536-height":565,"2048x2048":"https:\/\/balmec.com\/wp-content\/uploads\/2019\/04\/Balmec_logo_old.png","2048x2048-width":999,"2048x2048-height":565,"person-sm":"https:\/\/balmec.com\/wp-content\/uploads\/2019\/04\/Balmec_logo_old-300x300.png","person-sm-width":300,"person-sm-height":300,"blog-sm":"https:\/\/balmec.com\/wp-content\/uploads\/2019\/04\/Balmec_logo_old-500x283.png","blog-sm-width":500,"blog-sm-height":283}},"photo_description":"Tak wygl\u0105da\u0142o nasze pierwsze logo w 2010 roku","content":"<p>Rejestrujemy now\u0105 firma Balmec Forest O\u00dc i znak towarowy \u201eBalmec\u201d . Celem jest zbudowanie w\u0142asnej sieci sprzeda\u017cy, aby wi\u0119cej klient\u00f3w mia\u0142o dost\u0119p do naszych produkt\u00f3w tak szybko, jak to mo\u017cliwe.<\/p>\n<p>Zaczynamy export produkt\u00f3w na \u0141otw\u0119 i Litw\u0119.<\/p>\n"},{"year":"2011","photo":{"ID":708,"id":708,"title":"John_Deere_Harvester_Balmec","filename":"John_Deere_Harvester_Balmec.png","filesize":882280,"url":"https:\/\/balmec.com\/wp-content\/uploads\/2019\/04\/John_Deere_Harvester_Balmec.png","link":"https:\/\/balmec.com\/pl\/o-nas\/john_deere_harvester_balmec\/","alt":"","author":"2","description":"","caption":"","name":"john_deere_harvester_balmec","status":"inherit","uploaded_to":701,"date":"2019-04-16 08:14:08","modified":"2019-04-16 08:14:08","menu_order":0,"mime_type":"image\/png","type":"image","subtype":"png","icon":"https:\/\/balmec.com\/wp-includes\/images\/media\/default.png","width":567,"height":582,"sizes":{"thumbnail":"https:\/\/balmec.com\/wp-content\/uploads\/2019\/04\/John_Deere_Harvester_Balmec-150x150.png","thumbnail-width":150,"thumbnail-height":150,"medium":"https:\/\/balmec.com\/wp-content\/uploads\/2019\/04\/John_Deere_Harvester_Balmec.png","medium-width":567,"medium-height":582,"medium_large":"https:\/\/balmec.com\/wp-content\/uploads\/2019\/04\/John_Deere_Harvester_Balmec.png","medium_large-width":567,"medium_large-height":582,"large":"https:\/\/balmec.com\/wp-content\/uploads\/2019\/04\/John_Deere_Harvester_Balmec.png","large-width":567,"large-height":582,"1536x1536":"https:\/\/balmec.com\/wp-content\/uploads\/2019\/04\/John_Deere_Harvester_Balmec.png","1536x1536-width":567,"1536x1536-height":582,"2048x2048":"https:\/\/balmec.com\/wp-content\/uploads\/2019\/04\/John_Deere_Harvester_Balmec.png","2048x2048-width":567,"2048x2048-height":582,"person-sm":"https:\/\/balmec.com\/wp-content\/uploads\/2019\/04\/John_Deere_Harvester_Balmec-300x300.png","person-sm-width":300,"person-sm-height":300,"blog-sm":"https:\/\/balmec.com\/wp-content\/uploads\/2019\/04\/John_Deere_Harvester_Balmec-487x500.png","blog-sm-width":487,"blog-sm-height":500}},"photo_description":"","content":"<p>\u015acis\u0142a wsp\u00f3\u0142praca z naszym g\u0142\u00f3wnym dostawc\u0105 stali SSAB prowadzi do wyprodukowania pierwszych no\u017cy okrzesuj\u0105cych Balmec. By\u0142y one przeznaczone do g\u0142owicy John Deere 758HD i\u00a0 czasami widzimy, \u017ce ci\u0105gle pracuj\u0105 nawet dzisiaj.<\/p>\n<p>John Deere Forestry rozpoczyna sprzeda\u017c wszystkich naszych produkt\u00f3w za po\u015brednictwem swojej sieci detalicznej w ca\u0142ej Europie. Pierwsza sprzeda\u017c odbywa si\u0119 r\u00f3wnie\u017c w Rosji i Brazylii.<\/p>\n"},{"year":"2014","photo":{"ID":710,"id":710,"title":"pilt 5","filename":"pilt-5.jpg","filesize":520438,"url":"https:\/\/balmec.com\/wp-content\/uploads\/2019\/04\/pilt-5.jpg","link":"https:\/\/balmec.com\/pl\/o-nas\/pilt-5\/","alt":"","author":"2","description":"","caption":"","name":"pilt-5","status":"inherit","uploaded_to":701,"date":"2019-04-16 08:19:32","modified":"2019-04-16 08:19:32","menu_order":0,"mime_type":"image\/jpeg","type":"image","subtype":"jpeg","icon":"https:\/\/balmec.com\/wp-includes\/images\/media\/default.png","width":1133,"height":565,"sizes":{"thumbnail":"https:\/\/balmec.com\/wp-content\/uploads\/2019\/04\/pilt-5-150x150.jpg","thumbnail-width":150,"thumbnail-height":150,"medium":"https:\/\/balmec.com\/wp-content\/uploads\/2019\/04\/pilt-5-1024x511.jpg","medium-width":1024,"medium-height":511,"medium_large":"https:\/\/balmec.com\/wp-content\/uploads\/2019\/04\/pilt-5-768x383.jpg","medium_large-width":768,"medium_large-height":383,"large":"https:\/\/balmec.com\/wp-content\/uploads\/2019\/04\/pilt-5.jpg","large-width":1133,"large-height":565,"1536x1536":"https:\/\/balmec.com\/wp-content\/uploads\/2019\/04\/pilt-5.jpg","1536x1536-width":1133,"1536x1536-height":565,"2048x2048":"https:\/\/balmec.com\/wp-content\/uploads\/2019\/04\/pilt-5.jpg","2048x2048-width":1133,"2048x2048-height":565,"person-sm":"https:\/\/balmec.com\/wp-content\/uploads\/2019\/04\/pilt-5-300x300.jpg","person-sm-width":300,"person-sm-height":300,"blog-sm":"https:\/\/balmec.com\/wp-content\/uploads\/2019\/04\/pilt-5-500x249.jpg","blog-sm-width":500,"blog-sm-height":249}},"photo_description":"Widok z lotu ptaka na g\u0142\u00f3wnego budynku fabryki w 2014 roku, wkr\u00f3tce po przeniesieniu ca\u0142ej pro-dukcji do ma\u0142ej wioski o nazwie Tootsi, oko\u0142o 30 km od P\u00e4rnu.","content":"<p>Balmec kupuje cz\u0119\u015b\u0107 starej fabryki torfu za\u0142o\u017conej w 1938 r. Ca\u0142a produkcja i maszyny s\u0105 przenoszone z dw\u00f3ch wynajmowanych lokalizacji w P\u00e4rnu, do ma\u0142ej wioski Tootsi oddalonej o 30 km. Poniewa\u017c obiekt jest naprawd\u0119 stary, nale\u017cy wykona\u0107 wiele prac budowlanych i remontowych. To pozostaje wyzwaniem nawet dzisiaj, poniewa\u017c ci\u0105gle chcemy co\u015b ulepsza\u0107.<\/p>\n<p>Pierwszy oficjalny sprzedawca w Australii.<\/p>\n"},{"year":"2015","photo":{"ID":714,"id":714,"title":"Balmec_CNC","filename":"Balmec_CNC.jpg","filesize":2803687,"url":"https:\/\/balmec.com\/wp-content\/uploads\/2019\/04\/Balmec_CNC.jpg","link":"https:\/\/balmec.com\/pl\/o-nas\/balmec_cnc\/","alt":"","author":"2","description":"","caption":"","name":"balmec_cnc","status":"inherit","uploaded_to":701,"date":"2019-04-23 08:41:31","modified":"2019-04-23 08:41:31","menu_order":0,"mime_type":"image\/jpeg","type":"image","subtype":"jpeg","icon":"https:\/\/balmec.com\/wp-includes\/images\/media\/default.png","width":3556,"height":2667,"sizes":{"thumbnail":"https:\/\/balmec.com\/wp-content\/uploads\/2019\/04\/Balmec_CNC-150x150.jpg","thumbnail-width":150,"thumbnail-height":150,"medium":"https:\/\/balmec.com\/wp-content\/uploads\/2019\/04\/Balmec_CNC-1024x768.jpg","medium-width":1024,"medium-height":768,"medium_large":"https:\/\/balmec.com\/wp-content\/uploads\/2019\/04\/Balmec_CNC-768x576.jpg","medium_large-width":768,"medium_large-height":576,"large":"https:\/\/balmec.com\/wp-content\/uploads\/2019\/04\/Balmec_CNC-1920x1440.jpg","large-width":1920,"large-height":1440,"1536x1536":"https:\/\/balmec.com\/wp-content\/uploads\/2019\/04\/Balmec_CNC.jpg","1536x1536-width":1536,"1536x1536-height":1152,"2048x2048":"https:\/\/balmec.com\/wp-content\/uploads\/2019\/04\/Balmec_CNC.jpg","2048x2048-width":2048,"2048x2048-height":1536,"person-sm":"https:\/\/balmec.com\/wp-content\/uploads\/2019\/04\/Balmec_CNC-300x300.jpg","person-sm-width":300,"person-sm-height":300,"blog-sm":"https:\/\/balmec.com\/wp-content\/uploads\/2019\/04\/Balmec_CNC-500x375.jpg","blog-sm-width":500,"blog-sm-height":375}},"photo_description":"","content":"<p>Dzi\u0119ki ci\u0105g\u0142ym inwestycjom w nowoczesne maszyny CNC wprowadzane s\u0105 nowe linie produkt\u00f3w: ramiona rolek podaj\u0105cych, szeroka gama no\u017cy g\u00f3rnych, wychwytniki \u0142a\u0144cuch\u00f3w i inne. Jesieni\u0105 wprowadzili\u015bmy na rynek ca\u0142\u0105 seri\u0119 akcesori\u00f3w do g\u0105sienic \u2013 do dzisiaj s\u0105 to najlepiej sprzedaj\u0105ce si\u0119 produkty.<\/p>\n"},{"year":"2016","photo":{"ID":715,"id":715,"title":"Balmec SC measuring wheel for John Deere H480C","filename":"Balmec-SC-measuring-wheel-for-John-Deere-H480C.jpg","filesize":793608,"url":"https:\/\/balmec.com\/wp-content\/uploads\/2019\/09\/Balmec-SC-measuring-wheel-for-John-Deere-H480C.jpg","link":"https:\/\/balmec.com\/pl\/o-nas\/balmec-sc-measuring-wheel-for-john-deere-h480c\/","alt":"","author":"2","description":"Balmec SC measuring wheel for John Deere H480C","caption":"Balmec SC measuring wheel for John Deere H480C","name":"balmec-sc-measuring-wheel-for-john-deere-h480c","status":"inherit","uploaded_to":701,"date":"2019-09-07 17:14:41","modified":"2019-09-07 17:14:41","menu_order":0,"mime_type":"image\/jpeg","type":"image","subtype":"jpeg","icon":"https:\/\/balmec.com\/wp-includes\/images\/media\/default.png","width":1536,"height":2048,"sizes":{"thumbnail":"https:\/\/balmec.com\/wp-content\/uploads\/2019\/09\/Balmec-SC-measuring-wheel-for-John-Deere-H480C-150x150.jpg","thumbnail-width":150,"thumbnail-height":150,"medium":"https:\/\/balmec.com\/wp-content\/uploads\/2019\/09\/Balmec-SC-measuring-wheel-for-John-Deere-H480C-768x1024.jpg","medium-width":768,"medium-height":1024,"medium_large":"https:\/\/balmec.com\/wp-content\/uploads\/2019\/09\/Balmec-SC-measuring-wheel-for-John-Deere-H480C-768x1024.jpg","medium_large-width":768,"medium_large-height":1024,"large":"https:\/\/balmec.com\/wp-content\/uploads\/2019\/09\/Balmec-SC-measuring-wheel-for-John-Deere-H480C-1440x1920.jpg","large-width":1440,"large-height":1920,"1536x1536":"https:\/\/balmec.com\/wp-content\/uploads\/2019\/09\/Balmec-SC-measuring-wheel-for-John-Deere-H480C.jpg","1536x1536-width":1152,"1536x1536-height":1536,"2048x2048":"https:\/\/balmec.com\/wp-content\/uploads\/2019\/09\/Balmec-SC-measuring-wheel-for-John-Deere-H480C.jpg","2048x2048-width":1536,"2048x2048-height":2048,"person-sm":"https:\/\/balmec.com\/wp-content\/uploads\/2019\/09\/Balmec-SC-measuring-wheel-for-John-Deere-H480C-300x300.jpg","person-sm-width":300,"person-sm-height":300,"blog-sm":"https:\/\/balmec.com\/wp-content\/uploads\/2019\/09\/Balmec-SC-measuring-wheel-for-John-Deere-H480C-375x500.jpg","blog-sm-width":375,"blog-sm-height":500}},"photo_description":"Ko\u0142o pomiarowe Balmec typu SC do g\u0142owicy John Deere H480C. Obraz tak powszechny dzisiaj na wielu g\u0142owicach r\u00f3\u017cnych typ\u00f3w .","content":"<p>Po niezliczonych testach profili ko\u0142o pomiarowe Balmec typu SC zostaje dopuszczone do produkcji seryjnej. Gama modeli obejmuje wszystkie najpopularniejsze g\u0142owice \u015bcinkowe i jest aktualizowana co miesi\u0105c. To pierwsze ko\u0142o pomiarowe, kt\u00f3re poradzi sobie nawet z lu\u017an\u0105 kor\u0105 bez konieczno\u015bci kilkakrotnego pomiaru tej samej k\u0142ody. Wzrost wydajno\u015bci jest oczywisty.<\/p>\n"},{"year":"2018","photo":{"ID":712,"id":712,"title":"pilt 7","filename":"pilt-7.jpg","filesize":4911917,"url":"https:\/\/balmec.com\/wp-content\/uploads\/2019\/04\/pilt-7.jpg","link":"https:\/\/balmec.com\/pl\/o-nas\/pilt-7\/","alt":"","author":"2","description":"","caption":"","name":"pilt-7","status":"inherit","uploaded_to":701,"date":"2019-04-16 08:26:12","modified":"2019-04-16 08:26:12","menu_order":0,"mime_type":"image\/jpeg","type":"image","subtype":"jpeg","icon":"https:\/\/balmec.com\/wp-includes\/images\/media\/default.png","width":4937,"height":3291,"sizes":{"thumbnail":"https:\/\/balmec.com\/wp-content\/uploads\/2019\/04\/pilt-7-150x150.jpg","thumbnail-width":150,"thumbnail-height":150,"medium":"https:\/\/balmec.com\/wp-content\/uploads\/2019\/04\/pilt-7-1024x683.jpg","medium-width":1024,"medium-height":683,"medium_large":"https:\/\/balmec.com\/wp-content\/uploads\/2019\/04\/pilt-7-768x512.jpg","medium_large-width":768,"medium_large-height":512,"large":"https:\/\/balmec.com\/wp-content\/uploads\/2019\/04\/pilt-7-1920x1280.jpg","large-width":1920,"large-height":1280,"1536x1536":"https:\/\/balmec.com\/wp-content\/uploads\/2019\/04\/pilt-7.jpg","1536x1536-width":1536,"1536x1536-height":1024,"2048x2048":"https:\/\/balmec.com\/wp-content\/uploads\/2019\/04\/pilt-7.jpg","2048x2048-width":2048,"2048x2048-height":1365,"person-sm":"https:\/\/balmec.com\/wp-content\/uploads\/2019\/04\/pilt-7-300x300.jpg","person-sm-width":300,"person-sm-height":300,"blog-sm":"https:\/\/balmec.com\/wp-content\/uploads\/2019\/04\/pilt-7-500x333.jpg","blog-sm-width":500,"blog-sm-height":333}},"photo_description":"","content":"<p>Balmec produkuje rolk\u0119 podaj\u0105c\u0105 numer 10 000, rolka do g\u0142owicy Log Max 6000 zosta\u0142a wys\u0142ana do Kanady kilka tygodni p\u00f3\u017aniej.<\/p>\n"},{"year":"2019","photo":{"ID":716,"id":716,"title":"Balmec eucalyptus feed rollers for John Deere 758HD 1","filename":"Balmec-eucalyptus-feed-rollers-for-John-Deere-758HD-1-e1568725754891.jpeg","filesize":31099,"url":"https:\/\/balmec.com\/wp-content\/uploads\/2019\/09\/Balmec-eucalyptus-feed-rollers-for-John-Deere-758HD-1-e1568725754891.jpeg","link":"https:\/\/balmec.com\/pl\/o-nas\/balmec-eucalyptus-feed-rollers-for-john-deere-758hd-1\/","alt":"","author":"2","description":"","caption":"","name":"balmec-eucalyptus-feed-rollers-for-john-deere-758hd-1","status":"inherit","uploaded_to":701,"date":"2019-09-07 18:07:15","modified":"2019-09-07 18:07:15","menu_order":0,"mime_type":"image\/jpeg","type":"image","subtype":"jpeg","icon":"https:\/\/balmec.com\/wp-includes\/images\/media\/default.png","width":300,"height":400,"sizes":{"thumbnail":"https:\/\/balmec.com\/wp-content\/uploads\/2019\/09\/Balmec-eucalyptus-feed-rollers-for-John-Deere-758HD-1-150x150.jpeg","thumbnail-width":150,"thumbnail-height":150,"medium":"https:\/\/balmec.com\/wp-content\/uploads\/2019\/09\/Balmec-eucalyptus-feed-rollers-for-John-Deere-758HD-1-768x1024.jpeg","medium-width":768,"medium-height":1024,"medium_large":"https:\/\/balmec.com\/wp-content\/uploads\/2019\/09\/Balmec-eucalyptus-feed-rollers-for-John-Deere-758HD-1-768x1024.jpeg","medium_large-width":768,"medium_large-height":1024,"large":"https:\/\/balmec.com\/wp-content\/uploads\/2019\/09\/Balmec-eucalyptus-feed-rollers-for-John-Deere-758HD-1-e1568725754891.jpeg","large-width":300,"large-height":400,"1536x1536":"https:\/\/balmec.com\/wp-content\/uploads\/2019\/09\/Balmec-eucalyptus-feed-rollers-for-John-Deere-758HD-1-e1568725754891.jpeg","1536x1536-width":300,"1536x1536-height":400,"2048x2048":"https:\/\/balmec.com\/wp-content\/uploads\/2019\/09\/Balmec-eucalyptus-feed-rollers-for-John-Deere-758HD-1-e1568725754891.jpeg","2048x2048-width":300,"2048x2048-height":400,"person-sm":"https:\/\/balmec.com\/wp-content\/uploads\/2019\/09\/Balmec-eucalyptus-feed-rollers-for-John-Deere-758HD-1-300x300.jpeg","person-sm-width":300,"person-sm-height":300,"blog-sm":"https:\/\/balmec.com\/wp-content\/uploads\/2019\/09\/Balmec-eucalyptus-feed-rollers-for-John-Deere-758HD-1-375x500.jpeg","blog-sm-width":375,"blog-sm-height":500}},"photo_description":"Rolki okorowuj\u0105ce Balmec na g\u0142owicy John Deere 758HD","content":"<p>Po wielkim sukcesie podczas testowego rozpoczyna si\u0119 seryjna produkcja rolek do okorowania eukaliptusa. Pierwsze modele s\u0105 przeznaczone do g\u0142owic John Deere, Komatsu i Log Max, ale mamy plany kolejne.<\/p>\n"}]},"_links":{"self":[{"href":"https:\/\/balmec.com\/pl\/wp-json\/wp\/v2\/pages\/701","targetHints":{"allow":["GET"]}}],"collection":[{"href":"https:\/\/balmec.com\/pl\/wp-json\/wp\/v2\/pages"}],"about":[{"href":"https:\/\/balmec.com\/pl\/wp-json\/wp\/v2\/types\/page"}],"author":[{"embeddable":true,"href":"https:\/\/balmec.com\/pl\/wp-json\/wp\/v2\/users\/1"}],"replies":[{"embeddable":true,"href":"https:\/\/balmec.com\/pl\/wp-json\/wp\/v2\/comments?post=701"}],"version-history":[{"count":7,"href":"https:\/\/balmec.com\/pl\/wp-json\/wp\/v2\/pages\/701\/revisions"}],"predecessor-version":[{"id":723,"href":"https:\/\/balmec.com\/pl\/wp-json\/wp\/v2\/pages\/701\/revisions\/723"}],"wp:attachment":[{"href":"https:\/\/balmec.com\/pl\/wp-json\/wp\/v2\/media?parent=701"}],"curies":[{"name":"wp","href":"https:\/\/api.w.org\/{rel}","templated":true}]}}