{"id":626,"date":"2019-02-05T18:04:28","date_gmt":"2019-02-05T18:04:28","guid":{"rendered":"https:\/\/balmec.com\/front-page\/"},"modified":"2021-01-05T04:16:53","modified_gmt":"2021-01-05T04:16:53","slug":"front-page","status":"publish","type":"page","link":"https:\/\/balmec.com\/pl\/","title":{"rendered":"Front Page"},"content":{"rendered":"","protected":false},"excerpt":{"rendered":"","protected":false},"author":1,"featured_media":0,"parent":0,"menu_order":0,"comment_status":"closed","ping_status":"closed","template":"","meta":{"_acf_changed":false,"footnotes":""},"class_list":["post-626","page","type-page","status-publish","hentry"],"acf":{"hero_slogan":"Wydajno\u015b\u0107. Innowacja. Jako\u015b\u0107.\r\nDzi\u0119ki naszym produktom masz je wszystkie.","lead":"<h3>Gama produkt\u00f3w Balmec obejmuje rolki podaj\u0105ce, no\u017ce okrzesuj\u0105ce, ramiona rolek, cylindry hy-drauliczne, listwy z\u0119bate, ko\u0142a pomiaru d\u0142ugo\u015bci i wiele innych cz\u0119\u015bci do najpopularniejszych maszyn le\u015bnych na \u015bwiecie<\/h3>\n<p>John Deere, Ponsse, Komatsu, Waratah, Rottne, Log Max etc.<\/p>\n<h3>Oferujemy rozwi\u0105zania, w kt\u00f3rych najlepsze materia\u0142y \u0142\u0105cz\u0105 si\u0119 z nowoczesn\u0105 technologi\u0105.<\/h3>\n","products_info":"<h3>Stale pracujemy nad nowymi rozwi\u0105zaniami rolek podaj\u0105cych. Dlaczego to robimy? Kierujemy si\u0119 potrzebami naszych klient\u00f3w, kt\u00f3rzy pragn\u0105 podnie\u015b\u0107 wydajno\u015b\u0107 swojej maszyny le\u015bnej na jeszcze wy\u017cszy, nieosi\u0105galny wcze\u015bniej poziom.<\/h3>\n","highlighted_products":[{"photo":{"ID":638,"id":638,"title":"SNAKE_WHEEL_BALMEC","filename":"SNAKE_WHEEL_BALMEC.jpg","filesize":286754,"url":"https:\/\/balmec.com\/wp-content\/uploads\/2019\/09\/SNAKE_WHEEL_BALMEC.jpg","link":"https:\/\/balmec.com\/pl\/front-page\/snake_wheel_balmec\/","alt":"","author":"2","description":"","caption":"","name":"snake_wheel_balmec","status":"inherit","uploaded_to":626,"date":"2019-09-02 10:58:31","modified":"2019-09-02 10:58:31","menu_order":0,"mime_type":"image\/jpeg","type":"image","subtype":"jpeg","icon":"https:\/\/balmec.com\/wp-includes\/images\/media\/default.png","width":1000,"height":1000,"sizes":{"thumbnail":"https:\/\/balmec.com\/wp-content\/uploads\/2019\/09\/SNAKE_WHEEL_BALMEC-150x150.jpg","thumbnail-width":150,"thumbnail-height":150,"medium":"https:\/\/balmec.com\/wp-content\/uploads\/2019\/09\/SNAKE_WHEEL_BALMEC.jpg","medium-width":1000,"medium-height":1000,"medium_large":"https:\/\/balmec.com\/wp-content\/uploads\/2019\/09\/SNAKE_WHEEL_BALMEC-768x768.jpg","medium_large-width":768,"medium_large-height":768,"large":"https:\/\/balmec.com\/wp-content\/uploads\/2019\/09\/SNAKE_WHEEL_BALMEC.jpg","large-width":1000,"large-height":1000,"1536x1536":"https:\/\/balmec.com\/wp-content\/uploads\/2019\/09\/SNAKE_WHEEL_BALMEC.jpg","1536x1536-width":1000,"1536x1536-height":1000,"2048x2048":"https:\/\/balmec.com\/wp-content\/uploads\/2019\/09\/SNAKE_WHEEL_BALMEC.jpg","2048x2048-width":1000,"2048x2048-height":1000,"person-sm":"https:\/\/balmec.com\/wp-content\/uploads\/2019\/09\/SNAKE_WHEEL_BALMEC-300x300.jpg","person-sm-width":300,"person-sm-height":300,"blog-sm":"https:\/\/balmec.com\/wp-content\/uploads\/2019\/09\/SNAKE_WHEEL_BALMEC-500x500.jpg","blog-sm-width":500,"blog-sm-height":500}},"slogan":"ZMIERZ RAZ I TNIJ","title":"Ko\u0142o pomiarowe typu SC","info":"Najwy\u017csza dok\u0142adno\u015b\u0107, nawet w przypadku lu\u017anej kory! ","link_to_product":"http:\/\/balmec.com\/products\/BM000990"},{"photo":{"ID":1279,"id":1279,"title":"Komatsu_C144_Roller_cover_BALMEC_2","filename":"Komatsu_C144_Roller_cover_BALMEC_2.jpg","filesize":179024,"url":"https:\/\/balmec.com\/wp-content\/uploads\/2021\/08\/Komatsu_C144_Roller_cover_BALMEC_2.jpg","link":"https:\/\/balmec.com\/pl\/front-page\/komatsu_c144_roller_cover_balmec_2-2\/","alt":"","author":"2","description":"","caption":"","name":"komatsu_c144_roller_cover_balmec_2-2","status":"inherit","uploaded_to":626,"date":"2021-08-18 08:05:38","modified":"2021-08-18 08:05:38","menu_order":0,"mime_type":"image\/jpeg","type":"image","subtype":"jpeg","icon":"https:\/\/balmec.com\/wp-includes\/images\/media\/default.png","width":1000,"height":1000,"sizes":{"thumbnail":"https:\/\/balmec.com\/wp-content\/uploads\/2021\/08\/Komatsu_C144_Roller_cover_BALMEC_2-150x150.jpg","thumbnail-width":150,"thumbnail-height":150,"medium":"https:\/\/balmec.com\/wp-content\/uploads\/2021\/08\/Komatsu_C144_Roller_cover_BALMEC_2.jpg","medium-width":1000,"medium-height":1000,"medium_large":"https:\/\/balmec.com\/wp-content\/uploads\/2021\/08\/Komatsu_C144_Roller_cover_BALMEC_2-768x768.jpg","medium_large-width":768,"medium_large-height":768,"large":"https:\/\/balmec.com\/wp-content\/uploads\/2021\/08\/Komatsu_C144_Roller_cover_BALMEC_2.jpg","large-width":1000,"large-height":1000,"1536x1536":"https:\/\/balmec.com\/wp-content\/uploads\/2021\/08\/Komatsu_C144_Roller_cover_BALMEC_2.jpg","1536x1536-width":1000,"1536x1536-height":1000,"2048x2048":"https:\/\/balmec.com\/wp-content\/uploads\/2021\/08\/Komatsu_C144_Roller_cover_BALMEC_2.jpg","2048x2048-width":1000,"2048x2048-height":1000,"person-sm":"https:\/\/balmec.com\/wp-content\/uploads\/2021\/08\/Komatsu_C144_Roller_cover_BALMEC_2-300x300.jpg","person-sm-width":300,"person-sm-height":300,"blog-sm":"https:\/\/balmec.com\/wp-content\/uploads\/2021\/08\/Komatsu_C144_Roller_cover_BALMEC_2-500x500.jpg","blog-sm-width":500,"blog-sm-height":500}},"slogan":"OKOROWANIE Z BALMEC","title":"Nowa linia produkt\u00f3w do okorowania eukaliptusa","info":"Aktualny model: 758HD Danfoss","link_to_product":"https:\/\/balmec.com\/products\/BM002065"}],"carousel":[{"background":{"ID":645,"id":645,"title":"Balmec_koduka_avaleht_Ponsse_H7","filename":"Balmec_koduka_avaleht_Ponsse_H7.jpg","filesize":274390,"url":"https:\/\/balmec.com\/wp-content\/uploads\/2020\/03\/Balmec_koduka_avaleht_Ponsse_H7.jpg","link":"https:\/\/balmec.com\/pl\/front-page\/balmec_koduka_avaleht_ponsse_h7\/","alt":"","author":"2","description":"","caption":"","name":"balmec_koduka_avaleht_ponsse_h7","status":"inherit","uploaded_to":626,"date":"2020-03-16 11:31:16","modified":"2020-03-16 11:31:16","menu_order":0,"mime_type":"image\/jpeg","type":"image","subtype":"jpeg","icon":"https:\/\/balmec.com\/wp-includes\/images\/media\/default.png","width":626,"height":513,"sizes":{"thumbnail":"https:\/\/balmec.com\/wp-content\/uploads\/2020\/03\/Balmec_koduka_avaleht_Ponsse_H7-150x150.jpg","thumbnail-width":150,"thumbnail-height":150,"medium":"https:\/\/balmec.com\/wp-content\/uploads\/2020\/03\/Balmec_koduka_avaleht_Ponsse_H7.jpg","medium-width":626,"medium-height":513,"medium_large":"https:\/\/balmec.com\/wp-content\/uploads\/2020\/03\/Balmec_koduka_avaleht_Ponsse_H7.jpg","medium_large-width":626,"medium_large-height":513,"large":"https:\/\/balmec.com\/wp-content\/uploads\/2020\/03\/Balmec_koduka_avaleht_Ponsse_H7.jpg","large-width":626,"large-height":513,"1536x1536":"https:\/\/balmec.com\/wp-content\/uploads\/2020\/03\/Balmec_koduka_avaleht_Ponsse_H7.jpg","1536x1536-width":626,"1536x1536-height":513,"2048x2048":"https:\/\/balmec.com\/wp-content\/uploads\/2020\/03\/Balmec_koduka_avaleht_Ponsse_H7.jpg","2048x2048-width":626,"2048x2048-height":513,"person-sm":"https:\/\/balmec.com\/wp-content\/uploads\/2020\/03\/Balmec_koduka_avaleht_Ponsse_H7-300x300.jpg","person-sm-width":300,"person-sm-height":300,"blog-sm":"https:\/\/balmec.com\/wp-content\/uploads\/2020\/03\/Balmec_koduka_avaleht_Ponsse_H7-500x410.jpg","blog-sm-width":500,"blog-sm-height":410}},"title":"","content":"<p>Z dum\u0105 przedstawiamy pe\u0142ny zestaw spawanych no\u017cy okrzesuj\u0105cych do g\u0142owicy harwestera Ponsse H7. Po\u0142\u0105czenie najlepszej jako\u015bci stali SSAB sprawia, \u017ce s\u0105 one bardzo wytrzyma\u0142e, a tym samym trwa\u0142e.<br \/>\nBezkompromisowa jako\u015b\u0107 Balmec jest gwarantowana roczn\u0105 gwarancj\u0105 i nieograniczonymi godzinami pracy.<\/p>\n","more_info_text":" Wi\u0119cej informacji","more_info_url":"https:\/\/balmec.com\/pl\/products\/?manufacturer=5&model=H7"}],"products_ssab_info":"<p>Ci\u0105g\u0142a wsp\u00f3\u0142praca z SSAB i naszym zespo\u0142em in\u017cynier\u00f3w doprowadzi\u0142a do opracowania cz\u0119\u015bci zamiennych na wy\u017cszym poziomie. Dlatego jeste\u015bmy w stanie zaoferowa\u0107 najlepsze warunki gwarancji na rynku.<\/p>\n","products_info_list":[{"icon":"machine","content":"Ponad 400 unikalnych produkt\u00f3w do wyboru"},{"icon":"steel","content":"U\u017cywamy stali specjalnych wyprodukowanych przez SSAB dostosowanych do wysokich wymaga\u0144 Balmec"},{"icon":"hooks","content":"Zwi\u0119ksz wydajno\u015b\u0107 i zmniejsz zu\u017cycie paliwa"},{"icon":"truck","content":"Ogranicz nieplanowane przestoje"}],"warranty_image":{"ID":833,"id":833,"title":"warranty-eng","filename":"warranty-eng.png","filesize":51821,"url":"https:\/\/balmec.com\/wp-content\/uploads\/2020\/08\/warranty-eng.png","link":"https:\/\/balmec.com\/pl\/front-page\/warranty-eng-2\/","alt":"","author":"1","description":"","caption":"","name":"warranty-eng-2","status":"inherit","uploaded_to":626,"date":"2020-08-18 07:25:51","modified":"2020-08-18 07:25:51","menu_order":0,"mime_type":"image\/png","type":"image","subtype":"png","icon":"https:\/\/balmec.com\/wp-includes\/images\/media\/default.png","width":720,"height":243,"sizes":{"thumbnail":"https:\/\/balmec.com\/wp-content\/uploads\/2020\/08\/warranty-eng-150x150.png","thumbnail-width":150,"thumbnail-height":150,"medium":"https:\/\/balmec.com\/wp-content\/uploads\/2020\/08\/warranty-eng.png","medium-width":720,"medium-height":243,"medium_large":"https:\/\/balmec.com\/wp-content\/uploads\/2020\/08\/warranty-eng.png","medium_large-width":720,"medium_large-height":243,"large":"https:\/\/balmec.com\/wp-content\/uploads\/2020\/08\/warranty-eng.png","large-width":720,"large-height":243,"1536x1536":"https:\/\/balmec.com\/wp-content\/uploads\/2020\/08\/warranty-eng.png","1536x1536-width":720,"1536x1536-height":243,"2048x2048":"https:\/\/balmec.com\/wp-content\/uploads\/2020\/08\/warranty-eng.png","2048x2048-width":720,"2048x2048-height":243,"person-sm":"https:\/\/balmec.com\/wp-content\/uploads\/2020\/08\/warranty-eng-300x243.png","person-sm-width":300,"person-sm-height":243,"blog-sm":"https:\/\/balmec.com\/wp-content\/uploads\/2020\/08\/warranty-eng-500x169.png","blog-sm-width":500,"blog-sm-height":169}},"poster":{"ID":643,"id":643,"title":"loading","filename":"loading.jpg","filesize":970693,"url":"https:\/\/balmec.com\/wp-content\/uploads\/2020\/01\/loading.jpg","link":"https:\/\/balmec.com\/pl\/front-page\/loading\/","alt":"","author":"1","description":"","caption":"","name":"loading","status":"inherit","uploaded_to":626,"date":"2020-01-02 15:34:39","modified":"2020-01-02 15:34:39","menu_order":0,"mime_type":"image\/jpeg","type":"image","subtype":"jpeg","icon":"https:\/\/balmec.com\/wp-includes\/images\/media\/default.png","width":1920,"height":1080,"sizes":{"thumbnail":"https:\/\/balmec.com\/wp-content\/uploads\/2020\/01\/loading-150x150.jpg","thumbnail-width":150,"thumbnail-height":150,"medium":"https:\/\/balmec.com\/wp-content\/uploads\/2020\/01\/loading-1024x576.jpg","medium-width":1024,"medium-height":576,"medium_large":"https:\/\/balmec.com\/wp-content\/uploads\/2020\/01\/loading-768x432.jpg","medium_large-width":768,"medium_large-height":432,"large":"https:\/\/balmec.com\/wp-content\/uploads\/2020\/01\/loading-1920x1080.jpg","large-width":1920,"large-height":1080,"1536x1536":"https:\/\/balmec.com\/wp-content\/uploads\/2020\/01\/loading.jpg","1536x1536-width":1536,"1536x1536-height":864,"2048x2048":"https:\/\/balmec.com\/wp-content\/uploads\/2020\/01\/loading.jpg","2048x2048-width":1920,"2048x2048-height":1080,"person-sm":"https:\/\/balmec.com\/wp-content\/uploads\/2020\/01\/loading-300x300.jpg","person-sm-width":300,"person-sm-height":300,"blog-sm":"https:\/\/balmec.com\/wp-content\/uploads\/2020\/01\/loading-500x281.jpg","blog-sm-width":500,"blog-sm-height":281}},"hero_video":"https:\/\/balmec.com\/wp-content\/uploads\/2022\/01\/2018.12.19_Balmec_Forest_Header_2.mp4","hero_video_mobile":"https:\/\/balmec.com\/wp-content\/uploads\/2022\/01\/2018.12.19_Balmec_Forest_Header_port_v2.mp4","selected_feedback":[{"ID":743,"post_author":"4","post_date":"2020-04-24 14:00:28","post_date_gmt":"2020-04-24 14:00:28","post_content":"","post_title":"Flip Santos","post_excerpt":"","post_status":"publish","comment_status":"closed","ping_status":"closed","post_password":"","post_name":"flip-santos","to_ping":"","pinged":"","post_modified":"2020-04-24 14:00:57","post_modified_gmt":"2020-04-24 14:00:57","post_content_filtered":"","post_parent":0,"guid":"https:\/\/balmec.com\/?post_type=feedback&#038;p=743","menu_order":0,"post_type":"feedback","post_mime_type":"","comment_count":"0","filter":"raw"},{"ID":741,"post_author":"4","post_date":"2020-04-24 13:59:18","post_date_gmt":"2020-04-24 13:59:18","post_content":"","post_title":"Peter Williamson Jnr.","post_excerpt":"","post_status":"publish","comment_status":"closed","ping_status":"closed","post_password":"","post_name":"741","to_ping":"","pinged":"","post_modified":"2020-04-24 14:00:06","post_modified_gmt":"2020-04-24 14:00:06","post_content_filtered":"","post_parent":0,"guid":"https:\/\/balmec.com\/?post_type=feedback&#038;p=741","menu_order":0,"post_type":"feedback","post_mime_type":"","comment_count":"0","filter":"raw"},{"ID":1237,"post_author":"2","post_date":"2021-07-22 08:37:57","post_date_gmt":"2021-07-22 08:37:57","post_content":"","post_title":"Neil Mckune","post_excerpt":"","post_status":"publish","comment_status":"closed","ping_status":"closed","post_password":"","post_name":"neil-mckune","to_ping":"","pinged":"","post_modified":"2021-07-28 06:21:37","post_modified_gmt":"2021-07-28 06:21:37","post_content_filtered":"","post_parent":0,"guid":"https:\/\/balmec.com\/feedback\/neil-mckune\/","menu_order":0,"post_type":"feedback","post_mime_type":"","comment_count":"0","filter":"raw"},{"ID":1240,"post_author":"2","post_date":"2021-08-05 08:32:27","post_date_gmt":"2021-08-05 08:32:27","post_content":"","post_title":"Joe Mcknight","post_excerpt":"","post_status":"publish","comment_status":"closed","ping_status":"closed","post_password":"","post_name":"joe-mcknight","to_ping":"","pinged":"","post_modified":"2021-08-05 08:32:27","post_modified_gmt":"2021-08-05 08:32:27","post_content_filtered":"","post_parent":0,"guid":"https:\/\/balmec.com\/?post_type=feedback&#038;p=1240","menu_order":0,"post_type":"feedback","post_mime_type":"","comment_count":"0","filter":"raw"}]},"_links":{"self":[{"href":"https:\/\/balmec.com\/pl\/wp-json\/wp\/v2\/pages\/626","targetHints":{"allow":["GET"]}}],"collection":[{"href":"https:\/\/balmec.com\/pl\/wp-json\/wp\/v2\/pages"}],"about":[{"href":"https:\/\/balmec.com\/pl\/wp-json\/wp\/v2\/types\/page"}],"author":[{"embeddable":true,"href":"https:\/\/balmec.com\/pl\/wp-json\/wp\/v2\/users\/1"}],"replies":[{"embeddable":true,"href":"https:\/\/balmec.com\/pl\/wp-json\/wp\/v2\/comments?post=626"}],"version-history":[{"count":10,"href":"https:\/\/balmec.com\/pl\/wp-json\/wp\/v2\/pages\/626\/revisions"}],"predecessor-version":[{"id":1132,"href":"https:\/\/balmec.com\/pl\/wp-json\/wp\/v2\/pages\/626\/revisions\/1132"}],"wp:attachment":[{"href":"https:\/\/balmec.com\/pl\/wp-json\/wp\/v2\/media?parent=626"}],"curies":[{"name":"wp","href":"https:\/\/api.w.org\/{rel}","templated":true}]}}