{"id":1161,"date":"2019-02-20T13:34:47","date_gmt":"2019-02-20T13:34:47","guid":{"rendered":"https:\/\/balmec.com\/about\/"},"modified":"2021-01-06T17:31:20","modified_gmt":"2021-01-06T17:31:20","slug":"about","status":"publish","type":"page","link":"https:\/\/balmec.com\/lv\/about\/","title":{"rendered":"Par mums"},"content":{"rendered":"\n<h3 class=\"wp-block-heading\">Balmec ra\u017eo harvestera velko\u0161os ru\u013c\u013cus, atzaro\u0161anas na\u017eus, ru\u013c\u013cu rokas, hidrauliskos cilindrus, kr\u0101na zobstie\u0146us, garuma m\u0113r\u012b\u0161anas zvaigzn\u012btes un daudzas citas rezerves da\u013cas.<\/h3>\n\n\n\n<p>M\u0113s pied\u0101v\u0101jam da\u017e\u0101dus risin\u0101jumus visizplat\u012bt\u0101kaj\u0101m harvesteru galv\u0101m pasaul\u0113 (John Deere, Ponsse, Komatsu, Waratah, Rottne, SP, Log Max, Kesla, u.c.)<\/p>\n\n\n\n<p>M\u0113s izmantojam tikai augstas kvalit\u0101tes t\u0113raudus, lai m\u016bsu rezerves da\u013cas kalpotu ilg\u0101k un palielin\u0101tu j\u016bsu tehnikas produktivit\u0101ti.<\/p>\n","protected":false},"excerpt":{"rendered":"<p>Balmec ra\u017eo harvestera velko\u0161os ru\u013c\u013cus, atzaro\u0161anas na\u017eus, ru\u013c\u013cu rokas, hidrauliskos cilindrus, kr\u0101na zobstie\u0146us, garuma m\u0113r\u012b\u0161anas zvaigzn\u012btes un daudzas citas rezerves da\u013cas. M\u0113s pied\u0101v\u0101jam da\u017e\u0101dus risin\u0101jumus visizplat\u012bt\u0101kaj\u0101m harvesteru galv\u0101m pasaul\u0113 (John Deere, Ponsse, Komatsu, Waratah, Rottne, SP, Log Max, Kesla, u.c.) M\u0113s izmantojam tikai augstas kvalit\u0101tes t\u0113raudus, lai m\u016bsu rezerves da\u013cas kalpotu ilg\u0101k un palielin\u0101tu j\u016bsu [&hellip;]<\/p>\n","protected":false},"author":1,"featured_media":0,"parent":0,"menu_order":0,"comment_status":"closed","ping_status":"closed","template":"template-about.php","meta":{"_acf_changed":false,"footnotes":""},"class_list":["post-1161","page","type-page","status-publish","hentry"],"acf":{"timeline":[{"year":"2007","photo":{"ID":1162,"id":1162,"title":"pilt1","filename":"pilt1.jpg","filesize":342496,"url":"https:\/\/balmec.com\/wp-content\/uploads\/2019\/04\/pilt1.jpg","link":"https:\/\/balmec.com\/lv\/about\/pilt1-2\/","alt":"","author":"2","description":"","caption":"","name":"pilt1-2","status":"inherit","uploaded_to":1161,"date":"2019-04-16 07:52:58","modified":"2019-04-16 07:52:58","menu_order":0,"mime_type":"image\/jpeg","type":"image","subtype":"jpeg","icon":"https:\/\/balmec.com\/wp-includes\/images\/media\/default.png","width":640,"height":480,"sizes":{"thumbnail":"https:\/\/balmec.com\/wp-content\/uploads\/2019\/04\/pilt1-150x150.jpg","thumbnail-width":150,"thumbnail-height":150,"medium":"https:\/\/balmec.com\/wp-content\/uploads\/2019\/04\/pilt1.jpg","medium-width":640,"medium-height":480,"medium_large":"https:\/\/balmec.com\/wp-content\/uploads\/2019\/04\/pilt1.jpg","medium_large-width":640,"medium_large-height":480,"large":"https:\/\/balmec.com\/wp-content\/uploads\/2019\/04\/pilt1.jpg","large-width":640,"large-height":480,"1536x1536":"https:\/\/balmec.com\/wp-content\/uploads\/2019\/04\/pilt1.jpg","1536x1536-width":640,"1536x1536-height":480,"2048x2048":"https:\/\/balmec.com\/wp-content\/uploads\/2019\/04\/pilt1.jpg","2048x2048-width":640,"2048x2048-height":480,"person-sm":"https:\/\/balmec.com\/wp-content\/uploads\/2019\/04\/pilt1-300x300.jpg","person-sm-width":300,"person-sm-height":300,"blog-sm":"https:\/\/balmec.com\/wp-content\/uploads\/2019\/04\/pilt1-500x375.jpg","blog-sm-width":500,"blog-sm-height":375}},"photo_description":"Viens no Metsavennad Grupp un v\u0113l\u0101k Balmec dibin\u0101t\u0101jiem, Siim Soom\u00e4gi.","content":"<p>Komp\u0101nija tika re\u0123istr\u0113ta ar nosaukumu Metsavennad Grupp. M\u0113r\u0137is bija pied\u0101v\u0101t me\u017esaimniec\u012bbas ma\u0161\u012bnu operatora pakalpojumus un visvienk\u0101r\u0161\u0101ko pal\u012bdz\u012bbu harvesteriem. Par piem\u0113ru: \u0137\u0113\u017eu asin\u0101\u0161ana, hidraulisko \u0161\u013c\u016bte\u0146u izgatavo\u0161ana, metin\u0101\u0161anas darbi u.c.<\/p>\n"},{"year":"2008","photo":{"ID":1170,"id":1170,"title":"Balmec_Old_Feed_Rollers","filename":"Balmec_Old_Feed_Rollers.png","filesize":669647,"url":"https:\/\/balmec.com\/wp-content\/uploads\/2019\/04\/Balmec_Old_Feed_Rollers.png","link":"https:\/\/balmec.com\/lv\/about\/balmec_old_feed_rollers\/","alt":"","author":"2","description":"","caption":"","name":"balmec_old_feed_rollers","status":"inherit","uploaded_to":1161,"date":"2019-04-16 08:17:06","modified":"2019-04-16 08:17:06","menu_order":0,"mime_type":"image\/png","type":"image","subtype":"png","icon":"https:\/\/balmec.com\/wp-includes\/images\/media\/default.png","width":553,"height":641,"sizes":{"thumbnail":"https:\/\/balmec.com\/wp-content\/uploads\/2019\/04\/Balmec_Old_Feed_Rollers-150x150.png","thumbnail-width":150,"thumbnail-height":150,"medium":"https:\/\/balmec.com\/wp-content\/uploads\/2019\/04\/Balmec_Old_Feed_Rollers.png","medium-width":553,"medium-height":641,"medium_large":"https:\/\/balmec.com\/wp-content\/uploads\/2019\/04\/Balmec_Old_Feed_Rollers.png","medium_large-width":553,"medium_large-height":641,"large":"https:\/\/balmec.com\/wp-content\/uploads\/2019\/04\/Balmec_Old_Feed_Rollers.png","large-width":553,"large-height":641,"1536x1536":"https:\/\/balmec.com\/wp-content\/uploads\/2019\/04\/Balmec_Old_Feed_Rollers.png","1536x1536-width":553,"1536x1536-height":641,"2048x2048":"https:\/\/balmec.com\/wp-content\/uploads\/2019\/04\/Balmec_Old_Feed_Rollers.png","2048x2048-width":553,"2048x2048-height":641,"person-sm":"https:\/\/balmec.com\/wp-content\/uploads\/2019\/04\/Balmec_Old_Feed_Rollers-300x300.png","person-sm-width":300,"person-sm-height":300,"blog-sm":"https:\/\/balmec.com\/wp-content\/uploads\/2019\/04\/Balmec_Old_Feed_Rollers-431x500.png","blog-sm-width":431,"blog-sm-height":500}},"photo_description":"Pirmie Balmec velko\u0161ie ru\u013c\u013ci, kas jebkad izgatavoti, - \u0161\u0101di tie izskat\u0101s p\u0113c 13 000 darba stund\u0101m.","content":"<p>Tiek ra\u017eoti pirmie velko\u0161ie ru\u013c\u013ci. Par laimi m\u0113s \u0161os sa\u0146\u0113m\u0101m atpaka\u013c no mums laba klienta p\u0113c (apm\u0113ram) 13\u00a0000 darba stund\u0101m. Mums izdev\u0101s pan\u0101kt vieno\u0161anos, lai klients ieg\u016btu jaunu p\u0101ri priek\u0161 sava John Deere 745 harvestera galvas.<\/p>\n<p>Eksporta tirdzniec\u012bba s\u0101k\u0101s uz Poliju un Zviedriju, kad tiek nosl\u0113gti pirmie ofici\u0101lie Balmec d\u012bleru l\u012bgumi ar Saltus Serwis S.C. un Stigs Maskin AB<\/p>\n"},{"year":"2010","photo":{"ID":1167,"id":1167,"title":"Balmec_logo_old","filename":"Balmec_logo_old.png","filesize":82994,"url":"https:\/\/balmec.com\/wp-content\/uploads\/2019\/04\/Balmec_logo_old.png","link":"https:\/\/balmec.com\/lv\/about\/balmec_logo_old\/","alt":"","author":"2","description":"","caption":"","name":"balmec_logo_old","status":"inherit","uploaded_to":1161,"date":"2019-04-16 08:10:15","modified":"2019-04-16 08:10:15","menu_order":0,"mime_type":"image\/png","type":"image","subtype":"png","icon":"https:\/\/balmec.com\/wp-includes\/images\/media\/default.png","width":999,"height":565,"sizes":{"thumbnail":"https:\/\/balmec.com\/wp-content\/uploads\/2019\/04\/Balmec_logo_old-150x150.png","thumbnail-width":150,"thumbnail-height":150,"medium":"https:\/\/balmec.com\/wp-content\/uploads\/2019\/04\/Balmec_logo_old.png","medium-width":999,"medium-height":565,"medium_large":"https:\/\/balmec.com\/wp-content\/uploads\/2019\/04\/Balmec_logo_old-768x434.png","medium_large-width":768,"medium_large-height":434,"large":"https:\/\/balmec.com\/wp-content\/uploads\/2019\/04\/Balmec_logo_old.png","large-width":999,"large-height":565,"1536x1536":"https:\/\/balmec.com\/wp-content\/uploads\/2019\/04\/Balmec_logo_old.png","1536x1536-width":999,"1536x1536-height":565,"2048x2048":"https:\/\/balmec.com\/wp-content\/uploads\/2019\/04\/Balmec_logo_old.png","2048x2048-width":999,"2048x2048-height":565,"person-sm":"https:\/\/balmec.com\/wp-content\/uploads\/2019\/04\/Balmec_logo_old-300x300.png","person-sm-width":300,"person-sm-height":300,"blog-sm":"https:\/\/balmec.com\/wp-content\/uploads\/2019\/04\/Balmec_logo_old-500x283.png","blog-sm-width":500,"blog-sm-height":283}},"photo_description":"T\u0101 izskat\u012bj\u0101s m\u016bsu pirmais logotipa dizains 2010. gad\u0101.","content":"<p>Re\u0123istr\u0113ts jauns uz\u0146\u0113mums Balmec Forest O\u00dc un pre\u010du z\u012bme \u201cBalmec\u201d M\u0113r\u0137is ir izveidot savu d\u012bleru t\u012bklu, lai vair\u0101k klientu var\u0113tu m\u016bsu produktus ieg\u016bt p\u0113c iesp\u0113jas \u0101tr\u0101k.<\/p>\n<p>Eksporta p\u0101rdo\u0161ana s\u0101kas uz Latviju un Lietuvu.<\/p>\n"},{"year":"2011","photo":{"ID":1169,"id":1169,"title":"John_Deere_Harvester_Balmec","filename":"John_Deere_Harvester_Balmec.png","filesize":882280,"url":"https:\/\/balmec.com\/wp-content\/uploads\/2019\/04\/John_Deere_Harvester_Balmec.png","link":"https:\/\/balmec.com\/lv\/about\/john_deere_harvester_balmec\/","alt":"","author":"2","description":"","caption":"","name":"john_deere_harvester_balmec","status":"inherit","uploaded_to":1161,"date":"2019-04-16 08:14:08","modified":"2019-04-16 08:14:08","menu_order":0,"mime_type":"image\/png","type":"image","subtype":"png","icon":"https:\/\/balmec.com\/wp-includes\/images\/media\/default.png","width":567,"height":582,"sizes":{"thumbnail":"https:\/\/balmec.com\/wp-content\/uploads\/2019\/04\/John_Deere_Harvester_Balmec-150x150.png","thumbnail-width":150,"thumbnail-height":150,"medium":"https:\/\/balmec.com\/wp-content\/uploads\/2019\/04\/John_Deere_Harvester_Balmec.png","medium-width":567,"medium-height":582,"medium_large":"https:\/\/balmec.com\/wp-content\/uploads\/2019\/04\/John_Deere_Harvester_Balmec.png","medium_large-width":567,"medium_large-height":582,"large":"https:\/\/balmec.com\/wp-content\/uploads\/2019\/04\/John_Deere_Harvester_Balmec.png","large-width":567,"large-height":582,"1536x1536":"https:\/\/balmec.com\/wp-content\/uploads\/2019\/04\/John_Deere_Harvester_Balmec.png","1536x1536-width":567,"1536x1536-height":582,"2048x2048":"https:\/\/balmec.com\/wp-content\/uploads\/2019\/04\/John_Deere_Harvester_Balmec.png","2048x2048-width":567,"2048x2048-height":582,"person-sm":"https:\/\/balmec.com\/wp-content\/uploads\/2019\/04\/John_Deere_Harvester_Balmec-300x300.png","person-sm-width":300,"person-sm-height":300,"blog-sm":"https:\/\/balmec.com\/wp-content\/uploads\/2019\/04\/John_Deere_Harvester_Balmec-487x500.png","blog-sm-width":487,"blog-sm-height":500}},"photo_description":"","content":"<p>Cie\u0161a sadarb\u012bba ar m\u016bsu galveno t\u0113rauda pieg\u0101d\u0101t\u0101ju SSAB noved pie Balmec pirmajiem atzaro\u0161anas na\u017eiem. Tie ir paredz\u0113ti priek\u0161 John Deere 758HD harvestera galvas un d\u0113\u013c vair\u0101kiem konstrukt\u012bvajiem uzlabojumiem, m\u0113s da\u017ereiz redzam vi\u0146us darb\u012bb\u0101 pat \u0161odien (p\u0113c \u201ckur\u0161-zina-cik-daudz-darba stund\u0101m\u201d)<\/p>\n<p>John Deere Forestry s\u0101k p\u0101rdot visus m\u016bsu produktus, izmantojot mazumtirdzniec\u012bbas t\u012bklu vis\u0101 Eirop\u0101. Pirmie p\u0101rdo\u0161anas apjomi tiek veikti ar\u012b uz Krieviju un Braz\u012bliju.<\/p>\n"},{"year":"2014","photo":{"ID":1171,"id":1171,"title":"pilt 5","filename":"pilt-5.jpg","filesize":520438,"url":"https:\/\/balmec.com\/wp-content\/uploads\/2019\/04\/pilt-5.jpg","link":"https:\/\/balmec.com\/lv\/about\/pilt-5\/","alt":"","author":"2","description":"","caption":"","name":"pilt-5","status":"inherit","uploaded_to":1161,"date":"2019-04-16 08:19:32","modified":"2019-04-16 08:19:32","menu_order":0,"mime_type":"image\/jpeg","type":"image","subtype":"jpeg","icon":"https:\/\/balmec.com\/wp-includes\/images\/media\/default.png","width":1133,"height":565,"sizes":{"thumbnail":"https:\/\/balmec.com\/wp-content\/uploads\/2019\/04\/pilt-5-150x150.jpg","thumbnail-width":150,"thumbnail-height":150,"medium":"https:\/\/balmec.com\/wp-content\/uploads\/2019\/04\/pilt-5-1024x511.jpg","medium-width":1024,"medium-height":511,"medium_large":"https:\/\/balmec.com\/wp-content\/uploads\/2019\/04\/pilt-5-768x383.jpg","medium_large-width":768,"medium_large-height":383,"large":"https:\/\/balmec.com\/wp-content\/uploads\/2019\/04\/pilt-5.jpg","large-width":1133,"large-height":565,"1536x1536":"https:\/\/balmec.com\/wp-content\/uploads\/2019\/04\/pilt-5.jpg","1536x1536-width":1133,"1536x1536-height":565,"2048x2048":"https:\/\/balmec.com\/wp-content\/uploads\/2019\/04\/pilt-5.jpg","2048x2048-width":1133,"2048x2048-height":565,"person-sm":"https:\/\/balmec.com\/wp-content\/uploads\/2019\/04\/pilt-5-300x300.jpg","person-sm-width":300,"person-sm-height":300,"blog-sm":"https:\/\/balmec.com\/wp-content\/uploads\/2019\/04\/pilt-5-500x249.jpg","blog-sm-width":500,"blog-sm-height":249}},"photo_description":"Skats no debes\u012bm uz r\u016bpn\u012bcas galveno \u0113ku 2014 gad\u0101, neilgi p\u0113c tam, kad visa produkcija tika p\u0101rvietota uz nelielu ciematu ar nosaukumu Tootsi, apm\u0113ram 30 km \u0101rpus P\u0113rnavas.","content":"<p>Balmec p\u0113rk da\u013cu no vec\u0101s k\u016bdras ieguves r\u016bpn\u012bcas, kas dibin\u0101ta 1938. gad\u0101. Visa produkcija un tehnika tiek p\u0101rvietota no div\u0101m nomas viet\u0101m P\u0113rnav\u0101, 30 km att\u0101lum\u0101 no pils\u0113tas &#8211; neliel\u0101 ciemat\u0101 ar nosaukumu Tootsi. T\u0101 k\u0101 objekts ir patie\u0161\u0101m vecs, bija j\u0101veic daudz celtniec\u012bbas un atjauno\u0161anas darbu. Tas joproj\u0101m ir izaicin\u0101jums pat \u0161odien, jo m\u0113s vienm\u0113r v\u0113lamies, lai r\u016bpn\u012bc\u0101 kaut kas b\u016btu lab\u0101ks.<br \/>\nPirmais ofici\u0101lais d\u012bleris Austr\u0101lij\u0101.<\/p>\n"},{"year":"2015","photo":{"ID":1175,"id":1175,"title":"Balmec_CNC","filename":"Balmec_CNC.jpg","filesize":2803687,"url":"https:\/\/balmec.com\/wp-content\/uploads\/2019\/04\/Balmec_CNC.jpg","link":"https:\/\/balmec.com\/lv\/about\/balmec_cnc\/","alt":"","author":"2","description":"","caption":"","name":"balmec_cnc","status":"inherit","uploaded_to":1161,"date":"2019-04-23 08:41:31","modified":"2019-04-23 08:41:31","menu_order":0,"mime_type":"image\/jpeg","type":"image","subtype":"jpeg","icon":"https:\/\/balmec.com\/wp-includes\/images\/media\/default.png","width":3556,"height":2667,"sizes":{"thumbnail":"https:\/\/balmec.com\/wp-content\/uploads\/2019\/04\/Balmec_CNC-150x150.jpg","thumbnail-width":150,"thumbnail-height":150,"medium":"https:\/\/balmec.com\/wp-content\/uploads\/2019\/04\/Balmec_CNC-1024x768.jpg","medium-width":1024,"medium-height":768,"medium_large":"https:\/\/balmec.com\/wp-content\/uploads\/2019\/04\/Balmec_CNC-768x576.jpg","medium_large-width":768,"medium_large-height":576,"large":"https:\/\/balmec.com\/wp-content\/uploads\/2019\/04\/Balmec_CNC-1920x1440.jpg","large-width":1920,"large-height":1440,"1536x1536":"https:\/\/balmec.com\/wp-content\/uploads\/2019\/04\/Balmec_CNC.jpg","1536x1536-width":1536,"1536x1536-height":1152,"2048x2048":"https:\/\/balmec.com\/wp-content\/uploads\/2019\/04\/Balmec_CNC.jpg","2048x2048-width":2048,"2048x2048-height":1536,"person-sm":"https:\/\/balmec.com\/wp-content\/uploads\/2019\/04\/Balmec_CNC-300x300.jpg","person-sm-width":300,"person-sm-height":300,"blog-sm":"https:\/\/balmec.com\/wp-content\/uploads\/2019\/04\/Balmec_CNC-500x375.jpg","blog-sm-width":500,"blog-sm-height":375}},"photo_description":"","content":"<p>Sakar\u0101 ar nep\u0101rtrauktaj\u0101m invest\u012bcij\u0101m modern\u0101s CNC ma\u0161\u012bn\u0101s, tiek ieviestas jaunas produktu l\u012bnijas: velko\u0161o ru\u013c\u013cu rokas, da\u017e\u0101di aug\u0161\u0113jie na\u017ei, \u0137\u0113\u017eu uztv\u0113r\u0113ji un daudz kas cits. Ruden\u012b m\u0113s laid\u0101m klaj\u0101 k\u0101pur\u0137\u0113\u017eu piederumu s\u0113riju \u2013 da\u017ei ir no visvair\u0101k p\u0101rdotajiem produktiem ar\u012b \u0161odien.<\/p>\n"},{"year":"2016","photo":{"ID":1176,"id":1176,"title":"Balmec SC measuring wheel for John Deere H480C","filename":"Balmec-SC-measuring-wheel-for-John-Deere-H480C.jpg","filesize":793608,"url":"https:\/\/balmec.com\/wp-content\/uploads\/2019\/09\/Balmec-SC-measuring-wheel-for-John-Deere-H480C.jpg","link":"https:\/\/balmec.com\/lv\/about\/balmec-sc-measuring-wheel-for-john-deere-h480c\/","alt":"","author":"2","description":"Balmec SC measuring wheel for John Deere H480C","caption":"Balmec SC measuring wheel for John Deere H480C","name":"balmec-sc-measuring-wheel-for-john-deere-h480c","status":"inherit","uploaded_to":1161,"date":"2019-09-07 17:14:41","modified":"2019-09-07 17:14:41","menu_order":0,"mime_type":"image\/jpeg","type":"image","subtype":"jpeg","icon":"https:\/\/balmec.com\/wp-includes\/images\/media\/default.png","width":1536,"height":2048,"sizes":{"thumbnail":"https:\/\/balmec.com\/wp-content\/uploads\/2019\/09\/Balmec-SC-measuring-wheel-for-John-Deere-H480C-150x150.jpg","thumbnail-width":150,"thumbnail-height":150,"medium":"https:\/\/balmec.com\/wp-content\/uploads\/2019\/09\/Balmec-SC-measuring-wheel-for-John-Deere-H480C-768x1024.jpg","medium-width":768,"medium-height":1024,"medium_large":"https:\/\/balmec.com\/wp-content\/uploads\/2019\/09\/Balmec-SC-measuring-wheel-for-John-Deere-H480C-768x1024.jpg","medium_large-width":768,"medium_large-height":1024,"large":"https:\/\/balmec.com\/wp-content\/uploads\/2019\/09\/Balmec-SC-measuring-wheel-for-John-Deere-H480C-1440x1920.jpg","large-width":1440,"large-height":1920,"1536x1536":"https:\/\/balmec.com\/wp-content\/uploads\/2019\/09\/Balmec-SC-measuring-wheel-for-John-Deere-H480C.jpg","1536x1536-width":1152,"1536x1536-height":1536,"2048x2048":"https:\/\/balmec.com\/wp-content\/uploads\/2019\/09\/Balmec-SC-measuring-wheel-for-John-Deere-H480C.jpg","2048x2048-width":1536,"2048x2048-height":2048,"person-sm":"https:\/\/balmec.com\/wp-content\/uploads\/2019\/09\/Balmec-SC-measuring-wheel-for-John-Deere-H480C-300x300.jpg","person-sm-width":300,"person-sm-height":300,"blog-sm":"https:\/\/balmec.com\/wp-content\/uploads\/2019\/09\/Balmec-SC-measuring-wheel-for-John-Deere-H480C-375x500.jpg","blog-sm-width":375,"blog-sm-height":500}},"photo_description":"Balmec SC tipa garuma m\u0113r\u012b\u0161anas zvaigzne John Deere H480C harvesteru galvai. M\u016bsdien\u0101s \u013coti izplat\u012bts produkts uz da\u017e\u0101d\u0101m harvesteru galv\u0101m.","content":"<p>P\u0113c neskait\u0101miem profila testiem, Balmec SC tipa garuma m\u0113r\u012b\u0161anas zvaigzne tiek nodota s\u0113rijveida ra\u017eo\u0161anai. Mode\u013cu kl\u0101sts aptver visas visbie\u017e\u0101k sastopam\u0101s harvesteru galvas un tiek atjaunin\u0101ts katru m\u0113nesi.<br \/>\nT\u0101 ir pirm\u0101 m\u0113r\u012b\u0161anas zvaigzne, kuru apstr\u0101d\u0101jot var tikt gal\u0101 ar va\u013c\u0113ju mizu, bez vajadz\u012bbas vair\u0101kas reizes izm\u0113r\u012bt vienu un to pa\u0161u ba\u013c\u0137i. Produktivit\u0101tes pieaugums ir tik vienk\u0101r\u0161s.<\/p>\n"},{"year":"2018","photo":{"ID":1173,"id":1173,"title":"pilt 7","filename":"pilt-7.jpg","filesize":4911917,"url":"https:\/\/balmec.com\/wp-content\/uploads\/2019\/04\/pilt-7.jpg","link":"https:\/\/balmec.com\/lv\/about\/pilt-7\/","alt":"","author":"2","description":"","caption":"","name":"pilt-7","status":"inherit","uploaded_to":1161,"date":"2019-04-16 08:26:12","modified":"2019-04-16 08:26:12","menu_order":0,"mime_type":"image\/jpeg","type":"image","subtype":"jpeg","icon":"https:\/\/balmec.com\/wp-includes\/images\/media\/default.png","width":4937,"height":3291,"sizes":{"thumbnail":"https:\/\/balmec.com\/wp-content\/uploads\/2019\/04\/pilt-7-150x150.jpg","thumbnail-width":150,"thumbnail-height":150,"medium":"https:\/\/balmec.com\/wp-content\/uploads\/2019\/04\/pilt-7-1024x683.jpg","medium-width":1024,"medium-height":683,"medium_large":"https:\/\/balmec.com\/wp-content\/uploads\/2019\/04\/pilt-7-768x512.jpg","medium_large-width":768,"medium_large-height":512,"large":"https:\/\/balmec.com\/wp-content\/uploads\/2019\/04\/pilt-7-1920x1280.jpg","large-width":1920,"large-height":1280,"1536x1536":"https:\/\/balmec.com\/wp-content\/uploads\/2019\/04\/pilt-7.jpg","1536x1536-width":1536,"1536x1536-height":1024,"2048x2048":"https:\/\/balmec.com\/wp-content\/uploads\/2019\/04\/pilt-7.jpg","2048x2048-width":2048,"2048x2048-height":1365,"person-sm":"https:\/\/balmec.com\/wp-content\/uploads\/2019\/04\/pilt-7-300x300.jpg","person-sm-width":300,"person-sm-height":300,"blog-sm":"https:\/\/balmec.com\/wp-content\/uploads\/2019\/04\/pilt-7-500x333.jpg","blog-sm-width":500,"blog-sm-height":333}},"photo_description":"","content":"<p>Balmec ra\u017eo velko\u0161o rulli ar numuru 10 000, kas tiek pieg\u0101d\u0101ts p\u0113c ien\u0101ko\u0161\u0101 pas\u016bt\u012bjuma l\u012bnijas un ir paredz\u0113ts priek\u0161 Log Max 6000 harvestera galvas. P\u0113c da\u017e\u0101m ned\u0113\u013c\u0101m rullis tika nos\u016bt\u012bts uz Kan\u0101du.<\/p>\n"},{"year":"2019","photo":{"ID":1177,"id":1177,"title":"Balmec eucalyptus feed rollers for John Deere 758HD 1","filename":"Balmec-eucalyptus-feed-rollers-for-John-Deere-758HD-1-e1568725754891.jpeg","filesize":31099,"url":"https:\/\/balmec.com\/wp-content\/uploads\/2019\/09\/Balmec-eucalyptus-feed-rollers-for-John-Deere-758HD-1-e1568725754891.jpeg","link":"https:\/\/balmec.com\/lv\/about\/balmec-eucalyptus-feed-rollers-for-john-deere-758hd-1\/","alt":"","author":"2","description":"","caption":"","name":"balmec-eucalyptus-feed-rollers-for-john-deere-758hd-1","status":"inherit","uploaded_to":1161,"date":"2019-09-07 18:07:15","modified":"2019-09-07 18:07:15","menu_order":0,"mime_type":"image\/jpeg","type":"image","subtype":"jpeg","icon":"https:\/\/balmec.com\/wp-includes\/images\/media\/default.png","width":300,"height":400,"sizes":{"thumbnail":"https:\/\/balmec.com\/wp-content\/uploads\/2019\/09\/Balmec-eucalyptus-feed-rollers-for-John-Deere-758HD-1-150x150.jpeg","thumbnail-width":150,"thumbnail-height":150,"medium":"https:\/\/balmec.com\/wp-content\/uploads\/2019\/09\/Balmec-eucalyptus-feed-rollers-for-John-Deere-758HD-1-768x1024.jpeg","medium-width":768,"medium-height":1024,"medium_large":"https:\/\/balmec.com\/wp-content\/uploads\/2019\/09\/Balmec-eucalyptus-feed-rollers-for-John-Deere-758HD-1-768x1024.jpeg","medium_large-width":768,"medium_large-height":1024,"large":"https:\/\/balmec.com\/wp-content\/uploads\/2019\/09\/Balmec-eucalyptus-feed-rollers-for-John-Deere-758HD-1-e1568725754891.jpeg","large-width":300,"large-height":400,"1536x1536":"https:\/\/balmec.com\/wp-content\/uploads\/2019\/09\/Balmec-eucalyptus-feed-rollers-for-John-Deere-758HD-1-e1568725754891.jpeg","1536x1536-width":300,"1536x1536-height":400,"2048x2048":"https:\/\/balmec.com\/wp-content\/uploads\/2019\/09\/Balmec-eucalyptus-feed-rollers-for-John-Deere-758HD-1-e1568725754891.jpeg","2048x2048-width":300,"2048x2048-height":400,"person-sm":"https:\/\/balmec.com\/wp-content\/uploads\/2019\/09\/Balmec-eucalyptus-feed-rollers-for-John-Deere-758HD-1-300x300.jpeg","person-sm-width":300,"person-sm-height":300,"blog-sm":"https:\/\/balmec.com\/wp-content\/uploads\/2019\/09\/Balmec-eucalyptus-feed-rollers-for-John-Deere-758HD-1-375x500.jpeg","blog-sm-width":375,"blog-sm-height":500}},"photo_description":"Balmec atzaro\u0161anas ru\u013c\u013ci uz John Deere 758HD harvestera galvai.","content":"<p>P\u0113c lieliem pan\u0101kumiem no testa perioda, s\u0101kas s\u0113rijveida ra\u017eo\u0161ana eikaliptu atzaro\u0161anas ru\u013c\u013ciem. Pirmie mode\u013ci ir izstr\u0101d\u0101ti priek\u0161 John Deere, Komatsu un Log Max harvestera galv\u0101m, ta\u010du b\u016bs v\u0113l citiem mode\u013ciem.<\/p>\n"}],"secondary_intro":"Balmec ra\u017eo ar\u012b piel\u0101gotas harvestera galvas rezerves da\u013cas, k\u0101 piem\u0113ram velko\u0161os ru\u013c\u013cus, atzaro\u0161anas na\u017eus, garuma m\u0113r\u012b\u0161anas zvaigznes u.c. atbilsto\u0161i j\u016bsu \u012bpa\u0161aj\u0101m vajadz\u012bb\u0101m."},"_links":{"self":[{"href":"https:\/\/balmec.com\/lv\/wp-json\/wp\/v2\/pages\/1161","targetHints":{"allow":["GET"]}}],"collection":[{"href":"https:\/\/balmec.com\/lv\/wp-json\/wp\/v2\/pages"}],"about":[{"href":"https:\/\/balmec.com\/lv\/wp-json\/wp\/v2\/types\/page"}],"author":[{"embeddable":true,"href":"https:\/\/balmec.com\/lv\/wp-json\/wp\/v2\/users\/1"}],"replies":[{"embeddable":true,"href":"https:\/\/balmec.com\/lv\/wp-json\/wp\/v2\/comments?post=1161"}],"version-history":[{"count":12,"href":"https:\/\/balmec.com\/lv\/wp-json\/wp\/v2\/pages\/1161\/revisions"}],"predecessor-version":[{"id":1188,"href":"https:\/\/balmec.com\/lv\/wp-json\/wp\/v2\/pages\/1161\/revisions\/1188"}],"wp:attachment":[{"href":"https:\/\/balmec.com\/lv\/wp-json\/wp\/v2\/media?parent=1161"}],"curies":[{"name":"wp","href":"https:\/\/api.w.org\/{rel}","templated":true}]}}