{"id":1134,"date":"2019-02-05T18:04:28","date_gmt":"2019-02-05T18:04:28","guid":{"rendered":"https:\/\/balmec.com\/front-page\/"},"modified":"2021-01-07T15:10:01","modified_gmt":"2021-01-07T15:10:01","slug":"front-page","status":"publish","type":"page","link":"https:\/\/balmec.com\/lv\/","title":{"rendered":"Galven\u0101 Lapa"},"content":{"rendered":"","protected":false},"excerpt":{"rendered":"","protected":false},"author":1,"featured_media":0,"parent":0,"menu_order":0,"comment_status":"closed","ping_status":"closed","template":"","meta":{"_acf_changed":false,"footnotes":""},"class_list":["post-1134","page","type-page","status-publish","hentry"],"acf":{"hero_slogan":"Produktivit\u0101te. Inov\u0101cijas. Kvalit\u0101te. \r\nAr m\u016bsu produkciju, j\u016bs ieg\u016bstat \u0161o visu.","lead":"<h3>Balmec produktu kl\u0101st\u0101 ietilpst : velko\u0161ie ru\u013c\u013ci, atzaro\u0161anas na\u017ei, ru\u013c\u013cu rokas, hidrauliskie cilindri,<br \/>\nkr\u0101na zobstie\u0146i, garuma m\u0113r\u012b\u0161anas zvaigzn\u012btes un daudz citas rezerves da\u013cas priek\u0161<br \/>\npaz\u012bstam\u0101kaj\u0101m me\u017ea ma\u0161\u012bn\u0101m pasaul\u0113.<\/h3>\n<p>John Deere, Ponsse, Komatsu, Waratah, Rottne, Log Max u.c.<\/p>\n<h3>M\u0113s pied\u0101v\u0101jam risin\u0101jumus, kur vislab\u0101kie materi\u0101li tiek apvienoti ar m\u016bsdienu tehnolo\u0123ij\u0101m.<\/h3>\n","products_info":"<h3>M\u0113s nebeidzam no jauna atkl\u0101t velko\u0161os ru\u013c\u013cus. K\u0101p\u0113c m\u0113s to daram? M\u016bs vada m\u016bsu klienti, kas pal\u012bdz mums p\u0101rdom\u0101t me\u017esaimniec\u012bbas ma\u0161\u012bnu produktivit\u0101ti.<\/h3>\n","products_info_list":[{"icon":"machine","content":"J\u016bs varat izv\u0113l\u0113ties vair\u0101k nek\u0101 400 unik\u0101lu produktu"},{"icon":"steel","content":"M\u0113s izmantojam speci\u0101la t\u0113raudu ko SSAB izgatavo priek\u0161 Balmec"},{"icon":"hooks","content":"Palieliniet produktivit\u0101ti un samaziniet degvielas pat\u0113ri\u0146u"},{"icon":"truck","content":"Samaziniet nepl\u0101noto d\u012bkst\u0101vi"}],"highlighted_products":[{"photo":{"ID":1146,"id":1146,"title":"SNAKE_WHEEL_BALMEC","filename":"SNAKE_WHEEL_BALMEC.jpg","filesize":286754,"url":"https:\/\/balmec.com\/wp-content\/uploads\/2019\/09\/SNAKE_WHEEL_BALMEC.jpg","link":"https:\/\/balmec.com\/lv\/front-page\/snake_wheel_balmec\/","alt":"","author":"2","description":"","caption":"","name":"snake_wheel_balmec","status":"inherit","uploaded_to":1134,"date":"2019-09-02 10:58:31","modified":"2019-09-02 10:58:31","menu_order":0,"mime_type":"image\/jpeg","type":"image","subtype":"jpeg","icon":"https:\/\/balmec.com\/wp-includes\/images\/media\/default.png","width":1000,"height":1000,"sizes":{"thumbnail":"https:\/\/balmec.com\/wp-content\/uploads\/2019\/09\/SNAKE_WHEEL_BALMEC-150x150.jpg","thumbnail-width":150,"thumbnail-height":150,"medium":"https:\/\/balmec.com\/wp-content\/uploads\/2019\/09\/SNAKE_WHEEL_BALMEC.jpg","medium-width":1000,"medium-height":1000,"medium_large":"https:\/\/balmec.com\/wp-content\/uploads\/2019\/09\/SNAKE_WHEEL_BALMEC-768x768.jpg","medium_large-width":768,"medium_large-height":768,"large":"https:\/\/balmec.com\/wp-content\/uploads\/2019\/09\/SNAKE_WHEEL_BALMEC.jpg","large-width":1000,"large-height":1000,"1536x1536":"https:\/\/balmec.com\/wp-content\/uploads\/2019\/09\/SNAKE_WHEEL_BALMEC.jpg","1536x1536-width":1000,"1536x1536-height":1000,"2048x2048":"https:\/\/balmec.com\/wp-content\/uploads\/2019\/09\/SNAKE_WHEEL_BALMEC.jpg","2048x2048-width":1000,"2048x2048-height":1000,"person-sm":"https:\/\/balmec.com\/wp-content\/uploads\/2019\/09\/SNAKE_WHEEL_BALMEC-300x300.jpg","person-sm-width":300,"person-sm-height":300,"blog-sm":"https:\/\/balmec.com\/wp-content\/uploads\/2019\/09\/SNAKE_WHEEL_BALMEC-500x500.jpg","blog-sm-width":500,"blog-sm-height":500}},"slogan":"VIENREIZ NOM\u0112RA, VIENREIZ NOGRIEZ","title":"SC-tipa m\u0113r\u012b\u0161anas zvaigzne","info":"Augst\u0101k\u0101 l\u012bme\u0146a precizit\u0101te, pat ar va\u013c\u0113ju mizu!","link_to_product":"http:\/\/balmec.com\/products\/BM000990"},{"photo":{"ID":1278,"id":1278,"title":"Komatsu_C144_Roller_cover_BALMEC_2","filename":"Komatsu_C144_Roller_cover_BALMEC_2.jpg","filesize":179024,"url":"https:\/\/balmec.com\/wp-content\/uploads\/2021\/08\/Komatsu_C144_Roller_cover_BALMEC_2.jpg","link":"https:\/\/balmec.com\/lv\/front-page\/komatsu_c144_roller_cover_balmec_2-2\/","alt":"","author":"2","description":"","caption":"","name":"komatsu_c144_roller_cover_balmec_2-2","status":"inherit","uploaded_to":1134,"date":"2021-08-18 08:05:38","modified":"2021-08-18 08:05:38","menu_order":0,"mime_type":"image\/jpeg","type":"image","subtype":"jpeg","icon":"https:\/\/balmec.com\/wp-includes\/images\/media\/default.png","width":1000,"height":1000,"sizes":{"thumbnail":"https:\/\/balmec.com\/wp-content\/uploads\/2021\/08\/Komatsu_C144_Roller_cover_BALMEC_2-150x150.jpg","thumbnail-width":150,"thumbnail-height":150,"medium":"https:\/\/balmec.com\/wp-content\/uploads\/2021\/08\/Komatsu_C144_Roller_cover_BALMEC_2.jpg","medium-width":1000,"medium-height":1000,"medium_large":"https:\/\/balmec.com\/wp-content\/uploads\/2021\/08\/Komatsu_C144_Roller_cover_BALMEC_2-768x768.jpg","medium_large-width":768,"medium_large-height":768,"large":"https:\/\/balmec.com\/wp-content\/uploads\/2021\/08\/Komatsu_C144_Roller_cover_BALMEC_2.jpg","large-width":1000,"large-height":1000,"1536x1536":"https:\/\/balmec.com\/wp-content\/uploads\/2021\/08\/Komatsu_C144_Roller_cover_BALMEC_2.jpg","1536x1536-width":1000,"1536x1536-height":1000,"2048x2048":"https:\/\/balmec.com\/wp-content\/uploads\/2021\/08\/Komatsu_C144_Roller_cover_BALMEC_2.jpg","2048x2048-width":1000,"2048x2048-height":1000,"person-sm":"https:\/\/balmec.com\/wp-content\/uploads\/2021\/08\/Komatsu_C144_Roller_cover_BALMEC_2-300x300.jpg","person-sm-width":300,"person-sm-height":300,"blog-sm":"https:\/\/balmec.com\/wp-content\/uploads\/2021\/08\/Komatsu_C144_Roller_cover_BALMEC_2-500x500.jpg","blog-sm-width":500,"blog-sm-height":500}},"slogan":"ATZARO AR BALMEC","title":"Jauna produktu l\u012bnija priek\u0161 eikaliptu atzaro\u0161anas","info":"Patreiz priek\u0161 mode\u013ca: 758HD Danfoss","link_to_product":"https:\/\/balmec.com\/products\/BM002065"}],"carousel":[{"background":{"ID":1153,"id":1153,"title":"Balmec_koduka_avaleht_Ponsse_H7","filename":"Balmec_koduka_avaleht_Ponsse_H7.jpg","filesize":274390,"url":"https:\/\/balmec.com\/wp-content\/uploads\/2020\/03\/Balmec_koduka_avaleht_Ponsse_H7.jpg","link":"https:\/\/balmec.com\/lv\/front-page\/balmec_koduka_avaleht_ponsse_h7\/","alt":"","author":"2","description":"","caption":"","name":"balmec_koduka_avaleht_ponsse_h7","status":"inherit","uploaded_to":1134,"date":"2020-03-16 11:31:16","modified":"2020-03-16 11:31:16","menu_order":0,"mime_type":"image\/jpeg","type":"image","subtype":"jpeg","icon":"https:\/\/balmec.com\/wp-includes\/images\/media\/default.png","width":626,"height":513,"sizes":{"thumbnail":"https:\/\/balmec.com\/wp-content\/uploads\/2020\/03\/Balmec_koduka_avaleht_Ponsse_H7-150x150.jpg","thumbnail-width":150,"thumbnail-height":150,"medium":"https:\/\/balmec.com\/wp-content\/uploads\/2020\/03\/Balmec_koduka_avaleht_Ponsse_H7.jpg","medium-width":626,"medium-height":513,"medium_large":"https:\/\/balmec.com\/wp-content\/uploads\/2020\/03\/Balmec_koduka_avaleht_Ponsse_H7.jpg","medium_large-width":626,"medium_large-height":513,"large":"https:\/\/balmec.com\/wp-content\/uploads\/2020\/03\/Balmec_koduka_avaleht_Ponsse_H7.jpg","large-width":626,"large-height":513,"1536x1536":"https:\/\/balmec.com\/wp-content\/uploads\/2020\/03\/Balmec_koduka_avaleht_Ponsse_H7.jpg","1536x1536-width":626,"1536x1536-height":513,"2048x2048":"https:\/\/balmec.com\/wp-content\/uploads\/2020\/03\/Balmec_koduka_avaleht_Ponsse_H7.jpg","2048x2048-width":626,"2048x2048-height":513,"person-sm":"https:\/\/balmec.com\/wp-content\/uploads\/2020\/03\/Balmec_koduka_avaleht_Ponsse_H7-300x300.jpg","person-sm-width":300,"person-sm-height":300,"blog-sm":"https:\/\/balmec.com\/wp-content\/uploads\/2020\/03\/Balmec_koduka_avaleht_Ponsse_H7-500x410.jpg","blog-sm-width":500,"blog-sm-height":410}},"title":"","content":"<p>M\u0113s esam lepni iepaz\u012bstin\u0101t ar pilnu komplektu no metin\u0101tajiem atzaro\u0161anas na\u017eiem priek\u0161 Ponsse H7 hatvestera galvas. Kombin\u0101cija ar lab\u0101k\u0101 SSAB veiktsp\u0113jas t\u0113raudu tos padara \u013coti iztur\u012bgus un ilgm\u016b\u017e\u012bgus.<\/p>\n<p>Balmec bezkompromisa kvalit\u0101te tiek garant\u0113ta ar 1 gada garantiju un neierobe\u017eot\u0101m darba stund\u0101m.<\/p>\n","more_info_text":" Vair\u0101k inform\u0101cijas","more_info_url":"https:\/\/balmec.com\/products\/?manufacturer=5&model=H7"}],"products_ssab_info":"<p>Nep\u0101rtraukt\u0101 sadarb\u012bb\u0101 ar SSAB, m\u016bsu in\u017eenieru komanda ir novedusi rezerves da\u013cas uz n\u0101kamo l\u012bmeni.<br \/>\nT\u0101p\u0113c m\u0113s varam pied\u0101v\u0101t lab\u0101kos garantijas nosac\u012bjumus tirg\u016b.<\/p>\n","warranty_image":{"ID":1154,"id":1154,"title":"warranty-eng","filename":"warranty-eng.png","filesize":51821,"url":"https:\/\/balmec.com\/wp-content\/uploads\/2020\/08\/warranty-eng.png","link":"https:\/\/balmec.com\/lv\/front-page\/warranty-eng\/","alt":"","author":"1","description":"","caption":"","name":"warranty-eng","status":"inherit","uploaded_to":1134,"date":"2020-08-18 07:25:51","modified":"2020-08-18 07:25:51","menu_order":0,"mime_type":"image\/png","type":"image","subtype":"png","icon":"https:\/\/balmec.com\/wp-includes\/images\/media\/default.png","width":720,"height":243,"sizes":{"thumbnail":"https:\/\/balmec.com\/wp-content\/uploads\/2020\/08\/warranty-eng-150x150.png","thumbnail-width":150,"thumbnail-height":150,"medium":"https:\/\/balmec.com\/wp-content\/uploads\/2020\/08\/warranty-eng.png","medium-width":720,"medium-height":243,"medium_large":"https:\/\/balmec.com\/wp-content\/uploads\/2020\/08\/warranty-eng.png","medium_large-width":720,"medium_large-height":243,"large":"https:\/\/balmec.com\/wp-content\/uploads\/2020\/08\/warranty-eng.png","large-width":720,"large-height":243,"1536x1536":"https:\/\/balmec.com\/wp-content\/uploads\/2020\/08\/warranty-eng.png","1536x1536-width":720,"1536x1536-height":243,"2048x2048":"https:\/\/balmec.com\/wp-content\/uploads\/2020\/08\/warranty-eng.png","2048x2048-width":720,"2048x2048-height":243,"person-sm":"https:\/\/balmec.com\/wp-content\/uploads\/2020\/08\/warranty-eng-300x243.png","person-sm-width":300,"person-sm-height":243,"blog-sm":"https:\/\/balmec.com\/wp-content\/uploads\/2020\/08\/warranty-eng-500x169.png","blog-sm-width":500,"blog-sm-height":169}},"poster":{"ID":1151,"id":1151,"title":"loading","filename":"loading.jpg","filesize":970693,"url":"https:\/\/balmec.com\/wp-content\/uploads\/2020\/01\/loading.jpg","link":"https:\/\/balmec.com\/lv\/front-page\/loading\/","alt":"","author":"1","description":"","caption":"","name":"loading","status":"inherit","uploaded_to":1134,"date":"2020-01-02 15:34:39","modified":"2020-01-02 15:34:39","menu_order":0,"mime_type":"image\/jpeg","type":"image","subtype":"jpeg","icon":"https:\/\/balmec.com\/wp-includes\/images\/media\/default.png","width":1920,"height":1080,"sizes":{"thumbnail":"https:\/\/balmec.com\/wp-content\/uploads\/2020\/01\/loading-150x150.jpg","thumbnail-width":150,"thumbnail-height":150,"medium":"https:\/\/balmec.com\/wp-content\/uploads\/2020\/01\/loading-1024x576.jpg","medium-width":1024,"medium-height":576,"medium_large":"https:\/\/balmec.com\/wp-content\/uploads\/2020\/01\/loading-768x432.jpg","medium_large-width":768,"medium_large-height":432,"large":"https:\/\/balmec.com\/wp-content\/uploads\/2020\/01\/loading-1920x1080.jpg","large-width":1920,"large-height":1080,"1536x1536":"https:\/\/balmec.com\/wp-content\/uploads\/2020\/01\/loading.jpg","1536x1536-width":1536,"1536x1536-height":864,"2048x2048":"https:\/\/balmec.com\/wp-content\/uploads\/2020\/01\/loading.jpg","2048x2048-width":1920,"2048x2048-height":1080,"person-sm":"https:\/\/balmec.com\/wp-content\/uploads\/2020\/01\/loading-300x300.jpg","person-sm-width":300,"person-sm-height":300,"blog-sm":"https:\/\/balmec.com\/wp-content\/uploads\/2020\/01\/loading-500x281.jpg","blog-sm-width":500,"blog-sm-height":281}},"hero_video":"https:\/\/balmec.com\/wp-content\/uploads\/2022\/01\/2018.12.19_Balmec_Forest_Header_2.mp4","hero_video_mobile":"https:\/\/balmec.com\/wp-content\/uploads\/2022\/01\/2018.12.19_Balmec_Forest_Header_port_v2.mp4","selected_feedback":[{"ID":1215,"post_author":"1","post_date":"2019-02-06 22:08:24","post_date_gmt":"2019-02-06 22:08:24","post_content":"","post_title":"Flip Santos","post_excerpt":"","post_status":"publish","comment_status":"closed","ping_status":"closed","post_password":"","post_name":"firstname-lastname","to_ping":"","pinged":"","post_modified":"2021-01-07 15:12:47","post_modified_gmt":"2021-01-07 15:12:47","post_content_filtered":"","post_parent":0,"guid":"https:\/\/balmec.com\/feedback\/firstname-lastname\/","menu_order":0,"post_type":"feedback","post_mime_type":"","comment_count":"0","filter":"raw"},{"ID":1213,"post_author":"2","post_date":"2020-02-06 12:11:23","post_date_gmt":"2020-02-06 12:11:23","post_content":"","post_title":"Peter Williamson Jnr.","post_excerpt":"","post_status":"publish","comment_status":"closed","ping_status":"closed","post_password":"","post_name":"486","to_ping":"","pinged":"","post_modified":"2021-01-07 15:11:40","post_modified_gmt":"2021-01-07 15:11:40","post_content_filtered":"","post_parent":0,"guid":"https:\/\/balmec.com\/feedback\/486\/","menu_order":0,"post_type":"feedback","post_mime_type":"","comment_count":"0","filter":"raw"},{"ID":1225,"post_author":"2","post_date":"2021-07-22 08:37:57","post_date_gmt":"2021-07-22 08:37:57","post_content":"","post_title":"Neil Mckune","post_excerpt":"","post_status":"publish","comment_status":"closed","ping_status":"closed","post_password":"","post_name":"neil-mckune","to_ping":"","pinged":"","post_modified":"2021-08-25 08:43:00","post_modified_gmt":"2021-08-25 08:43:00","post_content_filtered":"","post_parent":0,"guid":"https:\/\/balmec.com\/?post_type=feedback&#038;p=1225","menu_order":0,"post_type":"feedback","post_mime_type":"","comment_count":"0","filter":"raw"},{"ID":1240,"post_author":"2","post_date":"2021-08-05 08:32:27","post_date_gmt":"2021-08-05 08:32:27","post_content":"","post_title":"Joe Mcknight","post_excerpt":"","post_status":"publish","comment_status":"closed","ping_status":"closed","post_password":"","post_name":"joe-mcknight","to_ping":"","pinged":"","post_modified":"2021-08-05 08:32:27","post_modified_gmt":"2021-08-05 08:32:27","post_content_filtered":"","post_parent":0,"guid":"https:\/\/balmec.com\/?post_type=feedback&#038;p=1240","menu_order":0,"post_type":"feedback","post_mime_type":"","comment_count":"0","filter":"raw"}]},"_links":{"self":[{"href":"https:\/\/balmec.com\/lv\/wp-json\/wp\/v2\/pages\/1134","targetHints":{"allow":["GET"]}}],"collection":[{"href":"https:\/\/balmec.com\/lv\/wp-json\/wp\/v2\/pages"}],"about":[{"href":"https:\/\/balmec.com\/lv\/wp-json\/wp\/v2\/types\/page"}],"author":[{"embeddable":true,"href":"https:\/\/balmec.com\/lv\/wp-json\/wp\/v2\/users\/1"}],"replies":[{"embeddable":true,"href":"https:\/\/balmec.com\/lv\/wp-json\/wp\/v2\/comments?post=1134"}],"version-history":[{"count":9,"href":"https:\/\/balmec.com\/lv\/wp-json\/wp\/v2\/pages\/1134\/revisions"}],"predecessor-version":[{"id":1212,"href":"https:\/\/balmec.com\/lv\/wp-json\/wp\/v2\/pages\/1134\/revisions\/1212"}],"wp:attachment":[{"href":"https:\/\/balmec.com\/lv\/wp-json\/wp\/v2\/media?parent=1134"}],"curies":[{"name":"wp","href":"https:\/\/api.w.org\/{rel}","templated":true}]}}