{"id":1375,"date":"2019-02-08T00:07:30","date_gmt":"2019-02-08T00:07:30","guid":{"rendered":"https:\/\/balmec.com\/?page_id=1375"},"modified":"2022-01-31T13:54:34","modified_gmt":"2022-01-31T13:54:34","slug":"contact","status":"publish","type":"page","link":"https:\/\/balmec.com\/fr\/contact\/","title":{"rendered":"Coordonn\u00e9es"},"content":{"rendered":"","protected":false},"excerpt":{"rendered":"","protected":false},"author":1,"featured_media":0,"parent":0,"menu_order":0,"comment_status":"closed","ping_status":"closed","template":"template-contact.php","meta":{"_acf_changed":false,"footnotes":""},"class_list":["post-1375","page","type-page","status-publish","hentry"],"acf":{"contact_name":"Firstname Lastname","contact_title":"Production Manager","contact_email":"firstname.lastname@balmec.com","contact_phone":"+372 518 5647","location_map":{"address":"T\u00f6\u00f6stuse 12, Tootsi, P\u00e4rnu County, Estonia","lat":"58.5886108","lng":"24.78585720000001"},"contact_people":[{"contact_name":"Janno Kuusk","contact_title":"Ventes internationales","contact_email":"sales@balmec.com","contact_phone":"+372 518 5647"},{"contact_name":"Siim Soom\u00e4gi","contact_title":"Directeur de la production","contact_email":"siim.soomagi@balmec.com","contact_phone":""}]},"_links":{"self":[{"href":"https:\/\/balmec.com\/fr\/wp-json\/wp\/v2\/pages\/1375","targetHints":{"allow":["GET"]}}],"collection":[{"href":"https:\/\/balmec.com\/fr\/wp-json\/wp\/v2\/pages"}],"about":[{"href":"https:\/\/balmec.com\/fr\/wp-json\/wp\/v2\/types\/page"}],"author":[{"embeddable":true,"href":"https:\/\/balmec.com\/fr\/wp-json\/wp\/v2\/users\/1"}],"replies":[{"embeddable":true,"href":"https:\/\/balmec.com\/fr\/wp-json\/wp\/v2\/comments?post=1375"}],"version-history":[{"count":2,"href":"https:\/\/balmec.com\/fr\/wp-json\/wp\/v2\/pages\/1375\/revisions"}],"predecessor-version":[{"id":1492,"href":"https:\/\/balmec.com\/fr\/wp-json\/wp\/v2\/pages\/1375\/revisions\/1492"}],"wp:attachment":[{"href":"https:\/\/balmec.com\/fr\/wp-json\/wp\/v2\/media?parent=1375"}],"curies":[{"name":"wp","href":"https:\/\/api.w.org\/{rel}","templated":true}]}}