{"id":1352,"date":"2019-02-20T13:34:47","date_gmt":"2019-02-20T13:34:47","guid":{"rendered":"https:\/\/balmec.com\/about\/"},"modified":"2021-11-30T10:03:23","modified_gmt":"2021-11-30T10:03:23","slug":"about","status":"publish","type":"page","link":"https:\/\/balmec.com\/fr\/about\/","title":{"rendered":"Qui sommes-nous"},"content":{"rendered":"\n<h3 class=\"wp-block-heading\">Balmec est un producteur de rouleaux d&rsquo;entra\u00eenement pour abatteuse, de couteaux d&rsquo;\u00e9branchage, de bras de rouleau, de v\u00e9rins hydrauliques, de cr\u00e9maill\u00e8res de grue, de roues de mesure et de nombreuses autres pi\u00e8ces de rechange.<\/h3>\n\n\n\n<p>Nous proposons diff\u00e9rentes solutions pour tous les types de t\u00eates d&rsquo;abattage les plus courants dans le monde (John Deere, Ponsse, Komatsu, Waratah, Rottne, SP, Log Max, Kesla, etc.).<\/p>\n\n\n\n<p>Nous n&rsquo;utilisons que des aciers de haute qualit\u00e9 afin que nos pi\u00e8ces de rechange durent plus longtemps et augmentent la productivit\u00e9 de votre machine.<\/p>\n","protected":false},"excerpt":{"rendered":"<p>Balmec est un producteur de rouleaux d&rsquo;entra\u00eenement pour abatteuse, de couteaux d&rsquo;\u00e9branchage, de bras de rouleau, de v\u00e9rins hydrauliques, de cr\u00e9maill\u00e8res de grue, de roues de mesure et de nombreuses autres pi\u00e8ces de rechange. Nous proposons diff\u00e9rentes solutions pour tous les types de t\u00eates d&rsquo;abattage les plus courants dans le monde (John Deere, Ponsse, Komatsu, [&hellip;]<\/p>\n","protected":false},"author":1,"featured_media":0,"parent":0,"menu_order":0,"comment_status":"closed","ping_status":"closed","template":"template-about.php","meta":{"_acf_changed":false,"footnotes":""},"class_list":["post-1352","page","type-page","status-publish","hentry"],"acf":{"timeline":[{"year":"2007","photo":{"ID":1353,"id":1353,"title":"pilt1","filename":"pilt1.jpg","filesize":342496,"url":"https:\/\/balmec.com\/wp-content\/uploads\/2019\/04\/pilt1.jpg","link":"https:\/\/balmec.com\/fr\/about\/pilt1\/","alt":"","author":"2","description":"","caption":"","name":"pilt1","status":"inherit","uploaded_to":1352,"date":"2019-04-16 07:52:58","modified":"2019-04-16 07:52:58","menu_order":0,"mime_type":"image\/jpeg","type":"image","subtype":"jpeg","icon":"https:\/\/balmec.com\/wp-includes\/images\/media\/default.png","width":640,"height":480,"sizes":{"thumbnail":"https:\/\/balmec.com\/wp-content\/uploads\/2019\/04\/pilt1-150x150.jpg","thumbnail-width":150,"thumbnail-height":150,"medium":"https:\/\/balmec.com\/wp-content\/uploads\/2019\/04\/pilt1.jpg","medium-width":640,"medium-height":480,"medium_large":"https:\/\/balmec.com\/wp-content\/uploads\/2019\/04\/pilt1.jpg","medium_large-width":640,"medium_large-height":480,"large":"https:\/\/balmec.com\/wp-content\/uploads\/2019\/04\/pilt1.jpg","large-width":640,"large-height":480,"1536x1536":"https:\/\/balmec.com\/wp-content\/uploads\/2019\/04\/pilt1.jpg","1536x1536-width":640,"1536x1536-height":480,"2048x2048":"https:\/\/balmec.com\/wp-content\/uploads\/2019\/04\/pilt1.jpg","2048x2048-width":640,"2048x2048-height":480,"person-sm":"https:\/\/balmec.com\/wp-content\/uploads\/2019\/04\/pilt1-300x300.jpg","person-sm-width":300,"person-sm-height":300,"blog-sm":"https:\/\/balmec.com\/wp-content\/uploads\/2019\/04\/pilt1-500x375.jpg","blog-sm-width":500,"blog-sm-height":375}},"photo_description":"L'un des fondateurs de Metsavennad Grupp et plus tard de Balmec, Siim Soom\u00e4gi.","content":"<p>La soci\u00e9t\u00e9 Metsavennad Grupp est enregistr\u00e9e. L&rsquo;objectif est d&rsquo;offrir les services d&rsquo;op\u00e9rateur de machine foresti\u00e8re et l&rsquo;assistance la plus \u00e9l\u00e9mentaire pour les abatteuses. Par exemple\u00a0: aff\u00fbtage de cha\u00eene, entretien des tuyaux, r\u00e9paration de soudures, etc.<\/p>\n"},{"year":"2008","photo":{"ID":1361,"id":1361,"title":"Balmec_Old_Feed_Rollers","filename":"Balmec_Old_Feed_Rollers.png","filesize":669647,"url":"https:\/\/balmec.com\/wp-content\/uploads\/2019\/04\/Balmec_Old_Feed_Rollers.png","link":"https:\/\/balmec.com\/fr\/about\/balmec_old_feed_rollers\/","alt":"","author":"2","description":"","caption":"","name":"balmec_old_feed_rollers","status":"inherit","uploaded_to":1352,"date":"2019-04-16 08:17:06","modified":"2019-04-16 08:17:06","menu_order":0,"mime_type":"image\/png","type":"image","subtype":"png","icon":"https:\/\/balmec.com\/wp-includes\/images\/media\/default.png","width":553,"height":641,"sizes":{"thumbnail":"https:\/\/balmec.com\/wp-content\/uploads\/2019\/04\/Balmec_Old_Feed_Rollers-150x150.png","thumbnail-width":150,"thumbnail-height":150,"medium":"https:\/\/balmec.com\/wp-content\/uploads\/2019\/04\/Balmec_Old_Feed_Rollers.png","medium-width":553,"medium-height":641,"medium_large":"https:\/\/balmec.com\/wp-content\/uploads\/2019\/04\/Balmec_Old_Feed_Rollers.png","medium_large-width":553,"medium_large-height":641,"large":"https:\/\/balmec.com\/wp-content\/uploads\/2019\/04\/Balmec_Old_Feed_Rollers.png","large-width":553,"large-height":641,"1536x1536":"https:\/\/balmec.com\/wp-content\/uploads\/2019\/04\/Balmec_Old_Feed_Rollers.png","1536x1536-width":553,"1536x1536-height":641,"2048x2048":"https:\/\/balmec.com\/wp-content\/uploads\/2019\/04\/Balmec_Old_Feed_Rollers.png","2048x2048-width":553,"2048x2048-height":641,"person-sm":"https:\/\/balmec.com\/wp-content\/uploads\/2019\/04\/Balmec_Old_Feed_Rollers-300x300.png","person-sm-width":300,"person-sm-height":300,"blog-sm":"https:\/\/balmec.com\/wp-content\/uploads\/2019\/04\/Balmec_Old_Feed_Rollers-431x500.png","blog-sm-width":431,"blog-sm-height":500}},"photo_description":"Les tout premiers rouleaux d'entra\u00eenement Balmec jamais fabriqu\u00e9s \u2013 voil\u00e0 \u00e0 quoi ils ressemblent apr\u00e8s 13\u00a0000\u00a0heures de travail.\u2028","content":"<p>Les premiers rouleaux d&rsquo;entra\u00eenement sont produits. Heureusement, nous les avons r\u00e9cup\u00e9r\u00e9s de notre bon client apr\u00e8s (environ) 13\u00a0000\u00a0heures de travail. Nous avons r\u00e9ussi \u00e0 conclure l&rsquo;affaire lorsqu&rsquo;il est revenu pour acheter une nouvelle paire pour sa t\u00eate d&rsquo;abattage John Deere 745.<\/p>\n<p>Les ventes \u00e0 l&rsquo;exportation d\u00e9butent en Pologne et en Su\u00e8de avec la conclusion des premiers accords officiels de revendeurs Balmec avec Saltus Serwis S.C. et Stigs Maskin AB.<\/p>\n"},{"year":"2010","photo":{"ID":1358,"id":1358,"title":"Balmec_logo_old","filename":"Balmec_logo_old.png","filesize":82994,"url":"https:\/\/balmec.com\/wp-content\/uploads\/2019\/04\/Balmec_logo_old.png","link":"https:\/\/balmec.com\/fr\/about\/balmec_logo_old\/","alt":"","author":"2","description":"","caption":"","name":"balmec_logo_old","status":"inherit","uploaded_to":1352,"date":"2019-04-16 08:10:15","modified":"2019-04-16 08:10:15","menu_order":0,"mime_type":"image\/png","type":"image","subtype":"png","icon":"https:\/\/balmec.com\/wp-includes\/images\/media\/default.png","width":999,"height":565,"sizes":{"thumbnail":"https:\/\/balmec.com\/wp-content\/uploads\/2019\/04\/Balmec_logo_old-150x150.png","thumbnail-width":150,"thumbnail-height":150,"medium":"https:\/\/balmec.com\/wp-content\/uploads\/2019\/04\/Balmec_logo_old.png","medium-width":999,"medium-height":565,"medium_large":"https:\/\/balmec.com\/wp-content\/uploads\/2019\/04\/Balmec_logo_old-768x434.png","medium_large-width":768,"medium_large-height":434,"large":"https:\/\/balmec.com\/wp-content\/uploads\/2019\/04\/Balmec_logo_old.png","large-width":999,"large-height":565,"1536x1536":"https:\/\/balmec.com\/wp-content\/uploads\/2019\/04\/Balmec_logo_old.png","1536x1536-width":999,"1536x1536-height":565,"2048x2048":"https:\/\/balmec.com\/wp-content\/uploads\/2019\/04\/Balmec_logo_old.png","2048x2048-width":999,"2048x2048-height":565,"person-sm":"https:\/\/balmec.com\/wp-content\/uploads\/2019\/04\/Balmec_logo_old-300x300.png","person-sm-width":300,"person-sm-height":300,"blog-sm":"https:\/\/balmec.com\/wp-content\/uploads\/2019\/04\/Balmec_logo_old-500x283.png","blog-sm-width":500,"blog-sm-height":283}},"photo_description":"Voici \u00e0 quoi ressemblait notre tout premier logo en 2010.","content":"<p>Une toute nouvelle soci\u00e9t\u00e9 appel\u00e9e Balmec Forest O\u00dc et la marque d\u00e9pos\u00e9e \u00ab\u00a0Balmec\u00a0\u00bb sont enregistr\u00e9es. L&rsquo;objectif est de d\u00e9velopper notre propre r\u00e9seau de revendeurs afin que davantage de clients puissent obtenir nos produits le plus rapidement possible.<\/p>\n<p>Les ventes \u00e0 l&rsquo;exportation commencent vers la Lettonie et la Lituanie.<\/p>\n"},{"year":"2011","photo":{"ID":1360,"id":1360,"title":"John_Deere_Harvester_Balmec","filename":"John_Deere_Harvester_Balmec.png","filesize":882280,"url":"https:\/\/balmec.com\/wp-content\/uploads\/2019\/04\/John_Deere_Harvester_Balmec.png","link":"https:\/\/balmec.com\/fr\/about\/john_deere_harvester_balmec\/","alt":"","author":"2","description":"","caption":"","name":"john_deere_harvester_balmec","status":"inherit","uploaded_to":1352,"date":"2019-04-16 08:14:08","modified":"2019-04-16 08:14:08","menu_order":0,"mime_type":"image\/png","type":"image","subtype":"png","icon":"https:\/\/balmec.com\/wp-includes\/images\/media\/default.png","width":567,"height":582,"sizes":{"thumbnail":"https:\/\/balmec.com\/wp-content\/uploads\/2019\/04\/John_Deere_Harvester_Balmec-150x150.png","thumbnail-width":150,"thumbnail-height":150,"medium":"https:\/\/balmec.com\/wp-content\/uploads\/2019\/04\/John_Deere_Harvester_Balmec.png","medium-width":567,"medium-height":582,"medium_large":"https:\/\/balmec.com\/wp-content\/uploads\/2019\/04\/John_Deere_Harvester_Balmec.png","medium_large-width":567,"medium_large-height":582,"large":"https:\/\/balmec.com\/wp-content\/uploads\/2019\/04\/John_Deere_Harvester_Balmec.png","large-width":567,"large-height":582,"1536x1536":"https:\/\/balmec.com\/wp-content\/uploads\/2019\/04\/John_Deere_Harvester_Balmec.png","1536x1536-width":567,"1536x1536-height":582,"2048x2048":"https:\/\/balmec.com\/wp-content\/uploads\/2019\/04\/John_Deere_Harvester_Balmec.png","2048x2048-width":567,"2048x2048-height":582,"person-sm":"https:\/\/balmec.com\/wp-content\/uploads\/2019\/04\/John_Deere_Harvester_Balmec-300x300.png","person-sm-width":300,"person-sm-height":300,"blog-sm":"https:\/\/balmec.com\/wp-content\/uploads\/2019\/04\/John_Deere_Harvester_Balmec-487x500.png","blog-sm-width":487,"blog-sm-height":500}},"photo_description":"","content":"<p>Une coop\u00e9ration \u00e9troite avec notre principal fournisseur d&rsquo;acier SSAB conduit aux tout premiers couteaux d&rsquo;\u00e9branchage de Balmec. Ils sont con\u00e7us pour la t\u00eate d&rsquo;abattage John Deere 758HD et en raison de plusieurs am\u00e9liorations dans la construction, nous les voyons parfois encore en utilisation, m\u00eame aujourd&rsquo;hui (apr\u00e8s \u00ab\u00a0qui-sait-combien-d&rsquo;heures-de-travail\u00a0\u00bb)<\/p>\n<p>John Deere Forestry commence \u00e0 vendre tous nos produits via son r\u00e9seau de vente au d\u00e9tail \u00e0 travers l&rsquo;Europe. Les premi\u00e8res ventes sont \u00e9galement r\u00e9alis\u00e9es en Russie et au Br\u00e9sil.<\/p>\n"},{"year":"2014","photo":{"ID":1362,"id":1362,"title":"pilt 5","filename":"pilt-5.jpg","filesize":520438,"url":"https:\/\/balmec.com\/wp-content\/uploads\/2019\/04\/pilt-5.jpg","link":"https:\/\/balmec.com\/fr\/about\/pilt-5\/","alt":"","author":"2","description":"","caption":"","name":"pilt-5","status":"inherit","uploaded_to":1352,"date":"2019-04-16 08:19:32","modified":"2019-04-16 08:19:32","menu_order":0,"mime_type":"image\/jpeg","type":"image","subtype":"jpeg","icon":"https:\/\/balmec.com\/wp-includes\/images\/media\/default.png","width":1133,"height":565,"sizes":{"thumbnail":"https:\/\/balmec.com\/wp-content\/uploads\/2019\/04\/pilt-5-150x150.jpg","thumbnail-width":150,"thumbnail-height":150,"medium":"https:\/\/balmec.com\/wp-content\/uploads\/2019\/04\/pilt-5-1024x511.jpg","medium-width":1024,"medium-height":511,"medium_large":"https:\/\/balmec.com\/wp-content\/uploads\/2019\/04\/pilt-5-768x383.jpg","medium_large-width":768,"medium_large-height":383,"large":"https:\/\/balmec.com\/wp-content\/uploads\/2019\/04\/pilt-5.jpg","large-width":1133,"large-height":565,"1536x1536":"https:\/\/balmec.com\/wp-content\/uploads\/2019\/04\/pilt-5.jpg","1536x1536-width":1133,"1536x1536-height":565,"2048x2048":"https:\/\/balmec.com\/wp-content\/uploads\/2019\/04\/pilt-5.jpg","2048x2048-width":1133,"2048x2048-height":565,"person-sm":"https:\/\/balmec.com\/wp-content\/uploads\/2019\/04\/pilt-5-300x300.jpg","person-sm-width":300,"person-sm-height":300,"blog-sm":"https:\/\/balmec.com\/wp-content\/uploads\/2019\/04\/pilt-5-500x249.jpg","blog-sm-width":500,"blog-sm-height":249}},"photo_description":"Vue du ciel du b\u00e2timent principal de l'usine en 2014, peu de temps apr\u00e8s avoir d\u00e9plac\u00e9 toute la production dans un petit village nomm\u00e9 Tootsi, \u00e0 environ 30\u00a0km de P\u00e4rnu.","content":"<p>Balmec rach\u00e8te une partie de l&rsquo;ancienne usine de production de tourbe fond\u00e9e en 1938. L&rsquo;ensemble de la production et des machines d\u00e9m\u00e9nage de deux sites lou\u00e9s \u00e0 P\u00e4rnu \u00e0 30\u00a0km de la ville, dans un petit village nomm\u00e9 Tootsi. Comme les installations sont tr\u00e8s anciennes, de nombreux travaux de construction et de r\u00e9novation doivent \u00eatre effectu\u00e9s. Cela reste encore un d\u00e9fi aujourd&rsquo;hui car nous voulons toujours am\u00e9liorer quelque chose dans l&rsquo;usine.<\/p>\n<p>Premier revendeur officiel en Australie.<\/p>\n"},{"year":"2015","photo":{"ID":1366,"id":1366,"title":"Balmec_CNC","filename":"Balmec_CNC.jpg","filesize":2803687,"url":"https:\/\/balmec.com\/wp-content\/uploads\/2019\/04\/Balmec_CNC.jpg","link":"https:\/\/balmec.com\/fr\/about\/balmec_cnc\/","alt":"","author":"2","description":"","caption":"","name":"balmec_cnc","status":"inherit","uploaded_to":1352,"date":"2019-04-23 08:41:31","modified":"2019-04-23 08:41:31","menu_order":0,"mime_type":"image\/jpeg","type":"image","subtype":"jpeg","icon":"https:\/\/balmec.com\/wp-includes\/images\/media\/default.png","width":3556,"height":2667,"sizes":{"thumbnail":"https:\/\/balmec.com\/wp-content\/uploads\/2019\/04\/Balmec_CNC-150x150.jpg","thumbnail-width":150,"thumbnail-height":150,"medium":"https:\/\/balmec.com\/wp-content\/uploads\/2019\/04\/Balmec_CNC-1024x768.jpg","medium-width":1024,"medium-height":768,"medium_large":"https:\/\/balmec.com\/wp-content\/uploads\/2019\/04\/Balmec_CNC-768x576.jpg","medium_large-width":768,"medium_large-height":576,"large":"https:\/\/balmec.com\/wp-content\/uploads\/2019\/04\/Balmec_CNC-1920x1440.jpg","large-width":1920,"large-height":1440,"1536x1536":"https:\/\/balmec.com\/wp-content\/uploads\/2019\/04\/Balmec_CNC.jpg","1536x1536-width":1536,"1536x1536-height":1152,"2048x2048":"https:\/\/balmec.com\/wp-content\/uploads\/2019\/04\/Balmec_CNC.jpg","2048x2048-width":2048,"2048x2048-height":1536,"person-sm":"https:\/\/balmec.com\/wp-content\/uploads\/2019\/04\/Balmec_CNC-300x300.jpg","person-sm-width":300,"person-sm-height":300,"blog-sm":"https:\/\/balmec.com\/wp-content\/uploads\/2019\/04\/Balmec_CNC-500x375.jpg","blog-sm-width":500,"blog-sm-height":375}},"photo_description":"","content":"<p>Gr\u00e2ce aux investissements continus dans les machines CNC modernes, de nouvelles lignes de produits sont introduites\u00a0: bras de rouleaux d&rsquo;entra\u00eenement, divers couteaux sup\u00e9rieurs, attrape-cha\u00eene et plus encore. En automne, nous avons lanc\u00e9 toute une s\u00e9rie d&rsquo;accessoires de chenille \u2013 certains des produits les plus vendus encore aujourd&rsquo;hui.<\/p>\n"},{"year":"2016","photo":{"ID":1367,"id":1367,"title":"Balmec SC measuring wheel for John Deere H480C","filename":"Balmec-SC-measuring-wheel-for-John-Deere-H480C.jpg","filesize":793608,"url":"https:\/\/balmec.com\/wp-content\/uploads\/2019\/09\/Balmec-SC-measuring-wheel-for-John-Deere-H480C.jpg","link":"https:\/\/balmec.com\/fr\/about\/balmec-sc-measuring-wheel-for-john-deere-h480c\/","alt":"","author":"2","description":"Balmec SC measuring wheel for John Deere H480C","caption":"Balmec SC measuring wheel for John Deere H480C","name":"balmec-sc-measuring-wheel-for-john-deere-h480c","status":"inherit","uploaded_to":1352,"date":"2019-09-07 17:14:41","modified":"2019-09-07 17:14:41","menu_order":0,"mime_type":"image\/jpeg","type":"image","subtype":"jpeg","icon":"https:\/\/balmec.com\/wp-includes\/images\/media\/default.png","width":1536,"height":2048,"sizes":{"thumbnail":"https:\/\/balmec.com\/wp-content\/uploads\/2019\/09\/Balmec-SC-measuring-wheel-for-John-Deere-H480C-150x150.jpg","thumbnail-width":150,"thumbnail-height":150,"medium":"https:\/\/balmec.com\/wp-content\/uploads\/2019\/09\/Balmec-SC-measuring-wheel-for-John-Deere-H480C-768x1024.jpg","medium-width":768,"medium-height":1024,"medium_large":"https:\/\/balmec.com\/wp-content\/uploads\/2019\/09\/Balmec-SC-measuring-wheel-for-John-Deere-H480C-768x1024.jpg","medium_large-width":768,"medium_large-height":1024,"large":"https:\/\/balmec.com\/wp-content\/uploads\/2019\/09\/Balmec-SC-measuring-wheel-for-John-Deere-H480C-1440x1920.jpg","large-width":1440,"large-height":1920,"1536x1536":"https:\/\/balmec.com\/wp-content\/uploads\/2019\/09\/Balmec-SC-measuring-wheel-for-John-Deere-H480C.jpg","1536x1536-width":1152,"1536x1536-height":1536,"2048x2048":"https:\/\/balmec.com\/wp-content\/uploads\/2019\/09\/Balmec-SC-measuring-wheel-for-John-Deere-H480C.jpg","2048x2048-width":1536,"2048x2048-height":2048,"person-sm":"https:\/\/balmec.com\/wp-content\/uploads\/2019\/09\/Balmec-SC-measuring-wheel-for-John-Deere-H480C-300x300.jpg","person-sm-width":300,"person-sm-height":300,"blog-sm":"https:\/\/balmec.com\/wp-content\/uploads\/2019\/09\/Balmec-SC-measuring-wheel-for-John-Deere-H480C-375x500.jpg","blog-sm-width":375,"blog-sm-height":500}},"photo_description":"Roue de mesure de longueur Balmec type SC pour t\u00eate d'abattage John Deere H480C. Une pr\u00e9sence commune aujourd'hui sur diff\u00e9rentes t\u00eates d'abattage.","content":"<p>Apr\u00e8s d&rsquo;innombrables tests de profil, la roue de mesure de longueur Balmec de type SC est lanc\u00e9e pour la production en s\u00e9rie. La gamme de mod\u00e8les couvre toutes les t\u00eates d&rsquo;abattage les plus courantes et est mise \u00e0 jour mensuellement. C&rsquo;est la premi\u00e8re roue de mesure qui peut \u00e9galement traiter l&rsquo;\u00e9corce l\u00e2che sans avoir besoin de mesurer le m\u00eame tronc plusieurs fois. L&rsquo;augmentation de la productivit\u00e9 est aussi simple que cela.<\/p>\n"},{"year":"2018","photo":{"ID":1364,"id":1364,"title":"pilt 7","filename":"pilt-7.jpg","filesize":4911917,"url":"https:\/\/balmec.com\/wp-content\/uploads\/2019\/04\/pilt-7.jpg","link":"https:\/\/balmec.com\/fr\/about\/pilt-7\/","alt":"","author":"2","description":"","caption":"","name":"pilt-7","status":"inherit","uploaded_to":1352,"date":"2019-04-16 08:26:12","modified":"2019-04-16 08:26:12","menu_order":0,"mime_type":"image\/jpeg","type":"image","subtype":"jpeg","icon":"https:\/\/balmec.com\/wp-includes\/images\/media\/default.png","width":4937,"height":3291,"sizes":{"thumbnail":"https:\/\/balmec.com\/wp-content\/uploads\/2019\/04\/pilt-7-150x150.jpg","thumbnail-width":150,"thumbnail-height":150,"medium":"https:\/\/balmec.com\/wp-content\/uploads\/2019\/04\/pilt-7-1024x683.jpg","medium-width":1024,"medium-height":683,"medium_large":"https:\/\/balmec.com\/wp-content\/uploads\/2019\/04\/pilt-7-768x512.jpg","medium_large-width":768,"medium_large-height":512,"large":"https:\/\/balmec.com\/wp-content\/uploads\/2019\/04\/pilt-7-1920x1280.jpg","large-width":1920,"large-height":1280,"1536x1536":"https:\/\/balmec.com\/wp-content\/uploads\/2019\/04\/pilt-7.jpg","1536x1536-width":1536,"1536x1536-height":1024,"2048x2048":"https:\/\/balmec.com\/wp-content\/uploads\/2019\/04\/pilt-7.jpg","2048x2048-width":2048,"2048x2048-height":1365,"person-sm":"https:\/\/balmec.com\/wp-content\/uploads\/2019\/04\/pilt-7-300x300.jpg","person-sm-width":300,"person-sm-height":300,"blog-sm":"https:\/\/balmec.com\/wp-content\/uploads\/2019\/04\/pilt-7-500x333.jpg","blog-sm-width":500,"blog-sm-height":333}},"photo_description":"","content":"<p>Balmec produit le rouleau d&rsquo;entra\u00eenement num\u00e9ro\u00a010000, con\u00e7u pour la t\u00eate d&rsquo;abattage Log Max 6000. Le rouleau a \u00e9t\u00e9 exp\u00e9di\u00e9 au Canada quelques semaines plus tard.<\/p>\n"},{"year":"2019","photo":{"ID":1368,"id":1368,"title":"Balmec eucalyptus feed rollers for John Deere 758HD 1","filename":"Balmec-eucalyptus-feed-rollers-for-John-Deere-758HD-1-e1568725754891.jpeg","filesize":31099,"url":"https:\/\/balmec.com\/wp-content\/uploads\/2019\/09\/Balmec-eucalyptus-feed-rollers-for-John-Deere-758HD-1-e1568725754891.jpeg","link":"https:\/\/balmec.com\/fr\/about\/balmec-eucalyptus-feed-rollers-for-john-deere-758hd-1\/","alt":"","author":"2","description":"","caption":"","name":"balmec-eucalyptus-feed-rollers-for-john-deere-758hd-1","status":"inherit","uploaded_to":1352,"date":"2019-09-07 18:07:15","modified":"2019-09-07 18:07:15","menu_order":0,"mime_type":"image\/jpeg","type":"image","subtype":"jpeg","icon":"https:\/\/balmec.com\/wp-includes\/images\/media\/default.png","width":300,"height":400,"sizes":{"thumbnail":"https:\/\/balmec.com\/wp-content\/uploads\/2019\/09\/Balmec-eucalyptus-feed-rollers-for-John-Deere-758HD-1-150x150.jpeg","thumbnail-width":150,"thumbnail-height":150,"medium":"https:\/\/balmec.com\/wp-content\/uploads\/2019\/09\/Balmec-eucalyptus-feed-rollers-for-John-Deere-758HD-1-768x1024.jpeg","medium-width":768,"medium-height":1024,"medium_large":"https:\/\/balmec.com\/wp-content\/uploads\/2019\/09\/Balmec-eucalyptus-feed-rollers-for-John-Deere-758HD-1-768x1024.jpeg","medium_large-width":768,"medium_large-height":1024,"large":"https:\/\/balmec.com\/wp-content\/uploads\/2019\/09\/Balmec-eucalyptus-feed-rollers-for-John-Deere-758HD-1-e1568725754891.jpeg","large-width":300,"large-height":400,"1536x1536":"https:\/\/balmec.com\/wp-content\/uploads\/2019\/09\/Balmec-eucalyptus-feed-rollers-for-John-Deere-758HD-1-e1568725754891.jpeg","1536x1536-width":300,"1536x1536-height":400,"2048x2048":"https:\/\/balmec.com\/wp-content\/uploads\/2019\/09\/Balmec-eucalyptus-feed-rollers-for-John-Deere-758HD-1-e1568725754891.jpeg","2048x2048-width":300,"2048x2048-height":400,"person-sm":"https:\/\/balmec.com\/wp-content\/uploads\/2019\/09\/Balmec-eucalyptus-feed-rollers-for-John-Deere-758HD-1-300x300.jpeg","person-sm-width":300,"person-sm-height":300,"blog-sm":"https:\/\/balmec.com\/wp-content\/uploads\/2019\/09\/Balmec-eucalyptus-feed-rollers-for-John-Deere-758HD-1-375x500.jpeg","blog-sm-width":375,"blog-sm-height":500}},"photo_description":"Rouleaux d'entra\u00eenement d'\u00e9cor\u00e7age Balmec sur t\u00eate d'abattage John Deere 758HD.","content":"<p>Apr\u00e8s le grand succ\u00e8s de la p\u00e9riode d&rsquo;essai, la production en s\u00e9rie de rouleaux d&rsquo;\u00e9cor\u00e7age d&rsquo;eucalyptus commence. Les premiers mod\u00e8les sont con\u00e7us pour les t\u00eates d&rsquo;abattage John Deere, Komatsu et Log Max, mais nous en avons encore plus \u00e0 venir.<\/p>\n"}],"secondary_intro":"Balmec produit \u00e9galement des pi\u00e8ces de t\u00eate d'abattage personnalis\u00e9es comme des rouleaux d'entra\u00eenement, des couteaux d'\u00e9branchage, des roues de mesure, etc. en fonction de vos besoins sp\u00e9cifiques."},"_links":{"self":[{"href":"https:\/\/balmec.com\/fr\/wp-json\/wp\/v2\/pages\/1352","targetHints":{"allow":["GET"]}}],"collection":[{"href":"https:\/\/balmec.com\/fr\/wp-json\/wp\/v2\/pages"}],"about":[{"href":"https:\/\/balmec.com\/fr\/wp-json\/wp\/v2\/types\/page"}],"author":[{"embeddable":true,"href":"https:\/\/balmec.com\/fr\/wp-json\/wp\/v2\/users\/1"}],"replies":[{"embeddable":true,"href":"https:\/\/balmec.com\/fr\/wp-json\/wp\/v2\/comments?post=1352"}],"version-history":[{"count":3,"href":"https:\/\/balmec.com\/fr\/wp-json\/wp\/v2\/pages\/1352\/revisions"}],"predecessor-version":[{"id":1370,"href":"https:\/\/balmec.com\/fr\/wp-json\/wp\/v2\/pages\/1352\/revisions\/1370"}],"wp:attachment":[{"href":"https:\/\/balmec.com\/fr\/wp-json\/wp\/v2\/media?parent=1352"}],"curies":[{"name":"wp","href":"https:\/\/api.w.org\/{rel}","templated":true}]}}