{"id":1323,"date":"2019-02-05T18:04:28","date_gmt":"2019-02-05T18:04:28","guid":{"rendered":"https:\/\/balmec.com\/?page_id=1323"},"modified":"2022-01-31T14:30:48","modified_gmt":"2022-01-31T14:30:48","slug":"front-page","status":"publish","type":"page","link":"https:\/\/balmec.com\/fr\/","title":{"rendered":"Front Page"},"content":{"rendered":"","protected":false},"excerpt":{"rendered":"","protected":false},"author":1,"featured_media":0,"parent":0,"menu_order":0,"comment_status":"closed","ping_status":"closed","template":"","meta":{"_acf_changed":false,"footnotes":""},"class_list":["post-1323","page","type-page","status-publish","hentry"],"acf":{"warranty_image":{"ID":1343,"id":1343,"title":"warranty-eng","filename":"warranty-eng.png","filesize":51821,"url":"https:\/\/balmec.com\/wp-content\/uploads\/2020\/08\/warranty-eng.png","link":"https:\/\/balmec.com\/fr\/front-page\/warranty-eng\/","alt":"","author":"1","description":"","caption":"","name":"warranty-eng","status":"inherit","uploaded_to":1323,"date":"2020-08-18 07:25:51","modified":"2020-08-18 07:25:51","menu_order":0,"mime_type":"image\/png","type":"image","subtype":"png","icon":"https:\/\/balmec.com\/wp-includes\/images\/media\/default.png","width":720,"height":243,"sizes":{"thumbnail":"https:\/\/balmec.com\/wp-content\/uploads\/2020\/08\/warranty-eng-150x150.png","thumbnail-width":150,"thumbnail-height":150,"medium":"https:\/\/balmec.com\/wp-content\/uploads\/2020\/08\/warranty-eng.png","medium-width":720,"medium-height":243,"medium_large":"https:\/\/balmec.com\/wp-content\/uploads\/2020\/08\/warranty-eng.png","medium_large-width":720,"medium_large-height":243,"large":"https:\/\/balmec.com\/wp-content\/uploads\/2020\/08\/warranty-eng.png","large-width":720,"large-height":243,"1536x1536":"https:\/\/balmec.com\/wp-content\/uploads\/2020\/08\/warranty-eng.png","1536x1536-width":720,"1536x1536-height":243,"2048x2048":"https:\/\/balmec.com\/wp-content\/uploads\/2020\/08\/warranty-eng.png","2048x2048-width":720,"2048x2048-height":243,"person-sm":"https:\/\/balmec.com\/wp-content\/uploads\/2020\/08\/warranty-eng-300x243.png","person-sm-width":300,"person-sm-height":243,"blog-sm":"https:\/\/balmec.com\/wp-content\/uploads\/2020\/08\/warranty-eng-500x169.png","blog-sm-width":500,"blog-sm-height":169}},"hero_slogan":"Productivit\u00e9. Innovation. Qualit\u00e9. Avec nos produits, elles sont toutes \u00e0 vous.","lead":"<h3>La gamme de produits Balmec comprend des rouleaux d&rsquo;entra\u00eenement, des couteaux d&rsquo;\u00e9branchage, des bras de rouleau, des v\u00e9rins hydrauliques, des cr\u00e9maill\u00e8res de grue, des roues de mesure et bien d&rsquo;autres pi\u00e8ces pour les machines foresti\u00e8res les plus courantes dans le monde.<\/h3>\n<p>John Deere, Ponsse, Komatsu, Waratah, Rottne, Log Max etc.<\/p>\n<h3>Nous proposons des solutions o\u00f9 les meilleurs mat\u00e9riaux sont associ\u00e9s \u00e0 une technologie moderne.<\/h3>\n","products_info":"<h3>Nous n&rsquo;arr\u00eatons pas de r\u00e9inventer la \u00ab\u00a0roue\u00a0\u00bb d&rsquo;entra\u00eenement. Pourquoi faisons-nous cela\u00a0? Nous sommes motiv\u00e9s par nos clients qui nous aident \u00e0 repenser la productivit\u00e9 d&rsquo;une machine foresti\u00e8re.<\/h3>\n","products_info_list":[{"icon":"machine","content":"Plus de 400 produits uniques parmi lesquels choisir"},{"icon":"steel","content":"Nous utilisons des aciers sp\u00e9ciaux SSAB produits sur mesure pour Balmec"},{"icon":"hooks","content":"Productivit\u00e9 augment\u00e9e et consommation de carburant diminu\u00e9e"},{"icon":"truck","content":"Temps d'arr\u00eat impr\u00e9vus r\u00e9duits"}],"highlighted_products":[{"photo":{"ID":1335,"id":1335,"title":"SNAKE_WHEEL_BALMEC","filename":"SNAKE_WHEEL_BALMEC.jpg","filesize":286754,"url":"https:\/\/balmec.com\/wp-content\/uploads\/2019\/09\/SNAKE_WHEEL_BALMEC.jpg","link":"https:\/\/balmec.com\/fr\/front-page\/snake_wheel_balmec\/","alt":"","author":"2","description":"","caption":"","name":"snake_wheel_balmec","status":"inherit","uploaded_to":1323,"date":"2019-09-02 10:58:31","modified":"2019-09-02 10:58:31","menu_order":0,"mime_type":"image\/jpeg","type":"image","subtype":"jpeg","icon":"https:\/\/balmec.com\/wp-includes\/images\/media\/default.png","width":1000,"height":1000,"sizes":{"thumbnail":"https:\/\/balmec.com\/wp-content\/uploads\/2019\/09\/SNAKE_WHEEL_BALMEC-150x150.jpg","thumbnail-width":150,"thumbnail-height":150,"medium":"https:\/\/balmec.com\/wp-content\/uploads\/2019\/09\/SNAKE_WHEEL_BALMEC.jpg","medium-width":1000,"medium-height":1000,"medium_large":"https:\/\/balmec.com\/wp-content\/uploads\/2019\/09\/SNAKE_WHEEL_BALMEC-768x768.jpg","medium_large-width":768,"medium_large-height":768,"large":"https:\/\/balmec.com\/wp-content\/uploads\/2019\/09\/SNAKE_WHEEL_BALMEC.jpg","large-width":1000,"large-height":1000,"1536x1536":"https:\/\/balmec.com\/wp-content\/uploads\/2019\/09\/SNAKE_WHEEL_BALMEC.jpg","1536x1536-width":1000,"1536x1536-height":1000,"2048x2048":"https:\/\/balmec.com\/wp-content\/uploads\/2019\/09\/SNAKE_WHEEL_BALMEC.jpg","2048x2048-width":1000,"2048x2048-height":1000,"person-sm":"https:\/\/balmec.com\/wp-content\/uploads\/2019\/09\/SNAKE_WHEEL_BALMEC-300x300.jpg","person-sm-width":300,"person-sm-height":300,"blog-sm":"https:\/\/balmec.com\/wp-content\/uploads\/2019\/09\/SNAKE_WHEEL_BALMEC-500x500.jpg","blog-sm-width":500,"blog-sm-height":500}},"slogan":"MESURER UNE FOIS, COUPER UNE FOIS","title":"Roue de mesure type SC","info":"Pr\u00e9cision de premier ordre, m\u00eame avec de l'\u00e9corce l\u00e2che\u00a0!","link_to_product":"http:\/\/balmec.com\/products\/BM000990"},{"photo":{"ID":1350,"id":1350,"title":"Komatsu_C144_Roller_cover_BALMEC_2","filename":"Komatsu_C144_Roller_cover_BALMEC_2.jpg","filesize":179024,"url":"https:\/\/balmec.com\/wp-content\/uploads\/2021\/08\/Komatsu_C144_Roller_cover_BALMEC_2.jpg","link":"https:\/\/balmec.com\/fr\/front-page\/komatsu_c144_roller_cover_balmec_2\/","alt":"","author":"2","description":"","caption":"","name":"komatsu_c144_roller_cover_balmec_2","status":"inherit","uploaded_to":1323,"date":"2021-08-18 08:05:38","modified":"2021-08-18 08:05:38","menu_order":0,"mime_type":"image\/jpeg","type":"image","subtype":"jpeg","icon":"https:\/\/balmec.com\/wp-includes\/images\/media\/default.png","width":1000,"height":1000,"sizes":{"thumbnail":"https:\/\/balmec.com\/wp-content\/uploads\/2021\/08\/Komatsu_C144_Roller_cover_BALMEC_2-150x150.jpg","thumbnail-width":150,"thumbnail-height":150,"medium":"https:\/\/balmec.com\/wp-content\/uploads\/2021\/08\/Komatsu_C144_Roller_cover_BALMEC_2.jpg","medium-width":1000,"medium-height":1000,"medium_large":"https:\/\/balmec.com\/wp-content\/uploads\/2021\/08\/Komatsu_C144_Roller_cover_BALMEC_2-768x768.jpg","medium_large-width":768,"medium_large-height":768,"large":"https:\/\/balmec.com\/wp-content\/uploads\/2021\/08\/Komatsu_C144_Roller_cover_BALMEC_2.jpg","large-width":1000,"large-height":1000,"1536x1536":"https:\/\/balmec.com\/wp-content\/uploads\/2021\/08\/Komatsu_C144_Roller_cover_BALMEC_2.jpg","1536x1536-width":1000,"1536x1536-height":1000,"2048x2048":"https:\/\/balmec.com\/wp-content\/uploads\/2021\/08\/Komatsu_C144_Roller_cover_BALMEC_2.jpg","2048x2048-width":1000,"2048x2048-height":1000,"person-sm":"https:\/\/balmec.com\/wp-content\/uploads\/2021\/08\/Komatsu_C144_Roller_cover_BALMEC_2-300x300.jpg","person-sm-width":300,"person-sm-height":300,"blog-sm":"https:\/\/balmec.com\/wp-content\/uploads\/2021\/08\/Komatsu_C144_Roller_cover_BALMEC_2-500x500.jpg","blog-sm-width":500,"blog-sm-height":500}},"slogan":"Nous vous avons couvert!","title":"Couvercle du rouleau d'alimentation Komatsu C144 HD","info":"Couverture de rouleau d'alimentation enti\u00e8rement repens\u00e9e pour la t\u00eate Komatsu C144. ","link_to_product":"https:\/\/balmec.com\/products\/BM002065"}],"carousel":[{"background":{"ID":1342,"id":1342,"title":"Balmec_koduka_avaleht_Ponsse_H7","filename":"Balmec_koduka_avaleht_Ponsse_H7.jpg","filesize":274390,"url":"https:\/\/balmec.com\/wp-content\/uploads\/2020\/03\/Balmec_koduka_avaleht_Ponsse_H7.jpg","link":"https:\/\/balmec.com\/fr\/front-page\/balmec_koduka_avaleht_ponsse_h7\/","alt":"","author":"2","description":"","caption":"","name":"balmec_koduka_avaleht_ponsse_h7","status":"inherit","uploaded_to":1323,"date":"2020-03-16 11:31:16","modified":"2020-03-16 11:31:16","menu_order":0,"mime_type":"image\/jpeg","type":"image","subtype":"jpeg","icon":"https:\/\/balmec.com\/wp-includes\/images\/media\/default.png","width":626,"height":513,"sizes":{"thumbnail":"https:\/\/balmec.com\/wp-content\/uploads\/2020\/03\/Balmec_koduka_avaleht_Ponsse_H7-150x150.jpg","thumbnail-width":150,"thumbnail-height":150,"medium":"https:\/\/balmec.com\/wp-content\/uploads\/2020\/03\/Balmec_koduka_avaleht_Ponsse_H7.jpg","medium-width":626,"medium-height":513,"medium_large":"https:\/\/balmec.com\/wp-content\/uploads\/2020\/03\/Balmec_koduka_avaleht_Ponsse_H7.jpg","medium_large-width":626,"medium_large-height":513,"large":"https:\/\/balmec.com\/wp-content\/uploads\/2020\/03\/Balmec_koduka_avaleht_Ponsse_H7.jpg","large-width":626,"large-height":513,"1536x1536":"https:\/\/balmec.com\/wp-content\/uploads\/2020\/03\/Balmec_koduka_avaleht_Ponsse_H7.jpg","1536x1536-width":626,"1536x1536-height":513,"2048x2048":"https:\/\/balmec.com\/wp-content\/uploads\/2020\/03\/Balmec_koduka_avaleht_Ponsse_H7.jpg","2048x2048-width":626,"2048x2048-height":513,"person-sm":"https:\/\/balmec.com\/wp-content\/uploads\/2020\/03\/Balmec_koduka_avaleht_Ponsse_H7-300x300.jpg","person-sm-width":300,"person-sm-height":300,"blog-sm":"https:\/\/balmec.com\/wp-content\/uploads\/2020\/03\/Balmec_koduka_avaleht_Ponsse_H7-500x410.jpg","blog-sm-width":500,"blog-sm-height":410}},"title":"","content":"<p>Nous sommes fiers de pr\u00e9senter un ensemble complet de couteaux d&rsquo;\u00e9branchage soud\u00e9s pour la t\u00eate d&rsquo;abattage Ponsse H7. La combinaison des meilleurs aciers \u00e0 haute performance SSAB leur conf\u00e8re une solidit\u00e9 tr\u00e8s \u00e9lev\u00e9e et donc une longue dur\u00e9e de vie.<\/p>\n<p>La qualit\u00e9 sans compromis de Balmec est assortie d&rsquo;une garantie d&rsquo;un an avec un nombre d&rsquo;heures de travail illimit\u00e9es.<\/p>\n","more_info_text":"Regarde de plus pr\u00e8s","more_info_url":"https:\/\/balmec.com\/fr\/products\/?manufacturer=5&model=H7"}],"products_ssab_info":"<p>Le partenariat continu avec SSAB et notre \u00e9quipe d&rsquo;ing\u00e9nieurs conduit \u00e0 des pi\u00e8ces de rechange de niveau sup\u00e9rieur. Nous sommes par cons\u00e9quent en mesure d&rsquo;offrir les meilleures conditions de garantie du march\u00e9.<\/p>\n","hero_video":"https:\/\/balmec.com\/wp-content\/uploads\/2022\/01\/2018.12.19_Balmec_Forest_Header_2.mp4","poster":{"ID":1340,"id":1340,"title":"loading","filename":"loading.jpg","filesize":970693,"url":"https:\/\/balmec.com\/wp-content\/uploads\/2020\/01\/loading.jpg","link":"https:\/\/balmec.com\/fr\/front-page\/loading\/","alt":"","author":"1","description":"","caption":"","name":"loading","status":"inherit","uploaded_to":1323,"date":"2020-01-02 15:34:39","modified":"2020-01-02 15:34:39","menu_order":0,"mime_type":"image\/jpeg","type":"image","subtype":"jpeg","icon":"https:\/\/balmec.com\/wp-includes\/images\/media\/default.png","width":1920,"height":1080,"sizes":{"thumbnail":"https:\/\/balmec.com\/wp-content\/uploads\/2020\/01\/loading-150x150.jpg","thumbnail-width":150,"thumbnail-height":150,"medium":"https:\/\/balmec.com\/wp-content\/uploads\/2020\/01\/loading-1024x576.jpg","medium-width":1024,"medium-height":576,"medium_large":"https:\/\/balmec.com\/wp-content\/uploads\/2020\/01\/loading-768x432.jpg","medium_large-width":768,"medium_large-height":432,"large":"https:\/\/balmec.com\/wp-content\/uploads\/2020\/01\/loading-1920x1080.jpg","large-width":1920,"large-height":1080,"1536x1536":"https:\/\/balmec.com\/wp-content\/uploads\/2020\/01\/loading.jpg","1536x1536-width":1536,"1536x1536-height":864,"2048x2048":"https:\/\/balmec.com\/wp-content\/uploads\/2020\/01\/loading.jpg","2048x2048-width":1920,"2048x2048-height":1080,"person-sm":"https:\/\/balmec.com\/wp-content\/uploads\/2020\/01\/loading-300x300.jpg","person-sm-width":300,"person-sm-height":300,"blog-sm":"https:\/\/balmec.com\/wp-content\/uploads\/2020\/01\/loading-500x281.jpg","blog-sm-width":500,"blog-sm-height":281}},"hero_video_mobile":"https:\/\/balmec.com\/wp-content\/uploads\/2022\/01\/2018.12.19_Balmec_Forest_Header_port_v2.mp4","selected_feedback":[{"ID":1489,"post_author":"1","post_date":"2019-02-06 22:08:24","post_date_gmt":"2019-02-06 22:08:24","post_content":"","post_title":"Flip Santos","post_excerpt":"","post_status":"publish","comment_status":"closed","ping_status":"closed","post_password":"","post_name":"firstname-lastname","to_ping":"","pinged":"","post_modified":"2022-01-31 13:10:34","post_modified_gmt":"2022-01-31 13:10:34","post_content_filtered":"","post_parent":0,"guid":"https:\/\/balmec.com\/feedback\/firstname-lastname\/","menu_order":0,"post_type":"feedback","post_mime_type":"","comment_count":"0","filter":"raw"},{"ID":1485,"post_author":"2","post_date":"2020-02-06 12:11:23","post_date_gmt":"2020-02-06 12:11:23","post_content":"","post_title":"Peter Williamson Jnr.","post_excerpt":"","post_status":"publish","comment_status":"closed","ping_status":"closed","post_password":"","post_name":"486","to_ping":"","pinged":"","post_modified":"2022-01-31 13:09:11","post_modified_gmt":"2022-01-31 13:09:11","post_content_filtered":"","post_parent":0,"guid":"https:\/\/balmec.com\/feedback\/486\/","menu_order":0,"post_type":"feedback","post_mime_type":"","comment_count":"0","filter":"raw"},{"ID":1481,"post_author":"2","post_date":"2021-07-22 08:37:57","post_date_gmt":"2021-07-22 08:37:57","post_content":"","post_title":"Neil Mckune","post_excerpt":"","post_status":"publish","comment_status":"closed","ping_status":"closed","post_password":"","post_name":"neil-mckune","to_ping":"","pinged":"","post_modified":"2022-01-31 13:07:15","post_modified_gmt":"2022-01-31 13:07:15","post_content_filtered":"","post_parent":0,"guid":"https:\/\/balmec.com\/feedback\/neil-mckune\/","menu_order":0,"post_type":"feedback","post_mime_type":"","comment_count":"0","filter":"raw"},{"ID":1475,"post_author":"2","post_date":"2021-08-05 08:32:27","post_date_gmt":"2021-08-05 08:32:27","post_content":"","post_title":"Joe Mcknight","post_excerpt":"","post_status":"publish","comment_status":"closed","ping_status":"closed","post_password":"","post_name":"joe-mcknight","to_ping":"","pinged":"","post_modified":"2022-01-31 13:02:10","post_modified_gmt":"2022-01-31 13:02:10","post_content_filtered":"","post_parent":0,"guid":"https:\/\/balmec.com\/feedback\/joe-mcknight\/","menu_order":0,"post_type":"feedback","post_mime_type":"","comment_count":"0","filter":"raw"}]},"_links":{"self":[{"href":"https:\/\/balmec.com\/fr\/wp-json\/wp\/v2\/pages\/1323","targetHints":{"allow":["GET"]}}],"collection":[{"href":"https:\/\/balmec.com\/fr\/wp-json\/wp\/v2\/pages"}],"about":[{"href":"https:\/\/balmec.com\/fr\/wp-json\/wp\/v2\/types\/page"}],"author":[{"embeddable":true,"href":"https:\/\/balmec.com\/fr\/wp-json\/wp\/v2\/users\/1"}],"replies":[{"embeddable":true,"href":"https:\/\/balmec.com\/fr\/wp-json\/wp\/v2\/comments?post=1323"}],"version-history":[{"count":16,"href":"https:\/\/balmec.com\/fr\/wp-json\/wp\/v2\/pages\/1323\/revisions"}],"predecessor-version":[{"id":1493,"href":"https:\/\/balmec.com\/fr\/wp-json\/wp\/v2\/pages\/1323\/revisions\/1493"}],"wp:attachment":[{"href":"https:\/\/balmec.com\/fr\/wp-json\/wp\/v2\/media?parent=1323"}],"curies":[{"name":"wp","href":"https:\/\/api.w.org\/{rel}","templated":true}]}}