{"id":920,"date":"2019-02-08T00:07:30","date_gmt":"2019-02-08T00:07:30","guid":{"rendered":"https:\/\/balmec.com\/contact\/"},"modified":"2020-09-21T08:42:03","modified_gmt":"2020-09-21T08:42:03","slug":"contact","status":"publish","type":"page","link":"https:\/\/balmec.com\/es\/contact\/","title":{"rendered":"Contacto"},"content":{"rendered":"","protected":false},"excerpt":{"rendered":"","protected":false},"author":1,"featured_media":0,"parent":0,"menu_order":0,"comment_status":"closed","ping_status":"closed","template":"template-contact.php","meta":{"_acf_changed":false,"footnotes":""},"class_list":["post-920","page","type-page","status-publish","hentry"],"acf":{"contact_name":"Firstname Lastname","contact_title":"Production Manager","contact_email":"firstname.lastname@balmec.com","contact_phone":"+372 518 5647","location_map":{"address":"T\u00f6\u00f6stuse 12, Tootsi, P\u00e4rnu County, Estonia","lat":"58.5886108","lng":"24.78585720000001"},"contact_people":[{"contact_name":"Janno Kuusk","contact_title":"Ventas Internacionales","contact_email":"sales@balmec.com","contact_phone":"+372 518 5647"},{"contact_name":"Siim Soom\u00e4gi","contact_title":"Jefe de producci\u00f3n","contact_email":"siim.soomagi@balmec.com","contact_phone":""}]},"_links":{"self":[{"href":"https:\/\/balmec.com\/es\/wp-json\/wp\/v2\/pages\/920","targetHints":{"allow":["GET"]}}],"collection":[{"href":"https:\/\/balmec.com\/es\/wp-json\/wp\/v2\/pages"}],"about":[{"href":"https:\/\/balmec.com\/es\/wp-json\/wp\/v2\/types\/page"}],"author":[{"embeddable":true,"href":"https:\/\/balmec.com\/es\/wp-json\/wp\/v2\/users\/1"}],"replies":[{"embeddable":true,"href":"https:\/\/balmec.com\/es\/wp-json\/wp\/v2\/comments?post=920"}],"version-history":[{"count":2,"href":"https:\/\/balmec.com\/es\/wp-json\/wp\/v2\/pages\/920\/revisions"}],"predecessor-version":[{"id":922,"href":"https:\/\/balmec.com\/es\/wp-json\/wp\/v2\/pages\/920\/revisions\/922"}],"wp:attachment":[{"href":"https:\/\/balmec.com\/es\/wp-json\/wp\/v2\/media?parent=920"}],"curies":[{"name":"wp","href":"https:\/\/api.w.org\/{rel}","templated":true}]}}