{"id":885,"date":"2019-02-05T18:04:28","date_gmt":"2019-02-05T18:04:28","guid":{"rendered":"https:\/\/balmec.com\/front-page\/"},"modified":"2021-01-05T04:15:33","modified_gmt":"2021-01-05T04:15:33","slug":"front-page","status":"publish","type":"page","link":"https:\/\/balmec.com\/es\/","title":{"rendered":"P\u00e1gina Principal"},"content":{"rendered":"","protected":false},"excerpt":{"rendered":"","protected":false},"author":1,"featured_media":0,"parent":0,"menu_order":0,"comment_status":"closed","ping_status":"closed","template":"","meta":{"_acf_changed":false,"footnotes":""},"class_list":["post-885","page","type-page","status-publish","hentry"],"acf":{"hero_slogan":"Productividad. Innovaci\u00f3n. Calidad. Con nuestros productos las tiene todas.","lead":"<h3>La gama de productos Balmec incluye\u00a0 rodillos de alimentaci\u00f3n,\u00a0 cuchillas desramadoras, brazos de rodillos, cilindros hidr\u00e1ulicos, cremalleras, ruedas de medici\u00f3n, y muchas m\u00e1s piezas para las m\u00e1quinas forestales m\u00e1s comunes del mundo.<\/h3>\n<p>John Deere, Ponsse, Komatsu, Waratah, Rottne, Log Max etc.<\/p>\n","products_info":"<h3>No dejamos de re-inventar los rodillos de alimentaci\u00f3n. \u00bfPor qu\u00e9 lo hacemos? Son nuestros propios clientes los que nos impulsan a re-imaginar la productividad de una m\u00e1quina forestal.<\/h3>\n","products_info_list":[{"icon":"machine","content":"M\u00e1s de 400 productos \u00fanicos para que usted elija"},{"icon":"steel","content":"Usamos aceros especiales de SSAB fabricados a medida para Balmec"},{"icon":"hooks","content":"Aumentar la productividad y reducir el consumo de combustible"},{"icon":"truck","content":"Reducir el tiempo de inactividad no planeado"}],"highlighted_products":[{"photo":{"ID":897,"id":897,"title":"SNAKE_WHEEL_BALMEC","filename":"SNAKE_WHEEL_BALMEC.jpg","filesize":286754,"url":"https:\/\/balmec.com\/wp-content\/uploads\/2019\/09\/SNAKE_WHEEL_BALMEC.jpg","link":"https:\/\/balmec.com\/es\/front-page\/snake_wheel_balmec\/","alt":"","author":"2","description":"","caption":"","name":"snake_wheel_balmec","status":"inherit","uploaded_to":885,"date":"2019-09-02 10:58:31","modified":"2019-09-02 10:58:31","menu_order":0,"mime_type":"image\/jpeg","type":"image","subtype":"jpeg","icon":"https:\/\/balmec.com\/wp-includes\/images\/media\/default.png","width":1000,"height":1000,"sizes":{"thumbnail":"https:\/\/balmec.com\/wp-content\/uploads\/2019\/09\/SNAKE_WHEEL_BALMEC-150x150.jpg","thumbnail-width":150,"thumbnail-height":150,"medium":"https:\/\/balmec.com\/wp-content\/uploads\/2019\/09\/SNAKE_WHEEL_BALMEC.jpg","medium-width":1000,"medium-height":1000,"medium_large":"https:\/\/balmec.com\/wp-content\/uploads\/2019\/09\/SNAKE_WHEEL_BALMEC-768x768.jpg","medium_large-width":768,"medium_large-height":768,"large":"https:\/\/balmec.com\/wp-content\/uploads\/2019\/09\/SNAKE_WHEEL_BALMEC.jpg","large-width":1000,"large-height":1000,"1536x1536":"https:\/\/balmec.com\/wp-content\/uploads\/2019\/09\/SNAKE_WHEEL_BALMEC.jpg","1536x1536-width":1000,"1536x1536-height":1000,"2048x2048":"https:\/\/balmec.com\/wp-content\/uploads\/2019\/09\/SNAKE_WHEEL_BALMEC.jpg","2048x2048-width":1000,"2048x2048-height":1000,"person-sm":"https:\/\/balmec.com\/wp-content\/uploads\/2019\/09\/SNAKE_WHEEL_BALMEC-300x300.jpg","person-sm-width":300,"person-sm-height":300,"blog-sm":"https:\/\/balmec.com\/wp-content\/uploads\/2019\/09\/SNAKE_WHEEL_BALMEC-500x500.jpg","blog-sm-width":500,"blog-sm-height":500}},"slogan":"Medir una vez, cortar una vez","title":"Rueda de medici\u00f3n tipo SC","info":"Alta precisi\u00f3n, \u00a1incluso con la corteza suelta","link_to_product":"http:\/\/balmec.com\/products\/BM000990"},{"photo":{"ID":1281,"id":1281,"title":"Komatsu_C144_Roller_cover_BALMEC_2","filename":"Komatsu_C144_Roller_cover_BALMEC_2.jpg","filesize":179024,"url":"https:\/\/balmec.com\/wp-content\/uploads\/2021\/08\/Komatsu_C144_Roller_cover_BALMEC_2.jpg","link":"https:\/\/balmec.com\/es\/front-page\/komatsu_c144_roller_cover_balmec_2-2\/","alt":"","author":"2","description":"","caption":"","name":"komatsu_c144_roller_cover_balmec_2-2","status":"inherit","uploaded_to":885,"date":"2021-08-18 08:05:38","modified":"2021-08-18 08:05:38","menu_order":0,"mime_type":"image\/jpeg","type":"image","subtype":"jpeg","icon":"https:\/\/balmec.com\/wp-includes\/images\/media\/default.png","width":1000,"height":1000,"sizes":{"thumbnail":"https:\/\/balmec.com\/wp-content\/uploads\/2021\/08\/Komatsu_C144_Roller_cover_BALMEC_2-150x150.jpg","thumbnail-width":150,"thumbnail-height":150,"medium":"https:\/\/balmec.com\/wp-content\/uploads\/2021\/08\/Komatsu_C144_Roller_cover_BALMEC_2.jpg","medium-width":1000,"medium-height":1000,"medium_large":"https:\/\/balmec.com\/wp-content\/uploads\/2021\/08\/Komatsu_C144_Roller_cover_BALMEC_2-768x768.jpg","medium_large-width":768,"medium_large-height":768,"large":"https:\/\/balmec.com\/wp-content\/uploads\/2021\/08\/Komatsu_C144_Roller_cover_BALMEC_2.jpg","large-width":1000,"large-height":1000,"1536x1536":"https:\/\/balmec.com\/wp-content\/uploads\/2021\/08\/Komatsu_C144_Roller_cover_BALMEC_2.jpg","1536x1536-width":1000,"1536x1536-height":1000,"2048x2048":"https:\/\/balmec.com\/wp-content\/uploads\/2021\/08\/Komatsu_C144_Roller_cover_BALMEC_2.jpg","2048x2048-width":1000,"2048x2048-height":1000,"person-sm":"https:\/\/balmec.com\/wp-content\/uploads\/2021\/08\/Komatsu_C144_Roller_cover_BALMEC_2-300x300.jpg","person-sm-width":300,"person-sm-height":300,"blog-sm":"https:\/\/balmec.com\/wp-content\/uploads\/2021\/08\/Komatsu_C144_Roller_cover_BALMEC_2-500x500.jpg","blog-sm-width":500,"blog-sm-height":500}},"slogan":"Descortezar con balmec","title":"Nueva l\u00ednea de productos para descortezar eucalipto","info":"Modelo actua: 758HD Danfoss","link_to_product":"https:\/\/balmec.com\/products\/BM002065"}],"carousel":[{"background":{"ID":904,"id":904,"title":"Balmec_koduka_avaleht_Ponsse_H7","filename":"Balmec_koduka_avaleht_Ponsse_H7.jpg","filesize":274390,"url":"https:\/\/balmec.com\/wp-content\/uploads\/2020\/03\/Balmec_koduka_avaleht_Ponsse_H7.jpg","link":"https:\/\/balmec.com\/es\/front-page\/balmec_koduka_avaleht_ponsse_h7\/","alt":"","author":"2","description":"","caption":"","name":"balmec_koduka_avaleht_ponsse_h7","status":"inherit","uploaded_to":885,"date":"2020-03-16 11:31:16","modified":"2020-03-16 11:31:16","menu_order":0,"mime_type":"image\/jpeg","type":"image","subtype":"jpeg","icon":"https:\/\/balmec.com\/wp-includes\/images\/media\/default.png","width":626,"height":513,"sizes":{"thumbnail":"https:\/\/balmec.com\/wp-content\/uploads\/2020\/03\/Balmec_koduka_avaleht_Ponsse_H7-150x150.jpg","thumbnail-width":150,"thumbnail-height":150,"medium":"https:\/\/balmec.com\/wp-content\/uploads\/2020\/03\/Balmec_koduka_avaleht_Ponsse_H7.jpg","medium-width":626,"medium-height":513,"medium_large":"https:\/\/balmec.com\/wp-content\/uploads\/2020\/03\/Balmec_koduka_avaleht_Ponsse_H7.jpg","medium_large-width":626,"medium_large-height":513,"large":"https:\/\/balmec.com\/wp-content\/uploads\/2020\/03\/Balmec_koduka_avaleht_Ponsse_H7.jpg","large-width":626,"large-height":513,"1536x1536":"https:\/\/balmec.com\/wp-content\/uploads\/2020\/03\/Balmec_koduka_avaleht_Ponsse_H7.jpg","1536x1536-width":626,"1536x1536-height":513,"2048x2048":"https:\/\/balmec.com\/wp-content\/uploads\/2020\/03\/Balmec_koduka_avaleht_Ponsse_H7.jpg","2048x2048-width":626,"2048x2048-height":513,"person-sm":"https:\/\/balmec.com\/wp-content\/uploads\/2020\/03\/Balmec_koduka_avaleht_Ponsse_H7-300x300.jpg","person-sm-width":300,"person-sm-height":300,"blog-sm":"https:\/\/balmec.com\/wp-content\/uploads\/2020\/03\/Balmec_koduka_avaleht_Ponsse_H7-500x410.jpg","blog-sm-width":500,"blog-sm-height":410}},"title":"Nuevo para Ponsse H7","content":"","more_info_text":" Mira m\u00e1s cerca","more_info_url":"https:\/\/balmec.com\/es\/products\/?manufacturer=5&model=H7"}],"products_ssab_info":"<p>La continua asociaci\u00f3n\u00a0 de SSAB con nuestro equipo de ingenieria ha llevado al siguiente nivel las piezas de recambio. Por lo tanto, somos capaces de ofrecer los mejores t\u00e9rminos de garant\u00eda del mercado.<\/p>\n","warranty_image":{"ID":905,"id":905,"title":"warranty-eng","filename":"warranty-eng.png","filesize":51821,"url":"https:\/\/balmec.com\/wp-content\/uploads\/2020\/08\/warranty-eng.png","link":"https:\/\/balmec.com\/es\/front-page\/warranty-eng\/","alt":"","author":"1","description":"","caption":"","name":"warranty-eng","status":"inherit","uploaded_to":885,"date":"2020-08-18 07:25:51","modified":"2020-08-18 07:25:51","menu_order":0,"mime_type":"image\/png","type":"image","subtype":"png","icon":"https:\/\/balmec.com\/wp-includes\/images\/media\/default.png","width":720,"height":243,"sizes":{"thumbnail":"https:\/\/balmec.com\/wp-content\/uploads\/2020\/08\/warranty-eng-150x150.png","thumbnail-width":150,"thumbnail-height":150,"medium":"https:\/\/balmec.com\/wp-content\/uploads\/2020\/08\/warranty-eng.png","medium-width":720,"medium-height":243,"medium_large":"https:\/\/balmec.com\/wp-content\/uploads\/2020\/08\/warranty-eng.png","medium_large-width":720,"medium_large-height":243,"large":"https:\/\/balmec.com\/wp-content\/uploads\/2020\/08\/warranty-eng.png","large-width":720,"large-height":243,"1536x1536":"https:\/\/balmec.com\/wp-content\/uploads\/2020\/08\/warranty-eng.png","1536x1536-width":720,"1536x1536-height":243,"2048x2048":"https:\/\/balmec.com\/wp-content\/uploads\/2020\/08\/warranty-eng.png","2048x2048-width":720,"2048x2048-height":243,"person-sm":"https:\/\/balmec.com\/wp-content\/uploads\/2020\/08\/warranty-eng-300x243.png","person-sm-width":300,"person-sm-height":243,"blog-sm":"https:\/\/balmec.com\/wp-content\/uploads\/2020\/08\/warranty-eng-500x169.png","blog-sm-width":500,"blog-sm-height":169}},"poster":{"ID":902,"id":902,"title":"loading","filename":"loading.jpg","filesize":970693,"url":"https:\/\/balmec.com\/wp-content\/uploads\/2020\/01\/loading.jpg","link":"https:\/\/balmec.com\/es\/front-page\/loading\/","alt":"","author":"1","description":"","caption":"","name":"loading","status":"inherit","uploaded_to":885,"date":"2020-01-02 15:34:39","modified":"2020-01-02 15:34:39","menu_order":0,"mime_type":"image\/jpeg","type":"image","subtype":"jpeg","icon":"https:\/\/balmec.com\/wp-includes\/images\/media\/default.png","width":1920,"height":1080,"sizes":{"thumbnail":"https:\/\/balmec.com\/wp-content\/uploads\/2020\/01\/loading-150x150.jpg","thumbnail-width":150,"thumbnail-height":150,"medium":"https:\/\/balmec.com\/wp-content\/uploads\/2020\/01\/loading-1024x576.jpg","medium-width":1024,"medium-height":576,"medium_large":"https:\/\/balmec.com\/wp-content\/uploads\/2020\/01\/loading-768x432.jpg","medium_large-width":768,"medium_large-height":432,"large":"https:\/\/balmec.com\/wp-content\/uploads\/2020\/01\/loading-1920x1080.jpg","large-width":1920,"large-height":1080,"1536x1536":"https:\/\/balmec.com\/wp-content\/uploads\/2020\/01\/loading.jpg","1536x1536-width":1536,"1536x1536-height":864,"2048x2048":"https:\/\/balmec.com\/wp-content\/uploads\/2020\/01\/loading.jpg","2048x2048-width":1920,"2048x2048-height":1080,"person-sm":"https:\/\/balmec.com\/wp-content\/uploads\/2020\/01\/loading-300x300.jpg","person-sm-width":300,"person-sm-height":300,"blog-sm":"https:\/\/balmec.com\/wp-content\/uploads\/2020\/01\/loading-500x281.jpg","blog-sm-width":500,"blog-sm-height":281}},"hero_video":"https:\/\/balmec.com\/wp-content\/uploads\/2022\/01\/2018.12.19_Balmec_Forest_Header_2.mp4","hero_video_mobile":"https:\/\/balmec.com\/wp-content\/uploads\/2022\/01\/2018.12.19_Balmec_Forest_Header_port_v2.mp4","selected_feedback":[{"ID":930,"post_author":"1","post_date":"2020-09-21 09:01:07","post_date_gmt":"2020-09-21 09:01:07","post_content":"","post_title":"Flip Santos","post_excerpt":"","post_status":"publish","comment_status":"closed","ping_status":"closed","post_password":"","post_name":"flip-santos","to_ping":"","pinged":"","post_modified":"2020-09-21 09:01:07","post_modified_gmt":"2020-09-21 09:01:07","post_content_filtered":"","post_parent":0,"guid":"https:\/\/balmec.com\/feedback\/flip-santos\/","menu_order":0,"post_type":"feedback","post_mime_type":"","comment_count":"0","filter":"raw"},{"ID":929,"post_author":"2","post_date":"2020-09-21 09:00:14","post_date_gmt":"2020-09-21 09:00:14","post_content":"","post_title":"Peter Williamson Jnr.","post_excerpt":"","post_status":"publish","comment_status":"closed","ping_status":"closed","post_password":"","post_name":"peter-williamson-jnr","to_ping":"","pinged":"","post_modified":"2020-09-21 09:00:14","post_modified_gmt":"2020-09-21 09:00:14","post_content_filtered":"","post_parent":0,"guid":"https:\/\/balmec.com\/feedback\/peter-williamson-jnr\/","menu_order":0,"post_type":"feedback","post_mime_type":"","comment_count":"0","filter":"raw"},{"ID":1225,"post_author":"2","post_date":"2021-07-22 08:37:57","post_date_gmt":"2021-07-22 08:37:57","post_content":"","post_title":"Neil Mckune","post_excerpt":"","post_status":"publish","comment_status":"closed","ping_status":"closed","post_password":"","post_name":"neil-mckune","to_ping":"","pinged":"","post_modified":"2021-08-25 08:43:00","post_modified_gmt":"2021-08-25 08:43:00","post_content_filtered":"","post_parent":0,"guid":"https:\/\/balmec.com\/?post_type=feedback&#038;p=1225","menu_order":0,"post_type":"feedback","post_mime_type":"","comment_count":"0","filter":"raw"},{"ID":1240,"post_author":"2","post_date":"2021-08-05 08:32:27","post_date_gmt":"2021-08-05 08:32:27","post_content":"","post_title":"Joe Mcknight","post_excerpt":"","post_status":"publish","comment_status":"closed","ping_status":"closed","post_password":"","post_name":"joe-mcknight","to_ping":"","pinged":"","post_modified":"2021-08-05 08:32:27","post_modified_gmt":"2021-08-05 08:32:27","post_content_filtered":"","post_parent":0,"guid":"https:\/\/balmec.com\/?post_type=feedback&#038;p=1240","menu_order":0,"post_type":"feedback","post_mime_type":"","comment_count":"0","filter":"raw"}]},"_links":{"self":[{"href":"https:\/\/balmec.com\/es\/wp-json\/wp\/v2\/pages\/885","targetHints":{"allow":["GET"]}}],"collection":[{"href":"https:\/\/balmec.com\/es\/wp-json\/wp\/v2\/pages"}],"about":[{"href":"https:\/\/balmec.com\/es\/wp-json\/wp\/v2\/types\/page"}],"author":[{"embeddable":true,"href":"https:\/\/balmec.com\/es\/wp-json\/wp\/v2\/users\/1"}],"replies":[{"embeddable":true,"href":"https:\/\/balmec.com\/es\/wp-json\/wp\/v2\/comments?post=885"}],"version-history":[{"count":8,"href":"https:\/\/balmec.com\/es\/wp-json\/wp\/v2\/pages\/885\/revisions"}],"predecessor-version":[{"id":1130,"href":"https:\/\/balmec.com\/es\/wp-json\/wp\/v2\/pages\/885\/revisions\/1130"}],"wp:attachment":[{"href":"https:\/\/balmec.com\/es\/wp-json\/wp\/v2\/media?parent=885"}],"curies":[{"name":"wp","href":"https:\/\/api.w.org\/{rel}","templated":true}]}}