{"id":849,"date":"2019-02-20T13:34:47","date_gmt":"2019-02-20T13:34:47","guid":{"rendered":"https:\/\/balmec.com\/about\/"},"modified":"2020-09-08T09:26:38","modified_gmt":"2020-09-08T09:26:38","slug":"about","status":"publish","type":"page","link":"https:\/\/balmec.com\/es\/about\/","title":{"rendered":"Acerca de nosotros"},"content":{"rendered":"\n<h3 class=\"wp-block-heading\">Balmec es un productor de rodillos de alimentaci\u00f3n de procesadoras, cuchillas desramadoras, brazos de rodillos, cilindros hidr\u00e1ulicos, bastidores de gr\u00faas, ruedas de medici\u00f3n y muchas otras piezas de recambios.<\/h3>\n\n\n\n<p>Ofrecemos diferentes soluciones para todos los tipos de cabezales de procesadoras m\u00e1s comunes en el mundo (John Deere, Ponsse, Komatsu, Waratah, Rottne, SP, Log Max, Kesla, etc.).<\/p>\n\n\n\n<p>S\u00f3lo utilizamos aceros de alta calidad para que nuestros recambios duren m\u00e1s tiempo y aumenten la productividad de su m\u00e1quina.<\/p>\n","protected":false},"excerpt":{"rendered":"<p>Balmec es un productor de rodillos de alimentaci\u00f3n de procesadoras, cuchillas desramadoras, brazos de rodillos, cilindros hidr\u00e1ulicos, bastidores de gr\u00faas, ruedas de medici\u00f3n y muchas otras piezas de recambios. Ofrecemos diferentes soluciones para todos los tipos de cabezales de procesadoras m\u00e1s comunes en el mundo (John Deere, Ponsse, Komatsu, Waratah, Rottne, SP, Log Max, Kesla, [&hellip;]<\/p>\n","protected":false},"author":1,"featured_media":0,"parent":0,"menu_order":0,"comment_status":"closed","ping_status":"closed","template":"template-about.php","meta":{"_acf_changed":false,"footnotes":""},"class_list":["post-849","page","type-page","status-publish","hentry"],"acf":{"timeline":[{"year":"2007","photo":{"ID":850,"id":850,"title":"pilt1","filename":"pilt1.jpg","filesize":342496,"url":"https:\/\/balmec.com\/wp-content\/uploads\/2019\/04\/pilt1.jpg","link":"https:\/\/balmec.com\/es\/about\/pilt1-2\/","alt":"","author":"2","description":"","caption":"","name":"pilt1-2","status":"inherit","uploaded_to":849,"date":"2019-04-16 07:52:58","modified":"2019-04-16 07:52:58","menu_order":0,"mime_type":"image\/jpeg","type":"image","subtype":"jpeg","icon":"https:\/\/balmec.com\/wp-includes\/images\/media\/default.png","width":640,"height":480,"sizes":{"thumbnail":"https:\/\/balmec.com\/wp-content\/uploads\/2019\/04\/pilt1-150x150.jpg","thumbnail-width":150,"thumbnail-height":150,"medium":"https:\/\/balmec.com\/wp-content\/uploads\/2019\/04\/pilt1.jpg","medium-width":640,"medium-height":480,"medium_large":"https:\/\/balmec.com\/wp-content\/uploads\/2019\/04\/pilt1.jpg","medium_large-width":640,"medium_large-height":480,"large":"https:\/\/balmec.com\/wp-content\/uploads\/2019\/04\/pilt1.jpg","large-width":640,"large-height":480,"1536x1536":"https:\/\/balmec.com\/wp-content\/uploads\/2019\/04\/pilt1.jpg","1536x1536-width":640,"1536x1536-height":480,"2048x2048":"https:\/\/balmec.com\/wp-content\/uploads\/2019\/04\/pilt1.jpg","2048x2048-width":640,"2048x2048-height":480,"person-sm":"https:\/\/balmec.com\/wp-content\/uploads\/2019\/04\/pilt1-300x300.jpg","person-sm-width":300,"person-sm-height":300,"blog-sm":"https:\/\/balmec.com\/wp-content\/uploads\/2019\/04\/pilt1-500x375.jpg","blog-sm-width":500,"blog-sm-height":375}},"photo_description":"Uno de los fundadores del Metsavennad Grupp  y m\u00e1s tarde de Balmec, Siim Soom\u00e4gi.","content":"<p>Se registra la compa\u00f1\u00eda llamada Metsavennad Grupp . El objetivo es ofrecer servicios de operador de m\u00e1quinas forestales y la asistencia m\u00e1s b\u00e1sica para las procesadoras. Por ejemplo: afilado de cadenas, servicio de latiguillos, reparaci\u00f3n de soldaduras, etc.<\/p>\n"},{"year":"2008","photo":{"ID":857,"id":857,"title":"Balmec_Old_Feed_Rollers","filename":"Balmec_Old_Feed_Rollers.png","filesize":669647,"url":"https:\/\/balmec.com\/wp-content\/uploads\/2019\/04\/Balmec_Old_Feed_Rollers.png","link":"https:\/\/balmec.com\/es\/about\/balmec_old_feed_rollers\/","alt":"","author":"2","description":"","caption":"","name":"balmec_old_feed_rollers","status":"inherit","uploaded_to":849,"date":"2019-04-16 08:17:06","modified":"2019-04-16 08:17:06","menu_order":0,"mime_type":"image\/png","type":"image","subtype":"png","icon":"https:\/\/balmec.com\/wp-includes\/images\/media\/default.png","width":553,"height":641,"sizes":{"thumbnail":"https:\/\/balmec.com\/wp-content\/uploads\/2019\/04\/Balmec_Old_Feed_Rollers-150x150.png","thumbnail-width":150,"thumbnail-height":150,"medium":"https:\/\/balmec.com\/wp-content\/uploads\/2019\/04\/Balmec_Old_Feed_Rollers.png","medium-width":553,"medium-height":641,"medium_large":"https:\/\/balmec.com\/wp-content\/uploads\/2019\/04\/Balmec_Old_Feed_Rollers.png","medium_large-width":553,"medium_large-height":641,"large":"https:\/\/balmec.com\/wp-content\/uploads\/2019\/04\/Balmec_Old_Feed_Rollers.png","large-width":553,"large-height":641,"1536x1536":"https:\/\/balmec.com\/wp-content\/uploads\/2019\/04\/Balmec_Old_Feed_Rollers.png","1536x1536-width":553,"1536x1536-height":641,"2048x2048":"https:\/\/balmec.com\/wp-content\/uploads\/2019\/04\/Balmec_Old_Feed_Rollers.png","2048x2048-width":553,"2048x2048-height":641,"person-sm":"https:\/\/balmec.com\/wp-content\/uploads\/2019\/04\/Balmec_Old_Feed_Rollers-300x300.png","person-sm-width":300,"person-sm-height":300,"blog-sm":"https:\/\/balmec.com\/wp-content\/uploads\/2019\/04\/Balmec_Old_Feed_Rollers-431x500.png","blog-sm-width":431,"blog-sm-height":500}},"photo_description":"Los primeros rodillos de alimentaci\u00f3n de Balmec que se fabricaron, as\u00ed es como se ven despu\u00e9s de 13.000 horas de trabajo.","content":"<p>Se producen los primeros rodillos de alimentaci\u00f3n. Afortunadamente, los recuperamos de nuestro buen cliente despu\u00e9s de unas 13.000 horas de trabajo. Logramos cerrar un trato cuando volvi\u00f3 a buscar un nuevo par para su cabezal procesador John Deere 745.<\/p>\n<p>Comienzan las ventas de exportaci\u00f3n a Polonia y Suecia con los primeros contratoss oficiales de\u00a0 reventa\u00a0 de Balmec con Saltus Serwis S.C. y Stigs Maskin AB.<\/p>\n"},{"year":"2010","photo":{"ID":854,"id":854,"title":"Balmec_logo_old","filename":"Balmec_logo_old.png","filesize":82994,"url":"https:\/\/balmec.com\/wp-content\/uploads\/2019\/04\/Balmec_logo_old.png","link":"https:\/\/balmec.com\/es\/about\/balmec_logo_old\/","alt":"","author":"2","description":"","caption":"","name":"balmec_logo_old","status":"inherit","uploaded_to":849,"date":"2019-04-16 08:10:15","modified":"2019-04-16 08:10:15","menu_order":0,"mime_type":"image\/png","type":"image","subtype":"png","icon":"https:\/\/balmec.com\/wp-includes\/images\/media\/default.png","width":999,"height":565,"sizes":{"thumbnail":"https:\/\/balmec.com\/wp-content\/uploads\/2019\/04\/Balmec_logo_old-150x150.png","thumbnail-width":150,"thumbnail-height":150,"medium":"https:\/\/balmec.com\/wp-content\/uploads\/2019\/04\/Balmec_logo_old.png","medium-width":999,"medium-height":565,"medium_large":"https:\/\/balmec.com\/wp-content\/uploads\/2019\/04\/Balmec_logo_old-768x434.png","medium_large-width":768,"medium_large-height":434,"large":"https:\/\/balmec.com\/wp-content\/uploads\/2019\/04\/Balmec_logo_old.png","large-width":999,"large-height":565,"1536x1536":"https:\/\/balmec.com\/wp-content\/uploads\/2019\/04\/Balmec_logo_old.png","1536x1536-width":999,"1536x1536-height":565,"2048x2048":"https:\/\/balmec.com\/wp-content\/uploads\/2019\/04\/Balmec_logo_old.png","2048x2048-width":999,"2048x2048-height":565,"person-sm":"https:\/\/balmec.com\/wp-content\/uploads\/2019\/04\/Balmec_logo_old-300x300.png","person-sm-width":300,"person-sm-height":300,"blog-sm":"https:\/\/balmec.com\/wp-content\/uploads\/2019\/04\/Balmec_logo_old-500x283.png","blog-sm-width":500,"blog-sm-height":283}},"photo_description":"As\u00ed es como se ve\u00eda nuestro primer dise\u00f1o de logo en 2010.","content":"<p>Una nueva empresa llamada Balmec Forest O\u00dc y la marca comercial \u00abBalmec\u00bb quedan registradas. El objetivo es construir nuestra propia red de proveedores para que m\u00e1s clientes puedan obtener nuestros productos lo m\u00e1s r\u00e1pido posible.<\/p>\n<p>Se inician las ventas de exportaci\u00f3n a Letonia y Lituania.<\/p>\n"},{"year":"2011","photo":{"ID":856,"id":856,"title":"John_Deere_Harvester_Balmec","filename":"John_Deere_Harvester_Balmec.png","filesize":882280,"url":"https:\/\/balmec.com\/wp-content\/uploads\/2019\/04\/John_Deere_Harvester_Balmec.png","link":"https:\/\/balmec.com\/es\/about\/john_deere_harvester_balmec\/","alt":"","author":"2","description":"","caption":"","name":"john_deere_harvester_balmec","status":"inherit","uploaded_to":849,"date":"2019-04-16 08:14:08","modified":"2019-04-16 08:14:08","menu_order":0,"mime_type":"image\/png","type":"image","subtype":"png","icon":"https:\/\/balmec.com\/wp-includes\/images\/media\/default.png","width":567,"height":582,"sizes":{"thumbnail":"https:\/\/balmec.com\/wp-content\/uploads\/2019\/04\/John_Deere_Harvester_Balmec-150x150.png","thumbnail-width":150,"thumbnail-height":150,"medium":"https:\/\/balmec.com\/wp-content\/uploads\/2019\/04\/John_Deere_Harvester_Balmec.png","medium-width":567,"medium-height":582,"medium_large":"https:\/\/balmec.com\/wp-content\/uploads\/2019\/04\/John_Deere_Harvester_Balmec.png","medium_large-width":567,"medium_large-height":582,"large":"https:\/\/balmec.com\/wp-content\/uploads\/2019\/04\/John_Deere_Harvester_Balmec.png","large-width":567,"large-height":582,"1536x1536":"https:\/\/balmec.com\/wp-content\/uploads\/2019\/04\/John_Deere_Harvester_Balmec.png","1536x1536-width":567,"1536x1536-height":582,"2048x2048":"https:\/\/balmec.com\/wp-content\/uploads\/2019\/04\/John_Deere_Harvester_Balmec.png","2048x2048-width":567,"2048x2048-height":582,"person-sm":"https:\/\/balmec.com\/wp-content\/uploads\/2019\/04\/John_Deere_Harvester_Balmec-300x300.png","person-sm-width":300,"person-sm-height":300,"blog-sm":"https:\/\/balmec.com\/wp-content\/uploads\/2019\/04\/John_Deere_Harvester_Balmec-487x500.png","blog-sm-width":487,"blog-sm-height":500}},"photo_description":"","content":"<p>La estrecha colaboraci\u00f3n con nuestro principal proveedor de acero SSAB permite la producci\u00f3n de los primeros cuchillos desramadores de Balmec. Est\u00e1n dise\u00f1ados para el cabezal de la procesadora John Deere 758HD y debido a varias mejoras en la construcci\u00f3n, a veces los vemos funcionando incluso hoy en d\u00eda (despu\u00e9s de \u00abqui\u00e9n-sabe-cu\u00e1ntas-horas-trabaja\u00bb)<\/p>\n<p>John Deere Forestry comienza a vender todos nuestros productos a trav\u00e9s de su red de ventas en toda Europa. Las primeras ventas tambi\u00e9n se hacen a Rusia y Brasil.<\/p>\n"},{"year":"2014","photo":{"ID":858,"id":858,"title":"pilt 5","filename":"pilt-5.jpg","filesize":520438,"url":"https:\/\/balmec.com\/wp-content\/uploads\/2019\/04\/pilt-5.jpg","link":"https:\/\/balmec.com\/es\/about\/pilt-5\/","alt":"","author":"2","description":"","caption":"","name":"pilt-5","status":"inherit","uploaded_to":849,"date":"2019-04-16 08:19:32","modified":"2019-04-16 08:19:32","menu_order":0,"mime_type":"image\/jpeg","type":"image","subtype":"jpeg","icon":"https:\/\/balmec.com\/wp-includes\/images\/media\/default.png","width":1133,"height":565,"sizes":{"thumbnail":"https:\/\/balmec.com\/wp-content\/uploads\/2019\/04\/pilt-5-150x150.jpg","thumbnail-width":150,"thumbnail-height":150,"medium":"https:\/\/balmec.com\/wp-content\/uploads\/2019\/04\/pilt-5-1024x511.jpg","medium-width":1024,"medium-height":511,"medium_large":"https:\/\/balmec.com\/wp-content\/uploads\/2019\/04\/pilt-5-768x383.jpg","medium_large-width":768,"medium_large-height":383,"large":"https:\/\/balmec.com\/wp-content\/uploads\/2019\/04\/pilt-5.jpg","large-width":1133,"large-height":565,"1536x1536":"https:\/\/balmec.com\/wp-content\/uploads\/2019\/04\/pilt-5.jpg","1536x1536-width":1133,"1536x1536-height":565,"2048x2048":"https:\/\/balmec.com\/wp-content\/uploads\/2019\/04\/pilt-5.jpg","2048x2048-width":1133,"2048x2048-height":565,"person-sm":"https:\/\/balmec.com\/wp-content\/uploads\/2019\/04\/pilt-5-300x300.jpg","person-sm-width":300,"person-sm-height":300,"blog-sm":"https:\/\/balmec.com\/wp-content\/uploads\/2019\/04\/pilt-5-500x249.jpg","blog-sm-width":500,"blog-sm-height":249}},"photo_description":"Vista a\u00e9rea del edificio principal de la f\u00e1brica en 2014, poco despu\u00e9s de trasladar toda la producci\u00f3n a un peque\u00f1o pueblo llamado Tootsi, a unos 30 km de P\u00e4rnu.","content":"<p>Balmec compra una parte de la antigua f\u00e1brica productora de turba fundada en 1938. Toda la producci\u00f3n y la maquinaria se trasladan desde dos lugares de alquiler en P\u00e4rnu, a 30 km de la ciudad &#8211;\u00a0 a un peque\u00f1o pueblo llamado Tootsi. Como la instalaci\u00f3n es muy antigua, hay que hacer mucho trabajo de construcci\u00f3n y renovaci\u00f3n. Esto sigue siendo un desaf\u00edo incluso hoy en d\u00eda, ya que siempre queremos que algo sea mejor en la f\u00e1brica.<\/p>\n<p>Primer proveedor oficial en Australia.<\/p>\n"},{"year":"2015","photo":{"ID":862,"id":862,"title":"Balmec_CNC","filename":"Balmec_CNC.jpg","filesize":2803687,"url":"https:\/\/balmec.com\/wp-content\/uploads\/2019\/04\/Balmec_CNC.jpg","link":"https:\/\/balmec.com\/es\/about\/balmec_cnc\/","alt":"","author":"2","description":"","caption":"","name":"balmec_cnc","status":"inherit","uploaded_to":849,"date":"2019-04-23 08:41:31","modified":"2019-04-23 08:41:31","menu_order":0,"mime_type":"image\/jpeg","type":"image","subtype":"jpeg","icon":"https:\/\/balmec.com\/wp-includes\/images\/media\/default.png","width":3556,"height":2667,"sizes":{"thumbnail":"https:\/\/balmec.com\/wp-content\/uploads\/2019\/04\/Balmec_CNC-150x150.jpg","thumbnail-width":150,"thumbnail-height":150,"medium":"https:\/\/balmec.com\/wp-content\/uploads\/2019\/04\/Balmec_CNC-1024x768.jpg","medium-width":1024,"medium-height":768,"medium_large":"https:\/\/balmec.com\/wp-content\/uploads\/2019\/04\/Balmec_CNC-768x576.jpg","medium_large-width":768,"medium_large-height":576,"large":"https:\/\/balmec.com\/wp-content\/uploads\/2019\/04\/Balmec_CNC-1920x1440.jpg","large-width":1920,"large-height":1440,"1536x1536":"https:\/\/balmec.com\/wp-content\/uploads\/2019\/04\/Balmec_CNC.jpg","1536x1536-width":1536,"1536x1536-height":1152,"2048x2048":"https:\/\/balmec.com\/wp-content\/uploads\/2019\/04\/Balmec_CNC.jpg","2048x2048-width":2048,"2048x2048-height":1536,"person-sm":"https:\/\/balmec.com\/wp-content\/uploads\/2019\/04\/Balmec_CNC-300x300.jpg","person-sm-width":300,"person-sm-height":300,"blog-sm":"https:\/\/balmec.com\/wp-content\/uploads\/2019\/04\/Balmec_CNC-500x375.jpg","blog-sm-width":500,"blog-sm-height":375}},"photo_description":"","content":"<p>Gracias a las continuas inversiones en maquinaria moderna CNC, se introducen nuevas l\u00edneas de productos: brazos de rodillos de alimentaci\u00f3n, varias cuchillas superiores, captadores de cadena y m\u00e1s. En oto\u00f1o lanzamos toda una serie de accesorios de tracks, algunos de los productos m\u00e1s vendidos hasta hoy.<\/p>\n"},{"year":"2016","photo":{"ID":863,"id":863,"title":"Balmec SC measuring wheel for John Deere H480C","filename":"Balmec-SC-measuring-wheel-for-John-Deere-H480C.jpg","filesize":793608,"url":"https:\/\/balmec.com\/wp-content\/uploads\/2019\/09\/Balmec-SC-measuring-wheel-for-John-Deere-H480C.jpg","link":"https:\/\/balmec.com\/es\/about\/balmec-sc-measuring-wheel-for-john-deere-h480c\/","alt":"","author":"2","description":"Balmec SC measuring wheel for John Deere H480C","caption":"Balmec SC measuring wheel for John Deere H480C","name":"balmec-sc-measuring-wheel-for-john-deere-h480c","status":"inherit","uploaded_to":849,"date":"2019-09-07 17:14:41","modified":"2019-09-07 17:14:41","menu_order":0,"mime_type":"image\/jpeg","type":"image","subtype":"jpeg","icon":"https:\/\/balmec.com\/wp-includes\/images\/media\/default.png","width":1536,"height":2048,"sizes":{"thumbnail":"https:\/\/balmec.com\/wp-content\/uploads\/2019\/09\/Balmec-SC-measuring-wheel-for-John-Deere-H480C-150x150.jpg","thumbnail-width":150,"thumbnail-height":150,"medium":"https:\/\/balmec.com\/wp-content\/uploads\/2019\/09\/Balmec-SC-measuring-wheel-for-John-Deere-H480C-768x1024.jpg","medium-width":768,"medium-height":1024,"medium_large":"https:\/\/balmec.com\/wp-content\/uploads\/2019\/09\/Balmec-SC-measuring-wheel-for-John-Deere-H480C-768x1024.jpg","medium_large-width":768,"medium_large-height":1024,"large":"https:\/\/balmec.com\/wp-content\/uploads\/2019\/09\/Balmec-SC-measuring-wheel-for-John-Deere-H480C-1440x1920.jpg","large-width":1440,"large-height":1920,"1536x1536":"https:\/\/balmec.com\/wp-content\/uploads\/2019\/09\/Balmec-SC-measuring-wheel-for-John-Deere-H480C.jpg","1536x1536-width":1152,"1536x1536-height":1536,"2048x2048":"https:\/\/balmec.com\/wp-content\/uploads\/2019\/09\/Balmec-SC-measuring-wheel-for-John-Deere-H480C.jpg","2048x2048-width":1536,"2048x2048-height":2048,"person-sm":"https:\/\/balmec.com\/wp-content\/uploads\/2019\/09\/Balmec-SC-measuring-wheel-for-John-Deere-H480C-300x300.jpg","person-sm-width":300,"person-sm-height":300,"blog-sm":"https:\/\/balmec.com\/wp-content\/uploads\/2019\/09\/Balmec-SC-measuring-wheel-for-John-Deere-H480C-375x500.jpg","blog-sm-width":375,"blog-sm-height":500}},"photo_description":"Rueda medidora de longitud tipo SC de Balmec para el cabezal de la procesadora John Deere H480C. Una imagen tan com\u00fan hoy en d\u00eda en los diferentes cabezales de la cosechadora.","content":"<p>Despu\u00e9s de innumerables pruebas de perfil, la rueda de medici\u00f3n de longitudes tipo SC de Balmec se lanza a la producci\u00f3n en serie. La gama de modelos cubre todos los cabezales de procesadora m\u00e1s comunes y se actualiza mensualmente. Es la primera rueda de medici\u00f3n que puede manejar incluso cortezas sueltas sin necesidad de medir el mismo tronco varias veces. El aumento de la productividad es as\u00ed de simple.<\/p>\n"},{"year":"2018","photo":{"ID":860,"id":860,"title":"pilt 7","filename":"pilt-7.jpg","filesize":4911917,"url":"https:\/\/balmec.com\/wp-content\/uploads\/2019\/04\/pilt-7.jpg","link":"https:\/\/balmec.com\/es\/about\/pilt-7\/","alt":"","author":"2","description":"","caption":"","name":"pilt-7","status":"inherit","uploaded_to":849,"date":"2019-04-16 08:26:12","modified":"2019-04-16 08:26:12","menu_order":0,"mime_type":"image\/jpeg","type":"image","subtype":"jpeg","icon":"https:\/\/balmec.com\/wp-includes\/images\/media\/default.png","width":4937,"height":3291,"sizes":{"thumbnail":"https:\/\/balmec.com\/wp-content\/uploads\/2019\/04\/pilt-7-150x150.jpg","thumbnail-width":150,"thumbnail-height":150,"medium":"https:\/\/balmec.com\/wp-content\/uploads\/2019\/04\/pilt-7-1024x683.jpg","medium-width":1024,"medium-height":683,"medium_large":"https:\/\/balmec.com\/wp-content\/uploads\/2019\/04\/pilt-7-768x512.jpg","medium_large-width":768,"medium_large-height":512,"large":"https:\/\/balmec.com\/wp-content\/uploads\/2019\/04\/pilt-7-1920x1280.jpg","large-width":1920,"large-height":1280,"1536x1536":"https:\/\/balmec.com\/wp-content\/uploads\/2019\/04\/pilt-7.jpg","1536x1536-width":1536,"1536x1536-height":1024,"2048x2048":"https:\/\/balmec.com\/wp-content\/uploads\/2019\/04\/pilt-7.jpg","2048x2048-width":2048,"2048x2048-height":1365,"person-sm":"https:\/\/balmec.com\/wp-content\/uploads\/2019\/04\/pilt-7-300x300.jpg","person-sm-width":300,"person-sm-height":300,"blog-sm":"https:\/\/balmec.com\/wp-content\/uploads\/2019\/04\/pilt-7-500x333.jpg","blog-sm-width":500,"blog-sm-height":333}},"photo_description":"","content":"<p>Balmec fabrica el rodillo de alimentaci\u00f3n n\u00famero 10.000, which is by incoming order line (yo esto lo quitar\u00eda, no se entiende o yo no lo entiendo en castellano), fabricado para el cabezal de la procesadora Log Max 6000. El rodillo fue enviado a Canad\u00e1 unas semanas despu\u00e9s.<\/p>\n"},{"year":"2019","photo":{"ID":864,"id":864,"title":"Balmec eucalyptus feed rollers for John Deere 758HD 1","filename":"Balmec-eucalyptus-feed-rollers-for-John-Deere-758HD-1-e1568725754891.jpeg","filesize":31099,"url":"https:\/\/balmec.com\/wp-content\/uploads\/2019\/09\/Balmec-eucalyptus-feed-rollers-for-John-Deere-758HD-1-e1568725754891.jpeg","link":"https:\/\/balmec.com\/es\/about\/balmec-eucalyptus-feed-rollers-for-john-deere-758hd-1\/","alt":"","author":"2","description":"","caption":"","name":"balmec-eucalyptus-feed-rollers-for-john-deere-758hd-1","status":"inherit","uploaded_to":849,"date":"2019-09-07 18:07:15","modified":"2019-09-07 18:07:15","menu_order":0,"mime_type":"image\/jpeg","type":"image","subtype":"jpeg","icon":"https:\/\/balmec.com\/wp-includes\/images\/media\/default.png","width":300,"height":400,"sizes":{"thumbnail":"https:\/\/balmec.com\/wp-content\/uploads\/2019\/09\/Balmec-eucalyptus-feed-rollers-for-John-Deere-758HD-1-150x150.jpeg","thumbnail-width":150,"thumbnail-height":150,"medium":"https:\/\/balmec.com\/wp-content\/uploads\/2019\/09\/Balmec-eucalyptus-feed-rollers-for-John-Deere-758HD-1-768x1024.jpeg","medium-width":768,"medium-height":1024,"medium_large":"https:\/\/balmec.com\/wp-content\/uploads\/2019\/09\/Balmec-eucalyptus-feed-rollers-for-John-Deere-758HD-1-768x1024.jpeg","medium_large-width":768,"medium_large-height":1024,"large":"https:\/\/balmec.com\/wp-content\/uploads\/2019\/09\/Balmec-eucalyptus-feed-rollers-for-John-Deere-758HD-1-e1568725754891.jpeg","large-width":300,"large-height":400,"1536x1536":"https:\/\/balmec.com\/wp-content\/uploads\/2019\/09\/Balmec-eucalyptus-feed-rollers-for-John-Deere-758HD-1-e1568725754891.jpeg","1536x1536-width":300,"1536x1536-height":400,"2048x2048":"https:\/\/balmec.com\/wp-content\/uploads\/2019\/09\/Balmec-eucalyptus-feed-rollers-for-John-Deere-758HD-1-e1568725754891.jpeg","2048x2048-width":300,"2048x2048-height":400,"person-sm":"https:\/\/balmec.com\/wp-content\/uploads\/2019\/09\/Balmec-eucalyptus-feed-rollers-for-John-Deere-758HD-1-300x300.jpeg","person-sm-width":300,"person-sm-height":300,"blog-sm":"https:\/\/balmec.com\/wp-content\/uploads\/2019\/09\/Balmec-eucalyptus-feed-rollers-for-John-Deere-758HD-1-375x500.jpeg","blog-sm-width":375,"blog-sm-height":500}},"photo_description":"Rodillos de alimentac\u00ed\u00f3n Balmec para el cabezal de la procesadora John Deere 758HD","content":"<p>Tras el gran \u00e9xito del per\u00edodo de prueba, comienza la producci\u00f3n en serie de rodillos descortezadores de eucalipto. Los primeros modelos est\u00e1n dise\u00f1ados para cabezales de procesadora John Deere, Komatsu y Log Max, pero a\u00fan hay m\u00e1s en camino.<\/p>\n"}],"secondary_intro":"Balmec tambi\u00e9n produce piezas de cabezales de procesadoras personalizadas como rodillos de alimentaci\u00f3n, cuchillos de desrame, ruedas de medici\u00f3n, etc., de acuerdo con sus necesidades espec\u00edficas."},"_links":{"self":[{"href":"https:\/\/balmec.com\/es\/wp-json\/wp\/v2\/pages\/849","targetHints":{"allow":["GET"]}}],"collection":[{"href":"https:\/\/balmec.com\/es\/wp-json\/wp\/v2\/pages"}],"about":[{"href":"https:\/\/balmec.com\/es\/wp-json\/wp\/v2\/types\/page"}],"author":[{"embeddable":true,"href":"https:\/\/balmec.com\/es\/wp-json\/wp\/v2\/users\/1"}],"replies":[{"embeddable":true,"href":"https:\/\/balmec.com\/es\/wp-json\/wp\/v2\/comments?post=849"}],"version-history":[{"count":6,"href":"https:\/\/balmec.com\/es\/wp-json\/wp\/v2\/pages\/849\/revisions"}],"predecessor-version":[{"id":869,"href":"https:\/\/balmec.com\/es\/wp-json\/wp\/v2\/pages\/849\/revisions\/869"}],"wp:attachment":[{"href":"https:\/\/balmec.com\/es\/wp-json\/wp\/v2\/media?parent=849"}],"curies":[{"name":"wp","href":"https:\/\/api.w.org\/{rel}","templated":true}]}}