{"id":972,"date":"2019-02-05T18:04:28","date_gmt":"2019-02-05T18:04:28","guid":{"rendered":"https:\/\/balmec.com\/front-page\/"},"modified":"2021-01-05T04:16:05","modified_gmt":"2021-01-05T04:16:05","slug":"front-page","status":"publish","type":"page","link":"https:\/\/balmec.com\/de\/","title":{"rendered":"Front Page"},"content":{"rendered":"","protected":false},"excerpt":{"rendered":"","protected":false},"author":1,"featured_media":0,"parent":0,"menu_order":0,"comment_status":"closed","ping_status":"closed","template":"","meta":{"_acf_changed":false,"footnotes":""},"class_list":["post-972","page","type-page","status-publish","hentry"],"acf":{"hero_slogan":"Produktitiv\u00e4t. Innvoation. Qualit\u00e4t. \r\nMit unseren Produkten haben Sie all das.\r\n","lead":"<h3>Balmecs Produktpalette bietet Vorschubwalzen, Astmesser, Walzenarme, Hydraulikzylinder, Zahnstangen, Messr\u00e4der und viele weitere Teile f\u00fcr die g\u00e4ngigsten Forstmaschinen der Welt.<\/h3>\n<p>John Deere, Ponsse, Komatsu, Waratah, Rottne, Log Max etc.<\/p>\n<h3>Wir bieten L\u00f6sungen, die das beste Material mit moderner Technologie vereint.<\/h3>\n","products_info":"<h3>Wir erfinden das Walzenrad immer wieder neu. Warum tun wir das? Unsere Kunden treiben uns an, uns eine noch bessere Produktivit\u00e4t der Forstmaschinen vorzustellen.<\/h3>\n","products_info_list":[{"icon":"machine","content":"\u00dcber 400 einzigartige Produkte zur Auswahl"},{"icon":"steel","content":"Wir nutzen f\u00fcr Balmec ma\u00dfgeschneiderten Spezialstahl von SSAB"},{"icon":"hooks","content":"Produktivit\u00e4t steigern und Treibstoffverbrauch senken"},{"icon":"truck","content":"Ungeplante Ausf\u00e4lle reduzieren"}],"highlighted_products":[{"photo":{"ID":984,"id":984,"title":"SNAKE_WHEEL_BALMEC","filename":"SNAKE_WHEEL_BALMEC.jpg","filesize":286754,"url":"https:\/\/balmec.com\/wp-content\/uploads\/2019\/09\/SNAKE_WHEEL_BALMEC.jpg","link":"https:\/\/balmec.com\/de\/front-page\/snake_wheel_balmec\/","alt":"","author":"2","description":"","caption":"","name":"snake_wheel_balmec","status":"inherit","uploaded_to":972,"date":"2019-09-02 10:58:31","modified":"2019-09-02 10:58:31","menu_order":0,"mime_type":"image\/jpeg","type":"image","subtype":"jpeg","icon":"https:\/\/balmec.com\/wp-includes\/images\/media\/default.png","width":1000,"height":1000,"sizes":{"thumbnail":"https:\/\/balmec.com\/wp-content\/uploads\/2019\/09\/SNAKE_WHEEL_BALMEC-150x150.jpg","thumbnail-width":150,"thumbnail-height":150,"medium":"https:\/\/balmec.com\/wp-content\/uploads\/2019\/09\/SNAKE_WHEEL_BALMEC.jpg","medium-width":1000,"medium-height":1000,"medium_large":"https:\/\/balmec.com\/wp-content\/uploads\/2019\/09\/SNAKE_WHEEL_BALMEC-768x768.jpg","medium_large-width":768,"medium_large-height":768,"large":"https:\/\/balmec.com\/wp-content\/uploads\/2019\/09\/SNAKE_WHEEL_BALMEC.jpg","large-width":1000,"large-height":1000,"1536x1536":"https:\/\/balmec.com\/wp-content\/uploads\/2019\/09\/SNAKE_WHEEL_BALMEC.jpg","1536x1536-width":1000,"1536x1536-height":1000,"2048x2048":"https:\/\/balmec.com\/wp-content\/uploads\/2019\/09\/SNAKE_WHEEL_BALMEC.jpg","2048x2048-width":1000,"2048x2048-height":1000,"person-sm":"https:\/\/balmec.com\/wp-content\/uploads\/2019\/09\/SNAKE_WHEEL_BALMEC-300x300.jpg","person-sm-width":300,"person-sm-height":300,"blog-sm":"https:\/\/balmec.com\/wp-content\/uploads\/2019\/09\/SNAKE_WHEEL_BALMEC-500x500.jpg","blog-sm-width":500,"blog-sm-height":500}},"slogan":"EINMAL MESSEN, EINMAL SCHNEIDEN","title":"SC-Typ Messrad","info":"Erstklassige Pr\u00e4zision sogar bei loser Rinde!","link_to_product":"http:\/\/balmec.com\/products\/BM000990"},{"photo":{"ID":1277,"id":1277,"title":"Komatsu_C144_Roller_cover_BALMEC_2","filename":"Komatsu_C144_Roller_cover_BALMEC_2.jpg","filesize":179024,"url":"https:\/\/balmec.com\/wp-content\/uploads\/2021\/08\/Komatsu_C144_Roller_cover_BALMEC_2.jpg","link":"https:\/\/balmec.com\/de\/front-page\/komatsu_c144_roller_cover_balmec_2-2\/","alt":"","author":"2","description":"","caption":"","name":"komatsu_c144_roller_cover_balmec_2-2","status":"inherit","uploaded_to":972,"date":"2021-08-18 08:05:38","modified":"2021-08-18 08:05:38","menu_order":0,"mime_type":"image\/jpeg","type":"image","subtype":"jpeg","icon":"https:\/\/balmec.com\/wp-includes\/images\/media\/default.png","width":1000,"height":1000,"sizes":{"thumbnail":"https:\/\/balmec.com\/wp-content\/uploads\/2021\/08\/Komatsu_C144_Roller_cover_BALMEC_2-150x150.jpg","thumbnail-width":150,"thumbnail-height":150,"medium":"https:\/\/balmec.com\/wp-content\/uploads\/2021\/08\/Komatsu_C144_Roller_cover_BALMEC_2.jpg","medium-width":1000,"medium-height":1000,"medium_large":"https:\/\/balmec.com\/wp-content\/uploads\/2021\/08\/Komatsu_C144_Roller_cover_BALMEC_2-768x768.jpg","medium_large-width":768,"medium_large-height":768,"large":"https:\/\/balmec.com\/wp-content\/uploads\/2021\/08\/Komatsu_C144_Roller_cover_BALMEC_2.jpg","large-width":1000,"large-height":1000,"1536x1536":"https:\/\/balmec.com\/wp-content\/uploads\/2021\/08\/Komatsu_C144_Roller_cover_BALMEC_2.jpg","1536x1536-width":1000,"1536x1536-height":1000,"2048x2048":"https:\/\/balmec.com\/wp-content\/uploads\/2021\/08\/Komatsu_C144_Roller_cover_BALMEC_2.jpg","2048x2048-width":1000,"2048x2048-height":1000,"person-sm":"https:\/\/balmec.com\/wp-content\/uploads\/2021\/08\/Komatsu_C144_Roller_cover_BALMEC_2-300x300.jpg","person-sm-width":300,"person-sm-height":300,"blog-sm":"https:\/\/balmec.com\/wp-content\/uploads\/2021\/08\/Komatsu_C144_Roller_cover_BALMEC_2-500x500.jpg","blog-sm-width":500,"blog-sm-height":500}},"slogan":"ENTRINDEN MIT BALMEC","title":"Neue Produktlinie zum Entrinden von Eukalyptus","info":"Aktuelles\u00a0Modell\u00a0: 758HD Danfoss","link_to_product":"https:\/\/balmec.com\/products\/BM002065"}],"carousel":[{"background":false,"title":"","content":"<p>Voller Stolz pr\u00e4sentieren wir das Komplettset der geschwei\u00dften Astmesser f\u00fcr das Ponsse H7 Aggregat. Die Kombination mit dem besten leistungsstarken SSAB Stahl macht es sehr widerstandsf\u00e4hig und langlebig.<\/p>\n<p>Die kompromisslose Balmec-Qualit\u00e4t garantieren wir mit einem Jahr Gew\u00e4hrleistung bei unbegrenzter Stundenzahl.<\/p>\n","more_info_text":"","more_info_url":""}],"products_ssab_info":"<p>Die bestehende Partnerschaft mit SSAB und unser Ingenieurteam beschritten mit uns die n\u00e4chste Stufe von Ersatzteilen. Genau deshalb k\u00f6nnen wir Ihnen die besten Gew\u00e4hrleistungsbedingungen auf dem Markt anbieten.<\/p>\n","warranty_image":{"ID":992,"id":992,"title":"warranty-eng","filename":"warranty-eng.png","filesize":51821,"url":"https:\/\/balmec.com\/wp-content\/uploads\/2020\/08\/warranty-eng.png","link":"https:\/\/balmec.com\/de\/front-page\/warranty-eng\/","alt":"","author":"1","description":"","caption":"","name":"warranty-eng","status":"inherit","uploaded_to":972,"date":"2020-08-18 07:25:51","modified":"2020-08-18 07:25:51","menu_order":0,"mime_type":"image\/png","type":"image","subtype":"png","icon":"https:\/\/balmec.com\/wp-includes\/images\/media\/default.png","width":720,"height":243,"sizes":{"thumbnail":"https:\/\/balmec.com\/wp-content\/uploads\/2020\/08\/warranty-eng-150x150.png","thumbnail-width":150,"thumbnail-height":150,"medium":"https:\/\/balmec.com\/wp-content\/uploads\/2020\/08\/warranty-eng.png","medium-width":720,"medium-height":243,"medium_large":"https:\/\/balmec.com\/wp-content\/uploads\/2020\/08\/warranty-eng.png","medium_large-width":720,"medium_large-height":243,"large":"https:\/\/balmec.com\/wp-content\/uploads\/2020\/08\/warranty-eng.png","large-width":720,"large-height":243,"1536x1536":"https:\/\/balmec.com\/wp-content\/uploads\/2020\/08\/warranty-eng.png","1536x1536-width":720,"1536x1536-height":243,"2048x2048":"https:\/\/balmec.com\/wp-content\/uploads\/2020\/08\/warranty-eng.png","2048x2048-width":720,"2048x2048-height":243,"person-sm":"https:\/\/balmec.com\/wp-content\/uploads\/2020\/08\/warranty-eng-300x243.png","person-sm-width":300,"person-sm-height":243,"blog-sm":"https:\/\/balmec.com\/wp-content\/uploads\/2020\/08\/warranty-eng-500x169.png","blog-sm-width":500,"blog-sm-height":169}},"poster":{"ID":989,"id":989,"title":"loading","filename":"loading.jpg","filesize":970693,"url":"https:\/\/balmec.com\/wp-content\/uploads\/2020\/01\/loading.jpg","link":"https:\/\/balmec.com\/de\/front-page\/loading\/","alt":"","author":"1","description":"","caption":"","name":"loading","status":"inherit","uploaded_to":972,"date":"2020-01-02 15:34:39","modified":"2020-01-02 15:34:39","menu_order":0,"mime_type":"image\/jpeg","type":"image","subtype":"jpeg","icon":"https:\/\/balmec.com\/wp-includes\/images\/media\/default.png","width":1920,"height":1080,"sizes":{"thumbnail":"https:\/\/balmec.com\/wp-content\/uploads\/2020\/01\/loading-150x150.jpg","thumbnail-width":150,"thumbnail-height":150,"medium":"https:\/\/balmec.com\/wp-content\/uploads\/2020\/01\/loading-1024x576.jpg","medium-width":1024,"medium-height":576,"medium_large":"https:\/\/balmec.com\/wp-content\/uploads\/2020\/01\/loading-768x432.jpg","medium_large-width":768,"medium_large-height":432,"large":"https:\/\/balmec.com\/wp-content\/uploads\/2020\/01\/loading-1920x1080.jpg","large-width":1920,"large-height":1080,"1536x1536":"https:\/\/balmec.com\/wp-content\/uploads\/2020\/01\/loading.jpg","1536x1536-width":1536,"1536x1536-height":864,"2048x2048":"https:\/\/balmec.com\/wp-content\/uploads\/2020\/01\/loading.jpg","2048x2048-width":1920,"2048x2048-height":1080,"person-sm":"https:\/\/balmec.com\/wp-content\/uploads\/2020\/01\/loading-300x300.jpg","person-sm-width":300,"person-sm-height":300,"blog-sm":"https:\/\/balmec.com\/wp-content\/uploads\/2020\/01\/loading-500x281.jpg","blog-sm-width":500,"blog-sm-height":281}},"hero_video":"https:\/\/balmec.com\/wp-content\/uploads\/2022\/01\/2018.12.19_Balmec_Forest_Header_2.mp4","hero_video_mobile":"https:\/\/balmec.com\/wp-content\/uploads\/2022\/01\/2018.12.19_Balmec_Forest_Header_port_v2.mp4","selected_feedback":[{"ID":1086,"post_author":"1","post_date":"2019-02-06 22:08:24","post_date_gmt":"2019-02-06 22:08:24","post_content":"","post_title":"Flip Santos","post_excerpt":"","post_status":"publish","comment_status":"closed","ping_status":"closed","post_password":"","post_name":"firstname-lastname","to_ping":"","pinged":"","post_modified":"2020-10-22 10:42:32","post_modified_gmt":"2020-10-22 10:42:32","post_content_filtered":"","post_parent":0,"guid":"https:\/\/balmec.com\/feedback\/firstname-lastname\/","menu_order":0,"post_type":"feedback","post_mime_type":"","comment_count":"0","filter":"raw"},{"ID":1083,"post_author":"2","post_date":"2020-02-06 12:11:23","post_date_gmt":"2020-02-06 12:11:23","post_content":"","post_title":"Peter Williamson Jnr.","post_excerpt":"","post_status":"publish","comment_status":"closed","ping_status":"closed","post_password":"","post_name":"486","to_ping":"","pinged":"","post_modified":"2020-10-22 10:41:20","post_modified_gmt":"2020-10-22 10:41:20","post_content_filtered":"","post_parent":0,"guid":"https:\/\/balmec.com\/?post_type=feedback&#038;p=1083","menu_order":0,"post_type":"feedback","post_mime_type":"","comment_count":"0","filter":"raw"},{"ID":1225,"post_author":"2","post_date":"2021-07-22 08:37:57","post_date_gmt":"2021-07-22 08:37:57","post_content":"","post_title":"Neil Mckune","post_excerpt":"","post_status":"publish","comment_status":"closed","ping_status":"closed","post_password":"","post_name":"neil-mckune","to_ping":"","pinged":"","post_modified":"2021-08-25 08:43:00","post_modified_gmt":"2021-08-25 08:43:00","post_content_filtered":"","post_parent":0,"guid":"https:\/\/balmec.com\/?post_type=feedback&#038;p=1225","menu_order":0,"post_type":"feedback","post_mime_type":"","comment_count":"0","filter":"raw"},{"ID":1240,"post_author":"2","post_date":"2021-08-05 08:32:27","post_date_gmt":"2021-08-05 08:32:27","post_content":"","post_title":"Joe Mcknight","post_excerpt":"","post_status":"publish","comment_status":"closed","ping_status":"closed","post_password":"","post_name":"joe-mcknight","to_ping":"","pinged":"","post_modified":"2021-08-05 08:32:27","post_modified_gmt":"2021-08-05 08:32:27","post_content_filtered":"","post_parent":0,"guid":"https:\/\/balmec.com\/?post_type=feedback&#038;p=1240","menu_order":0,"post_type":"feedback","post_mime_type":"","comment_count":"0","filter":"raw"}]},"_links":{"self":[{"href":"https:\/\/balmec.com\/de\/wp-json\/wp\/v2\/pages\/972","targetHints":{"allow":["GET"]}}],"collection":[{"href":"https:\/\/balmec.com\/de\/wp-json\/wp\/v2\/pages"}],"about":[{"href":"https:\/\/balmec.com\/de\/wp-json\/wp\/v2\/types\/page"}],"author":[{"embeddable":true,"href":"https:\/\/balmec.com\/de\/wp-json\/wp\/v2\/users\/1"}],"replies":[{"embeddable":true,"href":"https:\/\/balmec.com\/de\/wp-json\/wp\/v2\/comments?post=972"}],"version-history":[{"count":20,"href":"https:\/\/balmec.com\/de\/wp-json\/wp\/v2\/pages\/972\/revisions"}],"predecessor-version":[{"id":1131,"href":"https:\/\/balmec.com\/de\/wp-json\/wp\/v2\/pages\/972\/revisions\/1131"}],"wp:attachment":[{"href":"https:\/\/balmec.com\/de\/wp-json\/wp\/v2\/media?parent=972"}],"curies":[{"name":"wp","href":"https:\/\/api.w.org\/{rel}","templated":true}]}}