{"id":1004,"date":"2019-02-20T13:34:47","date_gmt":"2019-02-20T13:34:47","guid":{"rendered":"https:\/\/balmec.com\/about\/"},"modified":"2020-10-21T11:57:16","modified_gmt":"2020-10-21T11:57:16","slug":"about","status":"publish","type":"page","link":"https:\/\/balmec.com\/de\/about\/","title":{"rendered":"\u00dcber uns"},"content":{"rendered":"\n<h3 class=\"wp-block-heading\">Balmec ist Hersteller von Vorschubwalzen, Astmesser, Walzenarmen, Hydraulikzylindern, Zahnstangen, Messr\u00e4dern und vielen weiteren Ersatzteilen.<\/h3>\n\n\n\n<p>Wir bieten verschiedene L\u00f6sungen&nbsp; f\u00fcr die g\u00e4ngigsten Aggregate der Welt (John Deere, Ponsse, Komatsu, Waratah, Rottne, SP, Log Max, Kesla, etc).<\/p>\n\n\n\n<p>Wir verwenden nur Spitzen Qualit\u00e4tsstahl, sodass unsere Ersatzteile l\u00e4nger halten und die Produktivit\u00e4t Ihrer Maschine steigt.<\/p>\n","protected":false},"excerpt":{"rendered":"<p>Balmec ist Hersteller von Vorschubwalzen, Astmesser, Walzenarmen, Hydraulikzylindern, Zahnstangen, Messr\u00e4dern und vielen weiteren Ersatzteilen. Wir bieten verschiedene L\u00f6sungen&nbsp; f\u00fcr die g\u00e4ngigsten Aggregate der Welt (John Deere, Ponsse, Komatsu, Waratah, Rottne, SP, Log Max, Kesla, etc). Wir verwenden nur Spitzen Qualit\u00e4tsstahl, sodass unsere Ersatzteile l\u00e4nger halten und die Produktivit\u00e4t Ihrer Maschine steigt.<\/p>\n","protected":false},"author":1,"featured_media":0,"parent":0,"menu_order":0,"comment_status":"closed","ping_status":"closed","template":"template-about.php","meta":{"_acf_changed":false,"footnotes":""},"class_list":["post-1004","page","type-page","status-publish","hentry"],"acf":{"timeline":[{"year":"2007","photo":{"ID":1005,"id":1005,"title":"pilt1","filename":"pilt1.jpg","filesize":342496,"url":"https:\/\/balmec.com\/wp-content\/uploads\/2019\/04\/pilt1.jpg","link":"https:\/\/balmec.com\/de\/about\/pilt1-2\/","alt":"","author":"2","description":"","caption":"","name":"pilt1-2","status":"inherit","uploaded_to":1004,"date":"2019-04-16 07:52:58","modified":"2019-04-16 07:52:58","menu_order":0,"mime_type":"image\/jpeg","type":"image","subtype":"jpeg","icon":"https:\/\/balmec.com\/wp-includes\/images\/media\/default.png","width":640,"height":480,"sizes":{"thumbnail":"https:\/\/balmec.com\/wp-content\/uploads\/2019\/04\/pilt1-150x150.jpg","thumbnail-width":150,"thumbnail-height":150,"medium":"https:\/\/balmec.com\/wp-content\/uploads\/2019\/04\/pilt1.jpg","medium-width":640,"medium-height":480,"medium_large":"https:\/\/balmec.com\/wp-content\/uploads\/2019\/04\/pilt1.jpg","medium_large-width":640,"medium_large-height":480,"large":"https:\/\/balmec.com\/wp-content\/uploads\/2019\/04\/pilt1.jpg","large-width":640,"large-height":480,"1536x1536":"https:\/\/balmec.com\/wp-content\/uploads\/2019\/04\/pilt1.jpg","1536x1536-width":640,"1536x1536-height":480,"2048x2048":"https:\/\/balmec.com\/wp-content\/uploads\/2019\/04\/pilt1.jpg","2048x2048-width":640,"2048x2048-height":480,"person-sm":"https:\/\/balmec.com\/wp-content\/uploads\/2019\/04\/pilt1-300x300.jpg","person-sm-width":300,"person-sm-height":300,"blog-sm":"https:\/\/balmec.com\/wp-content\/uploads\/2019\/04\/pilt1-500x375.jpg","blog-sm-width":500,"blog-sm-height":375}},"photo_description":"Einer der Gr\u00fcnder der Metsavennad Gruppe und sp\u00e4ter Balmec, Siim Soom\u00e4gi.","content":"<p>Die Firma namens Metsavennad Grupp wird registriert. Ziel ist es, Forstmaschinenfahrern Service und grundlegende Unterst\u00fctzung f\u00fcr Harvester anzubieten, bspw. Ketten sch\u00e4rfen, Schl\u00e4uche warten, Reparationsschwei\u00dfen etc.<\/p>\n"},{"year":"2008","photo":{"ID":1013,"id":1013,"title":"Balmec_Old_Feed_Rollers","filename":"Balmec_Old_Feed_Rollers.png","filesize":669647,"url":"https:\/\/balmec.com\/wp-content\/uploads\/2019\/04\/Balmec_Old_Feed_Rollers.png","link":"https:\/\/balmec.com\/de\/about\/balmec_old_feed_rollers\/","alt":"","author":"2","description":"","caption":"","name":"balmec_old_feed_rollers","status":"inherit","uploaded_to":1004,"date":"2019-04-16 08:17:06","modified":"2019-04-16 08:17:06","menu_order":0,"mime_type":"image\/png","type":"image","subtype":"png","icon":"https:\/\/balmec.com\/wp-includes\/images\/media\/default.png","width":553,"height":641,"sizes":{"thumbnail":"https:\/\/balmec.com\/wp-content\/uploads\/2019\/04\/Balmec_Old_Feed_Rollers-150x150.png","thumbnail-width":150,"thumbnail-height":150,"medium":"https:\/\/balmec.com\/wp-content\/uploads\/2019\/04\/Balmec_Old_Feed_Rollers.png","medium-width":553,"medium-height":641,"medium_large":"https:\/\/balmec.com\/wp-content\/uploads\/2019\/04\/Balmec_Old_Feed_Rollers.png","medium_large-width":553,"medium_large-height":641,"large":"https:\/\/balmec.com\/wp-content\/uploads\/2019\/04\/Balmec_Old_Feed_Rollers.png","large-width":553,"large-height":641,"1536x1536":"https:\/\/balmec.com\/wp-content\/uploads\/2019\/04\/Balmec_Old_Feed_Rollers.png","1536x1536-width":553,"1536x1536-height":641,"2048x2048":"https:\/\/balmec.com\/wp-content\/uploads\/2019\/04\/Balmec_Old_Feed_Rollers.png","2048x2048-width":553,"2048x2048-height":641,"person-sm":"https:\/\/balmec.com\/wp-content\/uploads\/2019\/04\/Balmec_Old_Feed_Rollers-300x300.png","person-sm-width":300,"person-sm-height":300,"blog-sm":"https:\/\/balmec.com\/wp-content\/uploads\/2019\/04\/Balmec_Old_Feed_Rollers-431x500.png","blog-sm-width":431,"blog-sm-height":500}},"photo_description":"Die allerersten Balmec Vorschubwalzen, die hergestellt wurden \u2013 so sahen sie nach 13 000 Betriebsstunden aus","content":"<p>2008 produzierten wir die ersten Vorschubwalzen. Diese wurden uns gl\u00fccklicher Weise von unserem guten Kunden nach ungef\u00e4hr 13000 Betriebsstunden zur Verf\u00fcgung gestellt. Wir vereinbarten, dass er ein neues Paar f\u00fcr sein John Deere 745 Aggregat erh\u00e4lt, wenn er zu uns zur\u00fcck kommt.<\/p>\n<p>Die ersten Exporte gehen nach Polen und Schweden, wo die ersten Balmec Vertriebspartnerschaften mit Saltus Serwis S.C. und Stigs Maskin AB beginnen.<\/p>\n"},{"year":"2010","photo":{"ID":1010,"id":1010,"title":"Balmec_logo_old","filename":"Balmec_logo_old.png","filesize":82994,"url":"https:\/\/balmec.com\/wp-content\/uploads\/2019\/04\/Balmec_logo_old.png","link":"https:\/\/balmec.com\/de\/about\/balmec_logo_old\/","alt":"","author":"2","description":"","caption":"","name":"balmec_logo_old","status":"inherit","uploaded_to":1004,"date":"2019-04-16 08:10:15","modified":"2019-04-16 08:10:15","menu_order":0,"mime_type":"image\/png","type":"image","subtype":"png","icon":"https:\/\/balmec.com\/wp-includes\/images\/media\/default.png","width":999,"height":565,"sizes":{"thumbnail":"https:\/\/balmec.com\/wp-content\/uploads\/2019\/04\/Balmec_logo_old-150x150.png","thumbnail-width":150,"thumbnail-height":150,"medium":"https:\/\/balmec.com\/wp-content\/uploads\/2019\/04\/Balmec_logo_old.png","medium-width":999,"medium-height":565,"medium_large":"https:\/\/balmec.com\/wp-content\/uploads\/2019\/04\/Balmec_logo_old-768x434.png","medium_large-width":768,"medium_large-height":434,"large":"https:\/\/balmec.com\/wp-content\/uploads\/2019\/04\/Balmec_logo_old.png","large-width":999,"large-height":565,"1536x1536":"https:\/\/balmec.com\/wp-content\/uploads\/2019\/04\/Balmec_logo_old.png","1536x1536-width":999,"1536x1536-height":565,"2048x2048":"https:\/\/balmec.com\/wp-content\/uploads\/2019\/04\/Balmec_logo_old.png","2048x2048-width":999,"2048x2048-height":565,"person-sm":"https:\/\/balmec.com\/wp-content\/uploads\/2019\/04\/Balmec_logo_old-300x300.png","person-sm-width":300,"person-sm-height":300,"blog-sm":"https:\/\/balmec.com\/wp-content\/uploads\/2019\/04\/Balmec_logo_old-500x283.png","blog-sm-width":500,"blog-sm-height":283}},"photo_description":"So sah damals im Jahre 2010 unser allererstes Logo aus","content":"<p>Eine brandneue Firma namens Balmec Forst O\u00dc und die Handelsmarke \u201cBalmec\u201d werden eingetragen. Das Ziel ist es, unser eigenes Verk\u00e4ufernetzwerk zu errichten, sodass weitere Kunden unsere Produkte so schnell wie m\u00f6glich erhalten.<\/p>\n<p>Exportverkauf startet in Lettland und Litauen.<\/p>\n"},{"year":"2011","photo":{"ID":1012,"id":1012,"title":"John_Deere_Harvester_Balmec","filename":"John_Deere_Harvester_Balmec.png","filesize":882280,"url":"https:\/\/balmec.com\/wp-content\/uploads\/2019\/04\/John_Deere_Harvester_Balmec.png","link":"https:\/\/balmec.com\/de\/about\/john_deere_harvester_balmec\/","alt":"","author":"2","description":"","caption":"","name":"john_deere_harvester_balmec","status":"inherit","uploaded_to":1004,"date":"2019-04-16 08:14:08","modified":"2019-04-16 08:14:08","menu_order":0,"mime_type":"image\/png","type":"image","subtype":"png","icon":"https:\/\/balmec.com\/wp-includes\/images\/media\/default.png","width":567,"height":582,"sizes":{"thumbnail":"https:\/\/balmec.com\/wp-content\/uploads\/2019\/04\/John_Deere_Harvester_Balmec-150x150.png","thumbnail-width":150,"thumbnail-height":150,"medium":"https:\/\/balmec.com\/wp-content\/uploads\/2019\/04\/John_Deere_Harvester_Balmec.png","medium-width":567,"medium-height":582,"medium_large":"https:\/\/balmec.com\/wp-content\/uploads\/2019\/04\/John_Deere_Harvester_Balmec.png","medium_large-width":567,"medium_large-height":582,"large":"https:\/\/balmec.com\/wp-content\/uploads\/2019\/04\/John_Deere_Harvester_Balmec.png","large-width":567,"large-height":582,"1536x1536":"https:\/\/balmec.com\/wp-content\/uploads\/2019\/04\/John_Deere_Harvester_Balmec.png","1536x1536-width":567,"1536x1536-height":582,"2048x2048":"https:\/\/balmec.com\/wp-content\/uploads\/2019\/04\/John_Deere_Harvester_Balmec.png","2048x2048-width":567,"2048x2048-height":582,"person-sm":"https:\/\/balmec.com\/wp-content\/uploads\/2019\/04\/John_Deere_Harvester_Balmec-300x300.png","person-sm-width":300,"person-sm-height":300,"blog-sm":"https:\/\/balmec.com\/wp-content\/uploads\/2019\/04\/John_Deere_Harvester_Balmec-487x500.png","blog-sm-width":487,"blog-sm-height":500}},"photo_description":"","content":"<p>Dank der engen Zusammenarbeit mit unserem Hauptstahllieferanten SSAB f\u00fchrt zu Balmecs ersten Astmessern. Sie werden f\u00fcr das John Deere 758HD Aggregat hergestellt und dank verschiedener Verbesserungen in der Konstruktion sehen wir diese manchmal noch heute laufen (nach \u201cwer-wei\u00df-wie-vielen-Betriebsstunden\u201d).<\/p>\n<p>John Deere Forestry nimmt all unsere Produkte in ihr Einzelhandelsnetzwerk quer durch Europa auf. Die erste Verk\u00e4ufe gehen auch nach Russland und Brasilien.<\/p>\n"},{"year":"2014","photo":{"ID":1014,"id":1014,"title":"pilt 5","filename":"pilt-5.jpg","filesize":520438,"url":"https:\/\/balmec.com\/wp-content\/uploads\/2019\/04\/pilt-5.jpg","link":"https:\/\/balmec.com\/de\/about\/pilt-5\/","alt":"","author":"2","description":"","caption":"","name":"pilt-5","status":"inherit","uploaded_to":1004,"date":"2019-04-16 08:19:32","modified":"2019-04-16 08:19:32","menu_order":0,"mime_type":"image\/jpeg","type":"image","subtype":"jpeg","icon":"https:\/\/balmec.com\/wp-includes\/images\/media\/default.png","width":1133,"height":565,"sizes":{"thumbnail":"https:\/\/balmec.com\/wp-content\/uploads\/2019\/04\/pilt-5-150x150.jpg","thumbnail-width":150,"thumbnail-height":150,"medium":"https:\/\/balmec.com\/wp-content\/uploads\/2019\/04\/pilt-5-1024x511.jpg","medium-width":1024,"medium-height":511,"medium_large":"https:\/\/balmec.com\/wp-content\/uploads\/2019\/04\/pilt-5-768x383.jpg","medium_large-width":768,"medium_large-height":383,"large":"https:\/\/balmec.com\/wp-content\/uploads\/2019\/04\/pilt-5.jpg","large-width":1133,"large-height":565,"1536x1536":"https:\/\/balmec.com\/wp-content\/uploads\/2019\/04\/pilt-5.jpg","1536x1536-width":1133,"1536x1536-height":565,"2048x2048":"https:\/\/balmec.com\/wp-content\/uploads\/2019\/04\/pilt-5.jpg","2048x2048-width":1133,"2048x2048-height":565,"person-sm":"https:\/\/balmec.com\/wp-content\/uploads\/2019\/04\/pilt-5-300x300.jpg","person-sm-width":300,"person-sm-height":300,"blog-sm":"https:\/\/balmec.com\/wp-content\/uploads\/2019\/04\/pilt-5-500x249.jpg","blog-sm-width":500,"blog-sm-height":249}},"photo_description":"Himmelsblick zum Fabrikhauptgeb\u00e4ude im Jahr 2014, kurz nachdem die gesamte Produktion in ein kleines Dorf namens Tootsi, ungef\u00e4hr 30km au\u00dferhalb von P\u00e4rnu, gezogen ist","content":"<p>Balmec kauft einen Teil einer alten Torffabrik aus dem Jahre 1938. Die gesamte Produktion und Maschinerie zieht von zwei Mietobjekten nach P\u00e4rnu, in ein kleines Dorf namens Tootsi, 30km au\u00dferhalb der Stadt. Nachdem das Geb\u00e4ude wirklich alt ist, m\u00fcssen Renovierungsarbeiten gemacht werden. Bis heute\u00a0 eine Herausforderung, denn wir wollen immer etwas in der Fabrik verbessern.<\/p>\n<p>Erster Vertriebspartner in \u00d6sterreich.<\/p>\n"},{"year":"2015","photo":{"ID":1018,"id":1018,"title":"Balmec_CNC","filename":"Balmec_CNC.jpg","filesize":2803687,"url":"https:\/\/balmec.com\/wp-content\/uploads\/2019\/04\/Balmec_CNC.jpg","link":"https:\/\/balmec.com\/de\/about\/balmec_cnc\/","alt":"","author":"2","description":"","caption":"","name":"balmec_cnc","status":"inherit","uploaded_to":1004,"date":"2019-04-23 08:41:31","modified":"2019-04-23 08:41:31","menu_order":0,"mime_type":"image\/jpeg","type":"image","subtype":"jpeg","icon":"https:\/\/balmec.com\/wp-includes\/images\/media\/default.png","width":3556,"height":2667,"sizes":{"thumbnail":"https:\/\/balmec.com\/wp-content\/uploads\/2019\/04\/Balmec_CNC-150x150.jpg","thumbnail-width":150,"thumbnail-height":150,"medium":"https:\/\/balmec.com\/wp-content\/uploads\/2019\/04\/Balmec_CNC-1024x768.jpg","medium-width":1024,"medium-height":768,"medium_large":"https:\/\/balmec.com\/wp-content\/uploads\/2019\/04\/Balmec_CNC-768x576.jpg","medium_large-width":768,"medium_large-height":576,"large":"https:\/\/balmec.com\/wp-content\/uploads\/2019\/04\/Balmec_CNC-1920x1440.jpg","large-width":1920,"large-height":1440,"1536x1536":"https:\/\/balmec.com\/wp-content\/uploads\/2019\/04\/Balmec_CNC.jpg","1536x1536-width":1536,"1536x1536-height":1152,"2048x2048":"https:\/\/balmec.com\/wp-content\/uploads\/2019\/04\/Balmec_CNC.jpg","2048x2048-width":2048,"2048x2048-height":1536,"person-sm":"https:\/\/balmec.com\/wp-content\/uploads\/2019\/04\/Balmec_CNC-300x300.jpg","person-sm-width":300,"person-sm-height":300,"blog-sm":"https:\/\/balmec.com\/wp-content\/uploads\/2019\/04\/Balmec_CNC-500x375.jpg","blog-sm-width":500,"blog-sm-height":375}},"photo_description":"","content":"<p>Dank stetiger Investitionen in moderne CNC-Anlagen werden neue Produktlinien eingef\u00fchrt: Walzenarme, verschiedene Astmesser, Kettenf\u00e4nger und weitere. Im Herbst brachten wir eine ganze Serie von Kettenzubeh\u00f6r auf den Markt \u2013 einige sind noch heute Verkaufsschlager.<\/p>\n"},{"year":"2016","photo":{"ID":1019,"id":1019,"title":"Balmec SC measuring wheel for John Deere H480C","filename":"Balmec-SC-measuring-wheel-for-John-Deere-H480C.jpg","filesize":793608,"url":"https:\/\/balmec.com\/wp-content\/uploads\/2019\/09\/Balmec-SC-measuring-wheel-for-John-Deere-H480C.jpg","link":"https:\/\/balmec.com\/de\/about\/balmec-sc-measuring-wheel-for-john-deere-h480c\/","alt":"","author":"2","description":"Balmec SC measuring wheel for John Deere H480C","caption":"Balmec SC measuring wheel for John Deere H480C","name":"balmec-sc-measuring-wheel-for-john-deere-h480c","status":"inherit","uploaded_to":1004,"date":"2019-09-07 17:14:41","modified":"2019-09-07 17:14:41","menu_order":0,"mime_type":"image\/jpeg","type":"image","subtype":"jpeg","icon":"https:\/\/balmec.com\/wp-includes\/images\/media\/default.png","width":1536,"height":2048,"sizes":{"thumbnail":"https:\/\/balmec.com\/wp-content\/uploads\/2019\/09\/Balmec-SC-measuring-wheel-for-John-Deere-H480C-150x150.jpg","thumbnail-width":150,"thumbnail-height":150,"medium":"https:\/\/balmec.com\/wp-content\/uploads\/2019\/09\/Balmec-SC-measuring-wheel-for-John-Deere-H480C-768x1024.jpg","medium-width":768,"medium-height":1024,"medium_large":"https:\/\/balmec.com\/wp-content\/uploads\/2019\/09\/Balmec-SC-measuring-wheel-for-John-Deere-H480C-768x1024.jpg","medium_large-width":768,"medium_large-height":1024,"large":"https:\/\/balmec.com\/wp-content\/uploads\/2019\/09\/Balmec-SC-measuring-wheel-for-John-Deere-H480C-1440x1920.jpg","large-width":1440,"large-height":1920,"1536x1536":"https:\/\/balmec.com\/wp-content\/uploads\/2019\/09\/Balmec-SC-measuring-wheel-for-John-Deere-H480C.jpg","1536x1536-width":1152,"1536x1536-height":1536,"2048x2048":"https:\/\/balmec.com\/wp-content\/uploads\/2019\/09\/Balmec-SC-measuring-wheel-for-John-Deere-H480C.jpg","2048x2048-width":1536,"2048x2048-height":2048,"person-sm":"https:\/\/balmec.com\/wp-content\/uploads\/2019\/09\/Balmec-SC-measuring-wheel-for-John-Deere-H480C-300x300.jpg","person-sm-width":300,"person-sm-height":300,"blog-sm":"https:\/\/balmec.com\/wp-content\/uploads\/2019\/09\/Balmec-SC-measuring-wheel-for-John-Deere-H480C-375x500.jpg","blog-sm-width":375,"blog-sm-height":500}},"photo_description":"Balmec SC-Typ L\u00e4ngenmessrad f\u00fcr das John Deere H480C Aggregat. Ein heute g\u00e4ngiges Bild in verschiedenen Aggregaten","content":"<p>Nach unz\u00e4hlbaren Profiltests geht das Balmec SC-type L\u00e4ngenmessrad in Serie. Die Modellreihe past auf alle g\u00e4ngigen Aggregate und wird monatlich aktualisiert. Es ist das erste Messrad, das auch mit loser Rinde umgehen kann ohne das gleiche Holzst\u00fcck mehrmals zu messe. So einfach kann Produktivit\u00e4tssteigerung sein.<\/p>\n"},{"year":"2018","photo":{"ID":1016,"id":1016,"title":"pilt 7","filename":"pilt-7.jpg","filesize":4911917,"url":"https:\/\/balmec.com\/wp-content\/uploads\/2019\/04\/pilt-7.jpg","link":"https:\/\/balmec.com\/de\/about\/pilt-7\/","alt":"","author":"2","description":"","caption":"","name":"pilt-7","status":"inherit","uploaded_to":1004,"date":"2019-04-16 08:26:12","modified":"2019-04-16 08:26:12","menu_order":0,"mime_type":"image\/jpeg","type":"image","subtype":"jpeg","icon":"https:\/\/balmec.com\/wp-includes\/images\/media\/default.png","width":4937,"height":3291,"sizes":{"thumbnail":"https:\/\/balmec.com\/wp-content\/uploads\/2019\/04\/pilt-7-150x150.jpg","thumbnail-width":150,"thumbnail-height":150,"medium":"https:\/\/balmec.com\/wp-content\/uploads\/2019\/04\/pilt-7-1024x683.jpg","medium-width":1024,"medium-height":683,"medium_large":"https:\/\/balmec.com\/wp-content\/uploads\/2019\/04\/pilt-7-768x512.jpg","medium_large-width":768,"medium_large-height":512,"large":"https:\/\/balmec.com\/wp-content\/uploads\/2019\/04\/pilt-7-1920x1280.jpg","large-width":1920,"large-height":1280,"1536x1536":"https:\/\/balmec.com\/wp-content\/uploads\/2019\/04\/pilt-7.jpg","1536x1536-width":1536,"1536x1536-height":1024,"2048x2048":"https:\/\/balmec.com\/wp-content\/uploads\/2019\/04\/pilt-7.jpg","2048x2048-width":2048,"2048x2048-height":1365,"person-sm":"https:\/\/balmec.com\/wp-content\/uploads\/2019\/04\/pilt-7-300x300.jpg","person-sm-width":300,"person-sm-height":300,"blog-sm":"https:\/\/balmec.com\/wp-content\/uploads\/2019\/04\/pilt-7-500x333.jpg","blog-sm-width":500,"blog-sm-height":333}},"photo_description":"","content":"<p>Balmec produziert Vorschubwalze Nummer 10 000 f\u00fcr eine Auftragsreihe f\u00fcr das Log Max 6000 Aggregat. Die Walze wurde wenige Wochen sp\u00e4ter nach Kanada verschifft.<\/p>\n"},{"year":"2019","photo":{"ID":1020,"id":1020,"title":"Balmec eucalyptus feed rollers for John Deere 758HD 1","filename":"Balmec-eucalyptus-feed-rollers-for-John-Deere-758HD-1-e1568725754891.jpeg","filesize":31099,"url":"https:\/\/balmec.com\/wp-content\/uploads\/2019\/09\/Balmec-eucalyptus-feed-rollers-for-John-Deere-758HD-1-e1568725754891.jpeg","link":"https:\/\/balmec.com\/de\/about\/balmec-eucalyptus-feed-rollers-for-john-deere-758hd-1\/","alt":"","author":"2","description":"","caption":"","name":"balmec-eucalyptus-feed-rollers-for-john-deere-758hd-1","status":"inherit","uploaded_to":1004,"date":"2019-09-07 18:07:15","modified":"2019-09-07 18:07:15","menu_order":0,"mime_type":"image\/jpeg","type":"image","subtype":"jpeg","icon":"https:\/\/balmec.com\/wp-includes\/images\/media\/default.png","width":300,"height":400,"sizes":{"thumbnail":"https:\/\/balmec.com\/wp-content\/uploads\/2019\/09\/Balmec-eucalyptus-feed-rollers-for-John-Deere-758HD-1-150x150.jpeg","thumbnail-width":150,"thumbnail-height":150,"medium":"https:\/\/balmec.com\/wp-content\/uploads\/2019\/09\/Balmec-eucalyptus-feed-rollers-for-John-Deere-758HD-1-768x1024.jpeg","medium-width":768,"medium-height":1024,"medium_large":"https:\/\/balmec.com\/wp-content\/uploads\/2019\/09\/Balmec-eucalyptus-feed-rollers-for-John-Deere-758HD-1-768x1024.jpeg","medium_large-width":768,"medium_large-height":1024,"large":"https:\/\/balmec.com\/wp-content\/uploads\/2019\/09\/Balmec-eucalyptus-feed-rollers-for-John-Deere-758HD-1-e1568725754891.jpeg","large-width":300,"large-height":400,"1536x1536":"https:\/\/balmec.com\/wp-content\/uploads\/2019\/09\/Balmec-eucalyptus-feed-rollers-for-John-Deere-758HD-1-e1568725754891.jpeg","1536x1536-width":300,"1536x1536-height":400,"2048x2048":"https:\/\/balmec.com\/wp-content\/uploads\/2019\/09\/Balmec-eucalyptus-feed-rollers-for-John-Deere-758HD-1-e1568725754891.jpeg","2048x2048-width":300,"2048x2048-height":400,"person-sm":"https:\/\/balmec.com\/wp-content\/uploads\/2019\/09\/Balmec-eucalyptus-feed-rollers-for-John-Deere-758HD-1-300x300.jpeg","person-sm-width":300,"person-sm-height":300,"blog-sm":"https:\/\/balmec.com\/wp-content\/uploads\/2019\/09\/Balmec-eucalyptus-feed-rollers-for-John-Deere-758HD-1-375x500.jpeg","blog-sm-width":375,"blog-sm-height":500}},"photo_description":"Balmec Entrindungsvorschubwalze an einem John Deere 758 Aggregat","content":"<p>Nach einer erfolgreichen Testperiode beginnt die Serienproduktion f\u00fcr die Eukalyptusentrindungswalzen. Die ersten Modelle werden f\u00fcr John Deere, Komatsu und Log Max Aggregate hergestellt, aber es werden weitere folgen.<\/p>\n"}],"secondary_intro":"Balmec stellt auch kundenspezifische Aggregatteile wie Vorschubwalzen, Astmesser, Messr\u00e4der usw. nach Ihren W\u00fcnschen her.\r\n"},"_links":{"self":[{"href":"https:\/\/balmec.com\/de\/wp-json\/wp\/v2\/pages\/1004","targetHints":{"allow":["GET"]}}],"collection":[{"href":"https:\/\/balmec.com\/de\/wp-json\/wp\/v2\/pages"}],"about":[{"href":"https:\/\/balmec.com\/de\/wp-json\/wp\/v2\/types\/page"}],"author":[{"embeddable":true,"href":"https:\/\/balmec.com\/de\/wp-json\/wp\/v2\/users\/1"}],"replies":[{"embeddable":true,"href":"https:\/\/balmec.com\/de\/wp-json\/wp\/v2\/comments?post=1004"}],"version-history":[{"count":13,"href":"https:\/\/balmec.com\/de\/wp-json\/wp\/v2\/pages\/1004\/revisions"}],"predecessor-version":[{"id":1032,"href":"https:\/\/balmec.com\/de\/wp-json\/wp\/v2\/pages\/1004\/revisions\/1032"}],"wp:attachment":[{"href":"https:\/\/balmec.com\/de\/wp-json\/wp\/v2\/media?parent=1004"}],"curies":[{"name":"wp","href":"https:\/\/api.w.org\/{rel}","templated":true}]}}